{"id":14532,"date":"2022-07-19T12:43:37","date_gmt":"2022-07-19T12:43:37","guid":{"rendered":"https:\/\/ampsite.demo.ly\/fr\/?page_id=14532"},"modified":"2022-11-02T10:12:02","modified_gmt":"2022-11-02T10:12:02","slug":"privacy-policy","status":"publish","type":"page","link":"https:\/\/almadinamisurata.ly\/fr\/privacy-policy\/","title":{"rendered":"Politique de confidentialit\u00e9"},"content":{"rendered":"<div>\n<p>Almadina Misurata Paints a cr\u00e9\u00e9 l&rsquo;application Almadina Misurata Paints en tant qu&rsquo;application gratuite. Ce SERVICE est fourni gratuitement par Almadina Misurata Paints et est destin\u00e9 \u00e0 \u00eatre utilis\u00e9 tel quel.<\/p>\n<p>Cette page est utilis\u00e9e pour informer les visiteurs de nos politiques en mati\u00e8re de collecte, d&rsquo;utilisation et de divulgation des informations personnelles si quelqu&rsquo;un d\u00e9cide d&rsquo;utiliser notre service.<\/p>\n<p>Si vous choisissez d&rsquo;utiliser notre service, vous acceptez la collecte et l&rsquo;utilisation d&rsquo;informations en relation avec cette politique. Les informations personnelles que nous collectons sont utilis\u00e9es pour fournir et am\u00e9liorer le service. Nous n&rsquo;utiliserons ni ne partagerons vos informations avec qui que ce soit, sauf de la mani\u00e8re d\u00e9crite dans la pr\u00e9sente politique de confidentialit\u00e9.<\/p>\n<\/div>\n<ul>\n<li>\n<h3>Information Collection and Use<\/h3>\n<div>\n<p class=\"el-title uk-margin-top uk-margin-remove-bottom\"><span style=\"font-size: 16px;\">For a better experience, while using our Service, we may require you to provide us with certain personally identifiable information. The information that we request will be retained by us and used as described in this privacy policy.<\/span><\/p>\n<\/div>\n<\/li>\n<li>\n<h3>1. Collecte d&rsquo;informations<\/h3>\n<p>We may collect the following kinds of information when you use the app:<\/p>\n<div>\n<p>Nous pouvons collecter les types d&rsquo;informations suivants lorsque vous utilisez l&rsquo;application\u00a0:<br \/>Informations que vous nous fournissez directement. Pour certaines activit\u00e9s, comme lorsque vous vous enregistrez ou passez une commande, nous pouvons collecter tout ou partie des types d&rsquo;informations suivants\u00a0:<\/p>\n<ul>\n<li>Coordonn\u00e9es, telles que votre nom complet, votre adresse e-mail, votre num\u00e9ro de t\u00e9l\u00e9phone et votre adresse<\/li>\n<li>Nom d&rsquo;utilisateur et mot de passe; et<\/li>\n<li>Toute autre information que vous nous fournissez.<\/li>\n<\/ul>\n<\/div>\n<\/li>\n<li>\n<div>\n<p>Nous pouvons combiner ces informations avec des informations que nous poss\u00e9dons d\u00e9j\u00e0 sur vous.<\/p>\n<p>Informations que nous collectons automatiquement. Nous pouvons collecter automatiquement certaines informations lorsque vous utilisez notre application, telles que votre adresse de protocole Internet (IP), votre appareil et vos identifiants publicitaires, votre syst\u00e8me d&rsquo;exploitation, votre fournisseur de services Internet, les pages que vous visitez avant et apr\u00e8s l&rsquo;utilisation de l&rsquo;application, la date et l&rsquo;heure. de votre visite, des informations sur les liens sur lesquels vous cliquez, les pages que vous consultez, la mani\u00e8re g\u00e9n\u00e9rale dont vous naviguez dans l&rsquo;application et d&rsquo;autres informations de journal de serveur standard. Nous pouvons \u00e9galement collecter certaines informations de localisation lorsque vous utilisez notre application, le signal GPS de votre appareil mobile.<\/p>\n<p>Nous et les tiers qui fournissent du contenu ou des fonctionnalit\u00e9s sur notre application pouvons utiliser des cookies, des pixels invisibles, des objets locaux partag\u00e9s et des technologies similaires pour collecter automatiquement ces informations.<\/p>\n<p>Nous pouvons \u00e9galement collecter des donn\u00e9es techniques pour traiter et r\u00e9soudre des probl\u00e8mes techniques et am\u00e9liorer notre application, y compris l&rsquo;\u00e9tat de la m\u00e9moire de votre appareil lorsqu&rsquo;un plantage du syst\u00e8me ou de l&rsquo;application se produit lors de l&rsquo;utilisation de notre application. Les param\u00e8tres de votre appareil peuvent vous permettre de contr\u00f4ler la collecte de ces donn\u00e9es techniques. Ces donn\u00e9es peuvent inclure des parties d&rsquo;un document que vous utilisiez lorsqu&rsquo;un probl\u00e8me est survenu ou le contenu de vos communications. En utilisant l&rsquo;application Almadina Misurata Paints, vous consentez \u00e0 la collecte de ces donn\u00e9es techniques.<\/p>\n<p>Nous pouvons \u00e9galement recevoir des informations vous concernant d&rsquo;autres sources, y compris par le biais de services et d&rsquo;organisations tiers. Par exemple, si vous acc\u00e9dez \u00e0 des services tiers, tels que Facebook ou Google, via l&rsquo;application pour vous connecter ou pour partager des informations sur votre exp\u00e9rience sur l&rsquo;application avec d&rsquo;autres, nous pouvons collecter des informations aupr\u00e8s de ces services tiers.<\/p>\n<\/div>\n<\/li>\n<li>\n<h3>2. Use of Information<\/h3>\n<p>Nous utilisons g\u00e9n\u00e9ralement les informations que nous recueillons en ligne pour  :<\/p>\n<div>\n<ul>\n<li>Fournir et am\u00e9liorer l&rsquo;application\u00a0;<\/li>\n<li>Vous contacter, \u00e0 des fins de service client\u00a0;<\/li>\n<li>R\u00e9pondre \u00e0 vos demandes de produits, services et informations\u00a0;<\/li>\n<li>Analyser l&rsquo;utilisation de l&rsquo;application et les donn\u00e9es des utilisateurs pour comprendre et am\u00e9liorer l&rsquo;application\u00a0;<\/li>\n<li>Pour toute autre fin qui vous est divulgu\u00e9e au moment o\u00f9 nous recueillons vos informations ou conform\u00e9ment \u00e0 votre consentement.<\/li>\n<\/ul>\n<\/div>\n<\/li>\n<li>\n<h3>3. Partage d&rsquo;informations<\/h3>\n<p>Nous nous engageons \u00e0 maintenir votre confiance et nous voulons que vous sachiez quand et avec qui nous pouvons partager les informations que nous recueillons.<\/p>\n<div>\n<ul>\n<li>\n<p>Vendeurs et prestataires de services tiers autoris\u00e9s. Nous pouvons partager vos informations avec des fournisseurs tiers et des prestataires de services qui nous aident avec des services sp\u00e9cialis\u00e9s, notamment la facturation, le traitement des paiements, le service client, le d\u00e9ploiement de messagerie, l&rsquo;analyse commerciale, le marketing, la publicit\u00e9, la surveillance des performances, l&rsquo;h\u00e9bergement et le traitement des donn\u00e9es.<\/p>\n<\/li>\n<li>\n<p>Soci\u00e9t\u00e9s affili\u00e9es. Nous pouvons partager vos informations avec nos soci\u00e9t\u00e9s affili\u00e9es soumises \u00e0 cette politique.<\/p>\n<\/li>\n<li>\n<p>Fins l\u00e9gales. Nous pouvons divulguer des informations pour r\u00e9pondre \u00e0 des assignations \u00e0 compara\u00eetre, des ordonnances judiciaires, des proc\u00e9dures judiciaires, des demandes d&rsquo;application de la loi, des r\u00e9clamations l\u00e9gales ou des enqu\u00eates gouvernementales, et pour prot\u00e9ger et d\u00e9fendre les droits, les int\u00e9r\u00eats, la sant\u00e9, la s\u00e9curit\u00e9 et la s\u00e9curit\u00e9 du Pew Research Center, nos affili\u00e9s, les utilisateurs ou le public.<\/p>\n<\/li>\n<li>\n<p>Avec votre consentement ou selon vos instructions. Nous pouvons partager des informations \u00e0 toute autre fin qui vous est divulgu\u00e9e au moment o\u00f9 nous collectons les informations ou conform\u00e9ment \u00e0 votre consentement ou \u00e0 vos instructions.If you access third-party services, such as Facebook, Google, or Twitter, through the app to log in to the app or to share information about your experience on the Sites with others, these third-party services may be able to collect information about you, including information about your activity on the app, and they may notify your connections on the third-party services about your use of the Sites, in accordance with their own privacy policies.<\/p>\n<\/li>\n<li>\n<p>Si vous choisissez de vous engager dans des activit\u00e9s publiques sur l&rsquo;application, vous devez savoir que toute information que vous y partagez peut \u00eatre lue, collect\u00e9e ou utilis\u00e9e par d&rsquo;autres utilisateurs de ces zones. Vous devez faire preuve de prudence lorsque vous divulguez des informations personnelles lorsque vous participez \u00e0 ces zones. Nous ne sommes pas responsables des informations que vous choisissez de soumettre dans ces espaces publics.<\/p>\n<ul><\/ul>\n<\/li>\n<\/ul>\n<\/div>\n<\/li>\n<li>\n<div>\n<p>L&rsquo;application utilise des services tiers qui peuvent collecter des informations utilis\u00e9es pour vous identifier.<\/p>\n<p>Lien vers la politique de confidentialit\u00e9 des fournisseurs de services tiers utilis\u00e9s par l&rsquo;application<\/p>\n<ul>\n<li><a href=\"https:\/\/www.google.com\/policies\/privacy\/\" target=\"_blank\" rel=\"noopener\">Google Play Services<\/a><\/li>\n<li><a href=\"https:\/\/firebase.google.com\/support\/privacy\/\" target=\"_blank\" rel=\"noopener\">Firebase Crashlytics<\/a><\/li>\n<li><a href=\"https:\/\/www.facebook.com\/about\/privacy\/update\/printable\" target=\"_blank\" rel=\"noopener\">Facebook<\/a><\/li>\n<li><a href=\"https:\/\/onesignal.com\/privacy_policy\" target=\"_blank\" rel=\"noopener\">One Signal<\/a><\/li>\n<\/ul>\n<\/div>\n<\/li>\n<li>\n<h3>Donn\u00e9es de journal<\/h3>\n<div>\n<p>Nous souhaitons vous informer que chaque fois que vous utilisez notre service, en cas d&rsquo;erreur dans l&rsquo;application, nous collectons des donn\u00e9es et des informations (via des produits tiers) sur votre t\u00e9l\u00e9phone, appel\u00e9es donn\u00e9es de journal. Ces donn\u00e9es de journal peuvent inclure des informations telles que l&rsquo;adresse de protocole Internet (\u00ab\u00a0IP\u00a0\u00bb) de votre appareil, le nom de l&rsquo;appareil, la version du syst\u00e8me d&rsquo;exploitation, la configuration de l&rsquo;application lors de l&rsquo;utilisation de notre service, l&rsquo;heure et la date de votre utilisation du service et d&rsquo;autres statistiques. .<\/p>\n<\/div>\n<\/li>\n<li>\n<h3>Les fournisseurs de services<\/h3>\n<p>Nous pouvons faire appel \u00e0 des soci\u00e9t\u00e9s tierces et \u00e0 des particuliers pour les raisons suivantes\u00a0:<\/p>\n<div>\n<ul>\n<li>Pour faciliter notre Service\u00a0;<\/li>\n<li>Pour fournir le Service en notre nom\u00a0;<\/li>\n<li>Pour effectuer des services li\u00e9s au Service\u00a0; ou<\/li>\n<li>Pour nous aider \u00e0 analyser comment notre Service est utilis\u00e9.<\/li>\n<\/ul>\n<p>Nous souhaitons informer les utilisateurs de ce Service que ces tiers ont acc\u00e8s \u00e0 leurs Informations personnelles. La raison est d&rsquo;accomplir les t\u00e2ches qui leur sont confi\u00e9es en notre nom. Cependant, ils sont tenus de ne pas divulguer ou utiliser les informations \u00e0 d&rsquo;autres fins.<\/p>\n<\/div>\n<\/li>\n<li>\n<h3>S\u00e9curit\u00e9<\/h3>\n<div>\n<p>Nous appr\u00e9cions votre confiance en nous fournissant vos informations personnelles, nous nous effor\u00e7ons donc d&rsquo;utiliser des moyens commercialement acceptables pour les prot\u00e9ger. Mais n&rsquo;oubliez pas qu&rsquo;aucune m\u00e9thode de transmission sur Internet ou m\u00e9thode de stockage \u00e9lectronique n&rsquo;est s\u00fbre et fiable \u00e0 100 %, et nous ne pouvons garantir sa s\u00e9curit\u00e9 absolue.<\/p>\n<\/div>\n<\/li>\n<li>\n<h3>Modifications de cette politique de confidentialit\u00e9<\/h3>\n<div>\n<p>Nous pouvons mettre \u00e0 jour notre politique de confidentialit\u00e9 de temps \u00e0 autre. Ainsi, il vous est conseill\u00e9 de consulter cette page p\u00e9riodiquement pour tout changement. Nous vous informerons de tout changement en publiant la nouvelle politique de confidentialit\u00e9 sur cette page.<\/p>\n<p>Cette politique est effective \u00e0 partir du 2021-02-28<\/p>\n<\/div>\n<\/li>\n<li>\n<h3>Nous contacter<\/h3>\n<div>\n<div class=\"entry-content\">\n<p>Si vous avez des questions ou des suggestions concernant notre politique de confidentialit\u00e9, n&rsquo;h\u00e9sitez pas \u00e0 nous contacter \u00e0 mobile@almadinamisurata.ly.<\/p>\n<\/div>\n<\/div>\n<\/li>\n<\/ul>\n<p><!--more--><br \/>\n<!-- {\"name\":\"pp\",\"type\":\"layout\",\"children\":[{\"type\":\"section\",\"props\":{\"style\":\"default\",\"width\":\"default\",\"vertical_align\":\"middle\",\"title_position\":\"top-left\",\"title_rotation\":\"left\",\"title_breakpoint\":\"xl\",\"image_position\":\"center-center\"},\"children\":[{\"type\":\"row\",\"children\":[{\"type\":\"column\",\"props\":{\"position_sticky_breakpoint\":\"m\",\"image_position\":\"center-center\",\"media_overlay_gradient\":\"\"},\"children\":[{\"type\":\"text\",\"props\":{\"margin\":\"default\",\"column_breakpoint\":\"m\",\"content\":\"\n\n<p>Almadina Misurata Paints a cr\\u00e9\\u00e9 l'application Almadina Misurata Paints en tant qu'application gratuite. Ce SERVICE est fourni gratuitement par Almadina Misurata Paints et est destin\\u00e9 \\u00e0 \\u00eatre utilis\\u00e9 tel quel.<\\\/p>\\n\n\n<p>Cette page est utilis\\u00e9e pour informer les visiteurs de nos politiques en mati\\u00e8re de collecte, d'utilisation et de divulgation des informations personnelles si quelqu'un d\\u00e9cide d'utiliser notre service.<\\\/p>\\n\n\n<p>Si vous choisissez d'utiliser notre service, vous acceptez la collecte et l'utilisation d'informations en relation avec cette politique. Les informations personnelles que nous collectons sont utilis\\u00e9es pour fournir et am\\u00e9liorer le service. Nous n'utiliserons ni ne partagerons vos informations avec qui que ce soit, sauf de la mani\\u00e8re d\\u00e9crite dans la pr\\u00e9sente politique de confidentialit\\u00e9.<\\\/p>\"}},{\"type\":\"grid\",\"props\":{\"show_title\":true,\"show_meta\":true,\"show_content\":true,\"show_image\":true,\"show_link\":true,\"grid_default\":\"1\",\"grid_medium\":\"\",\"filter_style\":\"tab\",\"filter_all\":true,\"filter_position\":\"top\",\"filter_align\":\"left\",\"filter_grid_width\":\"auto\",\"filter_grid_breakpoint\":\"m\",\"title_hover_style\":\"reset\",\"title_element\":\"h3\",\"title_align\":\"top\",\"title_grid_width\":\"1-2\",\"title_grid_breakpoint\":\"m\",\"meta_style\":\"\",\"meta_align\":\"below-title\",\"meta_element\":\"div\",\"content_column_breakpoint\":\"m\",\"icon_width\":80,\"image_align\":\"top\",\"image_grid_width\":\"1-2\",\"image_grid_breakpoint\":\"m\",\"image_svg_color\":\"emphasis\",\"link_text\":\"Read more\",\"link_style\":\"default\",\"margin\":\"default\",\"item_animation\":true,\"parallax_easing\":\"1\"},\"children\":[{\"type\":\"grid_item\",\"props\":{\"title\":\"Information Collection and Use\",\"content\":\"\n\n<p class=\\\"el-title uk-margin-top uk-margin-remove-bottom\\\"><span style=\\\"font-size: 16px;\\\">For a better experience, while using our Service, we may require you to provide us with certain personally identifiable information. The information that we request will be retained by us and used as described in this privacy policy.<\\\/span><\\\/p>\"}},{\"type\":\"grid_item\",\"props\":{\"title\":\"1. Collecte d'informations\",\"meta\":\"We may collect the following kinds of information when you use the app:\",\"content\":\"\n\n<p>Nous pouvons collecter les types d'informations suivants lorsque vous utilisez l'application\\u00a0:<br \\\/>Informations que vous nous fournissez directement. Pour certaines activit\\u00e9s, comme lorsque vous vous enregistrez ou passez une commande, nous pouvons collecter tout ou partie des types d'informations suivants\\u00a0:<\\\/p>\\n\n\n<ul>\\n\n\n<li>Coordonn\\u00e9es, telles que votre nom complet, votre adresse e-mail, votre num\\u00e9ro de t\\u00e9l\\u00e9phone et votre adresse<\\\/li>\\n\n\n<li>Nom d'utilisateur et mot de passe; et<\\\/li>\\n\n\n<li>Toute autre information que vous nous fournissez.<\\\/li>\\n<\\\/ul>\"}},{\"type\":\"grid_item\",\"props\":{\"content\":\"\n\n<p>Nous pouvons combiner ces informations avec des informations que nous poss\\u00e9dons d\\u00e9j\\u00e0 sur vous.<\\\/p>\\n\n\n<p>Informations que nous collectons automatiquement. Nous pouvons collecter automatiquement certaines informations lorsque vous utilisez notre application, telles que votre adresse de protocole Internet (IP), votre appareil et vos identifiants publicitaires, votre syst\\u00e8me d'exploitation, votre fournisseur de services Internet, les pages que vous visitez avant et apr\\u00e8s l'utilisation de l'application, la date et l'heure. de votre visite, des informations sur les liens sur lesquels vous cliquez, les pages que vous consultez, la mani\\u00e8re g\\u00e9n\\u00e9rale dont vous naviguez dans l'application et d'autres informations de journal de serveur standard. Nous pouvons \\u00e9galement collecter certaines informations de localisation lorsque vous utilisez notre application, le signal GPS de votre appareil mobile.<\\\/p>\\n\n\n<p>Nous et les tiers qui fournissent du contenu ou des fonctionnalit\\u00e9s sur notre application pouvons utiliser des cookies, des pixels invisibles, des objets locaux partag\\u00e9s et des technologies similaires pour collecter automatiquement ces informations.<\\\/p>\\n\n\n<p>Nous pouvons \\u00e9galement collecter des donn\\u00e9es techniques pour traiter et r\\u00e9soudre des probl\\u00e8mes techniques et am\\u00e9liorer notre application, y compris l'\\u00e9tat de la m\\u00e9moire de votre appareil lorsqu'un plantage du syst\\u00e8me ou de l'application se produit lors de l'utilisation de notre application. Les param\\u00e8tres de votre appareil peuvent vous permettre de contr\\u00f4ler la collecte de ces donn\\u00e9es techniques. Ces donn\\u00e9es peuvent inclure des parties d'un document que vous utilisiez lorsqu'un probl\\u00e8me est survenu ou le contenu de vos communications. En utilisant l'application Almadina Misurata Paints, vous consentez \\u00e0 la collecte de ces donn\\u00e9es techniques.<\\\/p>\\n\n\n<p>Nous pouvons \\u00e9galement recevoir des informations vous concernant d'autres sources, y compris par le biais de services et d'organisations tiers. Par exemple, si vous acc\\u00e9dez \\u00e0 des services tiers, tels que Facebook ou Google, via l'application pour vous connecter ou pour partager des informations sur votre exp\\u00e9rience sur l'application avec d'autres, nous pouvons collecter des informations aupr\\u00e8s de ces services tiers.<\\\/p>\"}},{\"type\":\"grid_item\",\"props\":{\"title\":\"2. Use of Information\",\"meta\":\"Nous utilisons g\\u00e9n\\u00e9ralement les informations que nous recueillons en ligne pour  :\",\"content\":\"\n\n<ul>\\n\n\n<li>Fournir et am\\u00e9liorer l'application\\u00a0;<\\\/li>\\n\n\n<li>Vous contacter, \\u00e0 des fins de service client\\u00a0;<\\\/li>\\n\n\n<li>R\\u00e9pondre \\u00e0 vos demandes de produits, services et informations\\u00a0;<\\\/li>\\n\n\n<li>Analyser l'utilisation de l'application et les donn\\u00e9es des utilisateurs pour comprendre et am\\u00e9liorer l'application\\u00a0;<\\\/li>\\n\n\n<li>Pour toute autre fin qui vous est divulgu\\u00e9e au moment o\\u00f9 nous recueillons vos informations ou conform\\u00e9ment \\u00e0 votre consentement.<\\\/li>\\n<\\\/ul>\"}},{\"type\":\"grid_item\",\"props\":{\"title\":\"3. Partage d'informations\",\"meta\":\"Nous nous engageons \\u00e0 maintenir votre confiance et nous voulons que vous sachiez quand et avec qui nous pouvons partager les informations que nous recueillons.\",\"content\":\"\n\n<ul>\\n\n\n<li>\\n\n\n<p>Vendeurs et prestataires de services tiers autoris\\u00e9s. Nous pouvons partager vos informations avec des fournisseurs tiers et des prestataires de services qui nous aident avec des services sp\\u00e9cialis\\u00e9s, notamment la facturation, le traitement des paiements, le service client, le d\\u00e9ploiement de messagerie, l'analyse commerciale, le marketing, la publicit\\u00e9, la surveillance des performances, l'h\\u00e9bergement et le traitement des donn\\u00e9es.<\\\/p>\\n<\\\/li>\\n\n\n<li>\\n\n\n<p>Soci\\u00e9t\\u00e9s affili\\u00e9es. Nous pouvons partager vos informations avec nos soci\\u00e9t\\u00e9s affili\\u00e9es soumises \\u00e0 cette politique.<\\\/p>\\n<\\\/li>\\n\n\n<li>\\n\n\n<p>Fins l\\u00e9gales. Nous pouvons divulguer des informations pour r\\u00e9pondre \\u00e0 des assignations \\u00e0 compara\\u00eetre, des ordonnances judiciaires, des proc\\u00e9dures judiciaires, des demandes d'application de la loi, des r\\u00e9clamations l\\u00e9gales ou des enqu\\u00eates gouvernementales, et pour prot\\u00e9ger et d\\u00e9fendre les droits, les int\\u00e9r\\u00eats, la sant\\u00e9, la s\\u00e9curit\\u00e9 et la s\\u00e9curit\\u00e9 du Pew Research Center, nos affili\\u00e9s, les utilisateurs ou le public.<\\\/p>\\n<\\\/li>\\n\n\n<li>\\n\n\n<p>Avec votre consentement ou selon vos instructions. Nous pouvons partager des informations \\u00e0 toute autre fin qui vous est divulgu\\u00e9e au moment o\\u00f9 nous collectons les informations ou conform\\u00e9ment \\u00e0 votre consentement ou \\u00e0 vos instructions.If you access third-party services, such as Facebook, Google, or Twitter, through the app to log in to the app or to share information about your experience on the Sites with others, these third-party services may be able to collect information about you, including information about your activity on the app, and they may notify your connections on the third-party services about your use of the Sites, in accordance with their own privacy policies.<\\\/p>\\n<\\\/li>\\n\n\n<li>\\n\n\n<p>Si vous choisissez de vous engager dans des activit\\u00e9s publiques sur l'application, vous devez savoir que toute information que vous y partagez peut \\u00eatre lue, collect\\u00e9e ou utilis\\u00e9e par d'autres utilisateurs de ces zones. Vous devez faire preuve de prudence lorsque vous divulguez des informations personnelles lorsque vous participez \\u00e0 ces zones. Nous ne sommes pas responsables des informations que vous choisissez de soumettre dans ces espaces publics.<\\\/p>\\n\n\n<ul><\\\/ul>\\n<\\\/li>\\n<\\\/ul>\"}},{\"type\":\"grid_item\",\"props\":{\"meta\":\"\",\"content\":\"\n\n<p>L'application utilise des services tiers qui peuvent collecter des informations utilis\\u00e9es pour vous identifier.<\\\/p>\\n\n\n<p>Lien vers la politique de confidentialit\\u00e9 des fournisseurs de services tiers utilis\\u00e9s par l'application<\\\/p>\\n\n\n<ul>\\n\n\n<li><a href=\\\"https:\\\/\\\/www.google.com\\\/policies\\\/privacy\\\/\\\" target=\\\"_blank\\\" rel=\\\"noopener\\\">Google Play Services<\\\/a><\\\/li>\\n\n\n<li><a href=\\\"https:\\\/\\\/firebase.google.com\\\/support\\\/privacy\\\/\\\" target=\\\"_blank\\\" rel=\\\"noopener\\\">Firebase Crashlytics<\\\/a><\\\/li>\\n\n\n<li><a href=\\\"https:\\\/\\\/www.facebook.com\\\/about\\\/privacy\\\/update\\\/printable\\\" target=\\\"_blank\\\" rel=\\\"noopener\\\">Facebook<\\\/a><\\\/li>\\n\n\n<li><a href=\\\"https:\\\/\\\/onesignal.com\\\/privacy_policy\\\" target=\\\"_blank\\\" rel=\\\"noopener\\\">One Signal<\\\/a><\\\/li>\\n<\\\/ul>\"}},{\"type\":\"grid_item\",\"props\":{\"title\":\"Donn\\u00e9es de journal\",\"content\":\"\n\n<p>Nous souhaitons vous informer que chaque fois que vous utilisez notre service, en cas d'erreur dans l'application, nous collectons des donn\\u00e9es et des informations (via des produits tiers) sur votre t\\u00e9l\\u00e9phone, appel\\u00e9es donn\\u00e9es de journal. Ces donn\\u00e9es de journal peuvent inclure des informations telles que l'adresse de protocole Internet (\\\"IP\\\") de votre appareil, le nom de l'appareil, la version du syst\\u00e8me d'exploitation, la configuration de l'application lors de l'utilisation de notre service, l'heure et la date de votre utilisation du service et d'autres statistiques. .<\\\/p>\"}},{\"type\":\"grid_item\",\"props\":{\"title\":\"Les fournisseurs de services\",\"meta\":\"Nous pouvons faire appel \\u00e0 des soci\\u00e9t\\u00e9s tierces et \\u00e0 des particuliers pour les raisons suivantes\\u00a0:\",\"content\":\"\n\n<ul>\\n\n\n<li>Pour faciliter notre Service\\u00a0;<\\\/li>\\n\n\n<li>Pour fournir le Service en notre nom\\u00a0;<\\\/li>\\n\n\n<li>Pour effectuer des services li\\u00e9s au Service\\u00a0; ou<\\\/li>\\n\n\n<li>Pour nous aider \\u00e0 analyser comment notre Service est utilis\\u00e9.<\\\/li>\\n<\\\/ul>\\n\n\n<p>Nous souhaitons informer les utilisateurs de ce Service que ces tiers ont acc\\u00e8s \\u00e0 leurs Informations personnelles. La raison est d'accomplir les t\\u00e2ches qui leur sont confi\\u00e9es en notre nom. Cependant, ils sont tenus de ne pas divulguer ou utiliser les informations \\u00e0 d'autres fins.<\\\/p>\"}},{\"type\":\"grid_item\",\"props\":{\"title\":\"S\\u00e9curit\\u00e9\",\"content\":\"\n\n<p>Nous appr\\u00e9cions votre confiance en nous fournissant vos informations personnelles, nous nous effor\\u00e7ons donc d'utiliser des moyens commercialement acceptables pour les prot\\u00e9ger. Mais n'oubliez pas qu'aucune m\\u00e9thode de transmission sur Internet ou m\\u00e9thode de stockage \\u00e9lectronique n'est s\\u00fbre et fiable \\u00e0 100 %, et nous ne pouvons garantir sa s\\u00e9curit\\u00e9 absolue.<\\\/p>\"}},{\"type\":\"grid_item\",\"props\":{\"title\":\"Modifications de cette politique de confidentialit\\u00e9\",\"content\":\"\n\n<p>Nous pouvons mettre \\u00e0 jour notre politique de confidentialit\\u00e9 de temps \\u00e0 autre. Ainsi, il vous est conseill\\u00e9 de consulter cette page p\\u00e9riodiquement pour tout changement. Nous vous informerons de tout changement en publiant la nouvelle politique de confidentialit\\u00e9 sur cette page.<\\\/p>\\n\n\n<p>Cette politique est effective \\u00e0 partir du 2021-02-28<\\\/p>\"}},{\"type\":\"grid_item\",\"props\":{\"title\":\"Nous contacter\",\"content\":\"\n\n<div class=\\\"entry-content\\\">\\n\n\n<p>Si vous avez des questions ou des suggestions concernant notre politique de confidentialit\\u00e9, n'h\\u00e9sitez pas \\u00e0 nous contacter \\u00e0 mobile@almadinamisurata.ly.<\\\/p>\\n<\\\/div>\"}}]}]}]}]}],\"version\":\"3.0.9\"} --><\/p>\n","protected":false},"excerpt":{"rendered":"<p>Almadina Misurata Paints a cr\u00e9\u00e9 l&rsquo;application Almadina Misurata Paints en tant qu&rsquo;application gratuite. Ce SERVICE est fourni gratuitement par Almadina Misurata Paints et est destin\u00e9 \u00e0 \u00eatre utilis\u00e9 tel quel. Cette page est utilis\u00e9e pour informer les visiteurs de nos politiques en mati\u00e8re de collecte, d&rsquo;utilisation et de divulgation des informations personnelles si quelqu&rsquo;un d\u00e9cide [&hellip;]<\/p>\n","protected":false},"author":1,"featured_media":16251,"parent":0,"menu_order":0,"comment_status":"closed","ping_status":"closed","template":"","meta":{"_acf_changed":false,"footnotes":""},"class_list":["post-14532","page","type-page","status-publish","has-post-thumbnail","hentry"],"acf":[],"_links":{"self":[{"href":"https:\/\/almadinamisurata.ly\/fr\/wp-json\/wp\/v2\/pages\/14532","targetHints":{"allow":["GET"]}}],"collection":[{"href":"https:\/\/almadinamisurata.ly\/fr\/wp-json\/wp\/v2\/pages"}],"about":[{"href":"https:\/\/almadinamisurata.ly\/fr\/wp-json\/wp\/v2\/types\/page"}],"author":[{"embeddable":true,"href":"https:\/\/almadinamisurata.ly\/fr\/wp-json\/wp\/v2\/users\/1"}],"replies":[{"embeddable":true,"href":"https:\/\/almadinamisurata.ly\/fr\/wp-json\/wp\/v2\/comments?post=14532"}],"version-history":[{"count":12,"href":"https:\/\/almadinamisurata.ly\/fr\/wp-json\/wp\/v2\/pages\/14532\/revisions"}],"predecessor-version":[{"id":20166,"href":"https:\/\/almadinamisurata.ly\/fr\/wp-json\/wp\/v2\/pages\/14532\/revisions\/20166"}],"wp:featuredmedia":[{"embeddable":true,"href":"https:\/\/almadinamisurata.ly\/fr\/wp-json\/wp\/v2\/media\/16251"}],"wp:attachment":[{"href":"https:\/\/almadinamisurata.ly\/fr\/wp-json\/wp\/v2\/media?parent=14532"}],"curies":[{"name":"wp","href":"https:\/\/api.w.org\/{rel}","templated":true}]}}