{"id":16393,"date":"2022-08-28T11:58:08","date_gmt":"2022-08-28T11:58:08","guid":{"rendered":"https:\/\/ampsite.demo.ly\/fr\/?page_id=16393"},"modified":"2022-09-19T07:32:16","modified_gmt":"2022-09-19T07:32:16","slug":"amp-app","status":"publish","type":"page","link":"https:\/\/almadinamisurata.ly\/fr\/amp-app\/","title":{"rendered":"App et magasin de peintures Almadina Misurata"},"content":{"rendered":"<p><img decoding=\"async\" src=\"\/fr\/contents\/uploads\/sites\/2\/2022\/08\/almadina-misurata-app-en.png\" alt=\"almadina misurata app\"><\/p>\n<div>\n<div>Une exp\u00e9rience de peinture unique<\/div>\n<p>Le magasin d&rsquo;Almadina Misurata Paints<\/p>\n<\/div>\n<ul>\n<li>\n<p>        <img decoding=\"async\" src=\"\/fr\/contents\/uploads\/sites\/2\/2022\/08\/google-play-store.svg\" alt=\"google play store\"><\/p>\n<p><a href=\"https:\/\/play.google.com\/store\/apps\/details?id=ly.amp.app\" rel=\"noopener\"><\/a><\/p>\n<\/li>\n<li>\n<p>        <img decoding=\"async\" src=\"\/fr\/contents\/uploads\/sites\/2\/2022\/08\/app-gallery-huawei-en.svg\" alt=\"app gallery huawei \"><\/p>\n<p><a href=\"https:\/\/appgallery.huawei.com\/app\/C105221057\" rel=\"noopener\"><\/a><\/p>\n<\/li>\n<li>\n<p>        <img decoding=\"async\" src=\"\/fr\/contents\/uploads\/sites\/2\/2022\/08\/app-store-.svg\" alt=\"app store\"><\/p>\n<p><a href=\"https:\/\/apps.apple.com\/app\/almadina-misurata-paints\/id1555427304\" rel=\"noopener\"><\/a><\/p>\n<\/li>\n<\/ul>\n<p><img decoding=\"async\" src=\"\/fr\/contents\/uploads\/sites\/2\/2022\/08\/colors-of-amp-en.png\" alt=\"colors of amp\"><\/p>\n<div>La peinture est facile avec Almadina Misurata Paints app<\/div>\n<ul>\n<li>\n<div>\n<p>Choisissez des couleurs de peinture avec plus de 2000 couleurs<\/p>\n<\/div>\n<\/li>\n<li>\n<div>\n<p>D\u00e9couvrez toutes les nuances de couleurs, en un seul clic!<\/p>\n<\/div>\n<\/li>\n<\/ul>\n<div>S\u00e9lection et simulation des couleurs<\/div>\n<ul>\n<li>\n<div>\n<p>Une exp\u00e9rience de couleur en direct sur le mur<\/p>\n<\/div>\n<\/li>\n<li>\n<div>\n<p>Choisir le type de peinture avec la couleur<\/p>\n<\/div>\n<\/li>\n<\/ul>\n<p><img decoding=\"async\" src=\"\/fr\/contents\/uploads\/sites\/2\/2022\/08\/paint-simulator-app-en.png\" alt=\"paint simulator app\"><br \/>\n<img decoding=\"async\" src=\"\/fr\/contents\/uploads\/sites\/2\/2022\/08\/calculate-amp.png\" alt=\"calculate amp\"><\/p>\n<div>Toute une exp\u00e9rience d&rsquo;achat<\/div>\n<ul>\n<li>\n<div>\n<p>Utilisez la calculatrice et calculez combien vous avez besoin<\/p>\n<\/div>\n<\/li>\n<li>\n<div>\n<p>Compl\u00e9tez la commande et payez avec le mode de paiement qui vous convient<\/p>\n<\/div>\n<\/li>\n<\/ul>\n<div>M\u00e9thodes de payement<\/div>\n<ul>\n<li>\n<p>        <img decoding=\"async\" src=\"\/fr\/contents\/uploads\/sites\/3\/2022\/09\/cartes.svg\" alt=\"\"><\/p>\n<\/li>\n<li>\n<p>        <img decoding=\"async\" src=\"\/fr\/contents\/uploads\/2022\/08\/sadad-payment.svg\" alt=\"sadad payment\"><\/p>\n<\/li>\n<li>\n<p>        <img decoding=\"async\" src=\"\/fr\/contents\/uploads\/sites\/3\/2022\/09\/livraison.svg\" alt=\"\"><\/p>\n<\/li>\n<\/ul>\n<p><!--more--><br \/>\n<!-- {\"name\":\"amp app en\",\"type\":\"layout\",\"children\":[{\"type\":\"section\",\"props\":{\"style\":\"default\",\"width\":\"default\",\"vertical_align\":\"middle\",\"title_position\":\"top-left\",\"title_rotation\":\"left\",\"title_breakpoint\":\"xl\",\"image_position\":\"center-center\",\"class\":\"gradient-inner\"},\"children\":[{\"type\":\"row\",\"props\":{\"layout\":\"1-2,1-2\"},\"children\":[{\"type\":\"column\",\"props\":{\"position_sticky_breakpoint\":\"m\",\"image_position\":\"center-center\",\"media_overlay_gradient\":\"\",\"width_medium\":\"1-2\",\"width_small\":\"\"},\"children\":[{\"type\":\"image\",\"props\":{\"margin\":\"default\",\"image_svg_color\":\"emphasis\",\"image\":\"wp-content\\\/uploads\\\/sites\\\/2\\\/2022\\\/08\\\/almadina-misurata-app-en.png\",\"text_align\":\"left\",\"text_align_breakpoint\":\"m\",\"text_align_fallback\":\"center\",\"image_alt\":\"almadina misurata app\"}}]},{\"type\":\"column\",\"props\":{\"position_sticky_breakpoint\":\"m\",\"image_position\":\"center-center\",\"media_overlay_gradient\":\"\",\"width_medium\":\"1-2\",\"vertical_align\":\"middle\",\"width_small\":\"\"},\"children\":[{\"type\":\"panel\",\"props\":{\"link_text\":\"Read more\",\"title_hover_style\":\"reset\",\"title_element\":\"div\",\"title_align\":\"top\",\"title_grid_width\":\"1-2\",\"title_grid_breakpoint\":\"m\",\"meta_style\":\"h3\",\"meta_align\":\"above-title\",\"meta_element\":\"div\",\"content_column_breakpoint\":\"m\",\"icon_width\":80,\"image_align\":\"top\",\"image_grid_width\":\"1-2\",\"image_grid_breakpoint\":\"m\",\"image_svg_color\":\"emphasis\",\"link_style\":\"default\",\"margin\":\"default\",\"meta\":\"Le magasin d'Almadina Misurata Paints\",\"title\":\"Une exp\\u00e9rience de peinture unique\",\"meta_color\":\"emphasis\",\"title_style\":\"h2\",\"text_align\":\"left\",\"text_align_breakpoint\":\"m\",\"text_align_fallback\":\"center\",\"title_margin\":\"small\"}},{\"type\":\"gallery\",\"props\":{\"show_title\":true,\"show_meta\":true,\"show_content\":true,\"show_link\":true,\"show_hover_image\":true,\"grid_default\":\"2\",\"grid_medium\":\"3\",\"filter_style\":\"tab\",\"filter_all\":true,\"filter_position\":\"top\",\"filter_align\":\"left\",\"filter_grid_width\":\"auto\",\"filter_grid_breakpoint\":\"m\",\"overlay_mode\":\"cover\",\"overlay_hover\":false,\"overlay_style\":\"\",\"text_color\":\"light\",\"overlay_position\":\"center\",\"overlay_transition\":\"fade\",\"title_hover_style\":\"reset\",\"title_element\":\"h3\",\"meta_style\":\"meta\",\"meta_align\":\"below-title\",\"meta_element\":\"div\",\"link_text\":\"\",\"link_style\":\"default\",\"text_align\":\"left\",\"margin\":\"medium\",\"item_animation\":true,\"overlay_link\":true,\"grid_small\":\"3\",\"grid_column_gap\":\"small\",\"grid_column_align\":true,\"link_target\":true,\"text_align_breakpoint\":\"m\",\"text_align_fallback\":\"center\",\"class\":\"app-btns\"},\"children\":[{\"type\":\"gallery_item\",\"props\":{\"image\":\"wp-content\\\/uploads\\\/sites\\\/2\\\/2022\\\/08\\\/google-play-store.svg\",\"image_alt\":\"google play store\",\"link\":\"https:\\\/\\\/play.google.com\\\/store\\\/apps\\\/details?id=ly.amp.app\"}},{\"type\":\"gallery_item\",\"props\":{\"image\":\"wp-content\\\/uploads\\\/sites\\\/2\\\/2022\\\/08\\\/app-gallery-huawei-en.svg\",\"image_alt\":\"app gallery huawei \",\"link\":\"https:\\\/\\\/appgallery.huawei.com\\\/app\\\/C105221057\"}},{\"type\":\"gallery_item\",\"props\":{\"image\":\"wp-content\\\/uploads\\\/sites\\\/2\\\/2022\\\/08\\\/app-store-.svg\",\"image_alt\":\"app store\",\"link\":\"https:\\\/\\\/apps.apple.com\\\/app\\\/almadina-misurata-paints\\\/id1555427304\"}}],\"name\":\"apps\"}]}]}]},{\"type\":\"section\",\"props\":{\"style\":\"default\",\"width\":\"default\",\"vertical_align\":\"middle\",\"title_position\":\"top-left\",\"title_rotation\":\"left\",\"title_breakpoint\":\"xl\",\"image_position\":\"top-center\",\"image\":\"wp-content\\\/uploads\\\/2022\\\/07\\\/section-bg.svg\",\"image_size\":\"cover\"},\"children\":[{\"type\":\"row\",\"props\":{\"layout\":\"1-2,1-2\"},\"children\":[{\"type\":\"column\",\"props\":{\"position_sticky_breakpoint\":\"m\",\"image_position\":\"center-center\",\"media_overlay_gradient\":\"\",\"width_medium\":\"1-2\",\"width_small\":\"1-2\",\"order_first\":\"s\"},\"children\":[{\"type\":\"image\",\"props\":{\"margin\":\"default\",\"image_svg_color\":\"emphasis\",\"image\":\"wp-content\\\/uploads\\\/sites\\\/2\\\/2022\\\/08\\\/colors-of-amp-en.png\",\"text_align\":\"left\",\"text_align_breakpoint\":\"s\",\"text_align_fallback\":\"center\",\"image_alt\":\"colors of amp\"}}]},{\"type\":\"column\",\"props\":{\"position_sticky_breakpoint\":\"m\",\"image_position\":\"center-center\",\"media_overlay_gradient\":\"\",\"width_medium\":\"1-2\",\"vertical_align\":\"middle\",\"width_small\":\"1-2\",\"order_first\":\"xs\"},\"children\":[{\"type\":\"headline\",\"props\":{\"title_element\":\"div\",\"content\":\"La peinture est facile avec Almadina Misurata Paints app\",\"title_style\":\"h2\",\"maxwidth\":\"large\",\"maxwidth_breakpoint\":\"m\",\"text_align\":\"left\",\"text_align_breakpoint\":\"s\",\"text_align_fallback\":\"center\",\"block_align_fallback\":\"center\"}},{\"type\":\"list\",\"props\":{\"show_image\":true,\"show_link\":true,\"list_type\":\"vertical\",\"list_element\":\"ul\",\"list_horizontal_separator\":\", \",\"column_breakpoint\":\"m\",\"image_svg_color\":\"emphasis\",\"image_align\":\"left\",\"image_vertical_align\":true,\"list_marker\":\"disc\",\"list_marker_color\":\"secondary\"},\"children\":[{\"type\":\"list_item\",\"props\":{\"content\":\"\n\n<p>Choisissez des couleurs de peinture avec plus de 2000 couleurs<\\\/p>\"}},{\"type\":\"list_item\",\"props\":{\"content\":\"\n\n<p>D\\u00e9couvrez toutes les nuances de couleurs, en un seul clic!<\\\/p>\"}}]}]}]},{\"type\":\"row\",\"props\":{\"layout\":\"1-2,1-2\"},\"children\":[{\"type\":\"column\",\"props\":{\"position_sticky_breakpoint\":\"m\",\"image_position\":\"center-center\",\"media_overlay_gradient\":\"\",\"width_medium\":\"1-2\",\"vertical_align\":\"middle\",\"order_first\":\"xs\",\"width_small\":\"1-2\"},\"children\":[{\"type\":\"headline\",\"props\":{\"title_element\":\"div\",\"content\":\"S\\u00e9lection et simulation des couleurs\",\"title_style\":\"h2\",\"text_align\":\"left\",\"text_align_breakpoint\":\"s\",\"text_align_fallback\":\"center\"}},{\"type\":\"list\",\"props\":{\"show_image\":true,\"show_link\":true,\"list_type\":\"vertical\",\"list_element\":\"ul\",\"list_horizontal_separator\":\", \",\"column_breakpoint\":\"m\",\"image_svg_color\":\"emphasis\",\"image_align\":\"left\",\"image_vertical_align\":true,\"list_marker\":\"disc\",\"list_marker_color\":\"secondary\"},\"children\":[{\"type\":\"list_item\",\"props\":{\"content\":\"\n\n<p>Une exp\\u00e9rience de couleur en direct sur le mur<\\\/p>\"}},{\"type\":\"list_item\",\"props\":{\"content\":\"\n\n<p>Choisir le type de peinture avec la couleur<\\\/p>\"}}]}]},{\"type\":\"column\",\"props\":{\"position_sticky_breakpoint\":\"m\",\"image_position\":\"center-center\",\"media_overlay_gradient\":\"\",\"width_medium\":\"1-2\",\"order_first\":\"s\",\"width_small\":\"1-2\"},\"children\":[{\"type\":\"image\",\"props\":{\"margin\":\"default\",\"image_svg_color\":\"emphasis\",\"image\":\"wp-content\\\/uploads\\\/sites\\\/2\\\/2022\\\/08\\\/paint-simulator-app-en.png\",\"text_align\":\"left\",\"text_align_breakpoint\":\"s\",\"text_align_fallback\":\"center\",\"image_alt\":\"paint simulator app\"}}]}]}]},{\"type\":\"section\",\"props\":{\"style\":\"default\",\"width\":\"default\",\"vertical_align\":\"middle\",\"title_position\":\"top-left\",\"title_rotation\":\"left\",\"title_breakpoint\":\"xl\",\"image_position\":\"center-center\"},\"children\":[{\"type\":\"row\",\"props\":{\"layout\":\"1-2,1-2\"},\"children\":[{\"type\":\"column\",\"props\":{\"position_sticky_breakpoint\":\"m\",\"image_position\":\"center-center\",\"media_overlay_gradient\":\"\",\"width_medium\":\"1-2\",\"width_small\":\"1-2\",\"order_first\":\"s\"},\"children\":[{\"type\":\"image\",\"props\":{\"margin\":\"default\",\"image_svg_color\":\"emphasis\",\"image\":\"wp-content\\\/uploads\\\/sites\\\/2\\\/2022\\\/08\\\/calculate-amp.png\",\"text_align\":\"left\",\"text_align_breakpoint\":\"s\",\"text_align_fallback\":\"center\",\"image_alt\":\"calculate amp\"}}]},{\"type\":\"column\",\"props\":{\"position_sticky_breakpoint\":\"m\",\"image_position\":\"center-center\",\"media_overlay_gradient\":\"\",\"width_medium\":\"1-2\",\"vertical_align\":\"middle\",\"width_small\":\"1-2\",\"order_first\":\"xs\"},\"children\":[{\"type\":\"headline\",\"props\":{\"title_element\":\"div\",\"content\":\"Toute une exp\\u00e9rience d'achat\",\"title_style\":\"h2\",\"text_align\":\"left\",\"text_align_breakpoint\":\"s\",\"text_align_fallback\":\"center\"}},{\"type\":\"list\",\"props\":{\"show_image\":true,\"show_link\":true,\"list_type\":\"vertical\",\"list_element\":\"ul\",\"list_horizontal_separator\":\", \",\"column_breakpoint\":\"m\",\"image_svg_color\":\"emphasis\",\"image_align\":\"left\",\"image_vertical_align\":true,\"list_marker\":\"disc\",\"list_marker_color\":\"secondary\"},\"children\":[{\"type\":\"list_item\",\"props\":{\"content\":\"\n\n<p>Utilisez la calculatrice et calculez combien vous avez besoin<\\\/p>\"}},{\"type\":\"list_item\",\"props\":{\"content\":\"\n\n<p>Compl\\u00e9tez la commande et payez avec le mode de paiement qui vous convient<\\\/p>\"}}]}]}]}]},{\"type\":\"section\",\"props\":{\"style\":\"default\",\"width\":\"default\",\"vertical_align\":\"middle\",\"title_position\":\"top-left\",\"title_rotation\":\"left\",\"title_breakpoint\":\"xl\",\"image_position\":\"top-center\",\"image\":\"wp-content\\\/uploads\\\/2022\\\/07\\\/section-bg.svg\",\"image_size\":\"cover\",\"padding\":\"large\"},\"children\":[{\"type\":\"row\",\"props\":{\"match\":false},\"children\":[{\"type\":\"column\",\"props\":{\"position_sticky_breakpoint\":\"m\",\"image_position\":\"center-center\",\"media_overlay_gradient\":\"\",\"vertical_align\":\"middle\"},\"children\":[{\"type\":\"headline\",\"props\":{\"title_element\":\"div\",\"content\":\"M\\u00e9thodes de payement\",\"title_style\":\"h2\",\"text_align\":\"center\",\"text_align_fallback\":\"center\"}},{\"type\":\"grid\",\"props\":{\"show_title\":false,\"show_meta\":false,\"show_content\":false,\"show_image\":true,\"show_link\":true,\"grid_default\":\"1\",\"grid_medium\":\"3\",\"filter_style\":\"tab\",\"filter_all\":true,\"filter_position\":\"top\",\"filter_align\":\"left\",\"filter_grid_width\":\"auto\",\"filter_grid_breakpoint\":\"m\",\"title_hover_style\":\"reset\",\"title_element\":\"h3\",\"title_align\":\"top\",\"title_grid_width\":\"1-2\",\"title_grid_breakpoint\":\"m\",\"meta_style\":\"meta\",\"meta_align\":\"below-title\",\"meta_element\":\"div\",\"content_column_breakpoint\":\"m\",\"icon_width\":80,\"image_align\":\"top\",\"image_grid_width\":\"1-2\",\"image_grid_breakpoint\":\"m\",\"image_svg_color\":\"emphasis\",\"link_text\":\"Read more\",\"link_style\":\"default\",\"margin\":\"medium\",\"item_animation\":true,\"text_align\":\"center\",\"panel_style\":\"card-primary\",\"panel_padding\":\"default\",\"grid_small\":\"2\",\"grid_column_align\":true},\"children\":[{\"type\":\"grid_item\",\"props\":{\"title\":\"\",\"image\":\"assets\\\/sites\\\/3\\\/2022\\\/09\\\/cartes.svg\"}},{\"type\":\"grid_item\",\"props\":{\"title\":\"\",\"image\":\"wp-content\\\/uploads\\\/2022\\\/08\\\/sadad-payment.svg\",\"image_alt\":\"sadad payment\"}},{\"type\":\"grid_item\",\"props\":{\"title\":\"\",\"image\":\"assets\\\/sites\\\/3\\\/2022\\\/09\\\/livraison.svg\"}}]}]}]}]}],\"version\":\"2.7.26\"} --><\/p>\n","protected":false},"excerpt":{"rendered":"<p>Une exp\u00e9rience de peinture unique Le magasin d&rsquo;Almadina Misurata Paints La peinture est facile avec Almadina Misurata Paints app Choisissez des couleurs de peinture avec plus de 2000 couleurs D\u00e9couvrez toutes les nuances de couleurs, en un seul clic! S\u00e9lection et simulation des couleurs Une exp\u00e9rience de couleur en direct sur le mur Choisir le [&hellip;]<\/p>\n","protected":false},"author":1,"featured_media":16251,"parent":0,"menu_order":0,"comment_status":"closed","ping_status":"closed","template":"","meta":{"_acf_changed":false,"footnotes":""},"class_list":["post-16393","page","type-page","status-publish","has-post-thumbnail","hentry"],"acf":[],"_links":{"self":[{"href":"https:\/\/almadinamisurata.ly\/fr\/wp-json\/wp\/v2\/pages\/16393","targetHints":{"allow":["GET"]}}],"collection":[{"href":"https:\/\/almadinamisurata.ly\/fr\/wp-json\/wp\/v2\/pages"}],"about":[{"href":"https:\/\/almadinamisurata.ly\/fr\/wp-json\/wp\/v2\/types\/page"}],"author":[{"embeddable":true,"href":"https:\/\/almadinamisurata.ly\/fr\/wp-json\/wp\/v2\/users\/1"}],"replies":[{"embeddable":true,"href":"https:\/\/almadinamisurata.ly\/fr\/wp-json\/wp\/v2\/comments?post=16393"}],"version-history":[{"count":2,"href":"https:\/\/almadinamisurata.ly\/fr\/wp-json\/wp\/v2\/pages\/16393\/revisions"}],"predecessor-version":[{"id":20005,"href":"https:\/\/almadinamisurata.ly\/fr\/wp-json\/wp\/v2\/pages\/16393\/revisions\/20005"}],"wp:featuredmedia":[{"embeddable":true,"href":"https:\/\/almadinamisurata.ly\/fr\/wp-json\/wp\/v2\/media\/16251"}],"wp:attachment":[{"href":"https:\/\/almadinamisurata.ly\/fr\/wp-json\/wp\/v2\/media?parent=16393"}],"curies":[{"name":"wp","href":"https:\/\/api.w.org\/{rel}","templated":true}]}}