{"id":9945,"date":"2022-07-14T06:56:01","date_gmt":"2022-07-14T06:56:01","guid":{"rendered":"https:\/\/ampsite.demo.ly\/fr\/?page_id=9945"},"modified":"2022-09-19T10:04:43","modified_gmt":"2022-09-19T10:04:43","slug":"co-history","status":"publish","type":"page","link":"https:\/\/almadinamisurata.ly\/fr\/about\/co-history\/","title":{"rendered":"Histoire de l&rsquo;entreprise"},"content":{"rendered":"<ul>\n<li>\n<div>1993<\/div>\n<div>\n<p>Fondation<\/p>\n<\/div>\n<\/li>\n<li>\n<div>1994<\/div>\n<div>\n<p>Au nom de Allah, nous avons confi\u00e9 \u00e0 Allah.<\/p>\n<\/div>\n<\/li>\n<li>\n<div>1995<\/div>\n<div>\n<p>D\u00e9but de la production de la p\u00e2te murale et de la peinture ext\u00e9rieure en graphite.<\/p>\n<\/div>\n<\/li>\n<li>\n<div>1996<\/div>\n<div>\n<p>Lancement de production de la peinture \u00e0 l\u2019huile.<\/p>\n<\/div>\n<\/li>\n<li>\n<div>1997<\/div>\n<p>Continuer de d\u00e9velopper et de se tenir au courant de la nouvelle industrie de la peinture.<\/p>\n<\/li>\n<li>\n<div>1998<\/div>\n<p>\u00c9tablir des r\u00e8gles de qualit\u00e9 dans la production.<\/p>\n<\/li>\n<li>\n<div>1999<\/div>\n<p>Expansion de la distribution dans toutes les villes libyennes.<\/p>\n<\/li>\n<li>\n<div>2000<\/div>\n<p>Construire une ligne de production d&#8217;emballages en plastique afin de r\u00e9pondre aux besoins de production.<\/p>\n<\/li>\n<li>\n<div>2001<\/div>\n<p>\u00c9tablissement et activation des r\u00e8gles de gestion administrative correctes.<\/p>\n<\/li>\n<li>\n<div>2002<\/div>\n<p>Cr\u00e9ation du D\u00e9partement des laboratoires et de la recherche et du d\u00e9veloppement.<\/p>\n<\/li>\n<li>\n<div>2003<\/div>\n<p>Mettre en place le premier syst\u00e8me de coloriage informatique en tant que premi\u00e8re soci\u00e9t\u00e9 libyenne.<\/p>\n<\/li>\n<li>\n<div>2004<\/div>\n<div>\n<p>Contrat avec des entreprises allemandes et italiennes pour l&rsquo;achat et la modernisation de lignes de production de peinture \u00e0 base d&rsquo;eau et des p\u00e2tes.<\/p>\n<\/div>\n<\/li>\n<li>\n<div>2005<\/div>\n<div>\n<p>Obtention certificat de la marque de qualit\u00e9 libyenne et certificat ISO 9001<\/p>\n<\/div>\n<\/li>\n<li>\n<div>2006<\/div>\n<div>\n<p>Obtention certificat ISO 14001 en environnement.<\/p>\n<\/div>\n<\/li>\n<li>\n<div>2007<\/div>\n<div>\n<p>Augmenter la capacit\u00e9 de production de peintures \u00e0 l\u2019huile en contractant l\u2019achat de la ligne automatique de l\u2019\u00c9tat d\u2019Italie et l\u2019exportation vers les \u00c9mirats arabes unis et Bahre\u00efn<\/p>\n<\/div>\n<\/li>\n<li>\n<div>2008<\/div>\n<div>\n<p>Obtention certificat ISO 18001 en s\u00e9curit\u00e9 et sant\u00e9 au travail<\/p>\n<\/div>\n<\/li>\n<li>\n<div>2009<\/div>\n<div>\n<p>Qualification pour la norme ISO 17025 dans les laboratoires de la NAB Malte<\/p>\n<\/div>\n<\/li>\n<li>\n<div>2010<\/div>\n<div>\n<p>La production englobe la plupart des types de peinture et de p\u00e2te<\/p>\n<\/div>\n<\/li>\n<li>\n<div>2011<\/div>\n<div>\n<p>P\u00e9riode de fermeture temporaire \u00e0 la suite des \u00e9v\u00e9nements de la R\u00e9volution de F\u00e9vrier<\/p>\n<\/div>\n<\/li>\n<li>\n<div>2012<\/div>\n<div>\n<p>Achat d\u2019une ligne de production automatique de l\u2019\u00c9tat de Turquie pour la production d\u2019isolants en bitume pour la construction et les routes<\/p>\n<\/div>\n<\/li>\n<li>\n<div>2013<\/div>\n<div>\n<p>Exportation vers certains pays africains<\/p>\n<\/div>\n<\/li>\n<li>\n<div>2014<\/div>\n<div>\n<p>Sous-traitance de la plus grande cha\u00eene de production des pays allemands et italiens pour r\u00e9pondre aux besoins du march\u00e9 local<\/p>\n<\/div>\n<\/li>\n<li>\n<div>2015<\/div>\n<div>\n<p>Unicit\u00e9 en produisant de nombreux produits de peinture en Libye<\/p>\n<\/div>\n<\/li>\n<li>\n<div>2016<\/div>\n<div>\n<p>D\u00e9veloppement et expansion de l&rsquo;usine d\u2019emballage en plastique<\/p>\n<\/div>\n<\/li>\n<li>\n<div>2017<\/div>\n<div>\n<p>D\u00e9veloppement et modernisation d\u2019une usine d\u2019emballage m\u00e9tallique pour r\u00e9pondre aux exigences de production.<\/p>\n<\/div>\n<\/li>\n<li>\n<div>2018<\/div>\n<div>\n<p>D\u00e9velopper des m\u00e9thodes de production et de R&amp;D modernes pour rivaliser avec le produit global.<\/p>\n<\/div>\n<\/li>\n<li>\n<div>2019<\/div>\n<div>\n<p>D\u00e9but de production de Dry Mix et de peinture de ciment.<\/p>\n<\/div>\n<\/li>\n<li>\n<div>2020<\/div>\n<div>\n<p>Distribution de peintures de ciment pour r\u00e9pondre aux besoins du march\u00e9 libyen dans toutes les villes libyennes.<\/p>\n<\/div>\n<\/li>\n<li>\n<div>2021<\/div>\n<div>\n<p>Cr\u00e9ation d\u2019unit\u00e9s de production de peintures de ciment.<\/p>\n<\/div>\n<\/li>\n<li>\n<div>2022<\/div>\n<div>\n<ul>\n<li>Entrer dans le domaine du commerce \u00e9lectronique et lancer l\u2019application et stocker ALMadina Misurata Paint<\/li>\n<li>Entre au march\u00e9 de comit\u00e9 europ\u00e9enne par l&rsquo;exportation au malta.<\/li>\n<\/ul>\n<\/div>\n<\/li>\n<\/ul>\n<p><!--more--><br \/>\n<!-- {\"type\":\"layout\",\"children\":[{\"type\":\"section\",\"props\":{\"style\":\"default\",\"width\":\"default\",\"vertical_align\":\"middle\",\"title_position\":\"top-left\",\"title_rotation\":\"left\",\"title_breakpoint\":\"xl\",\"image_position\":\"top-center\",\"class\":\"gradient-inner\",\"image\":\"wp-content\\\/uploads\\\/2022\\\/07\\\/timeline-bg-graphic.svg\",\"image_size\":\"contain\"},\"children\":[{\"type\":\"row\",\"children\":[{\"type\":\"column\",\"props\":{\"position_sticky_breakpoint\":\"m\",\"image_position\":\"center-center\",\"media_overlay_gradient\":\"\"},\"children\":[{\"type\":\"hd-timeline\",\"props\":{\"show_title\":true,\"show_meta\":true,\"show_content\":true,\"show_image\":true,\"show_link\":true,\"align_default\":\"right\",\"align_medium\":\"right\",\"title_hover_style\":\"reset\",\"title_element\":\"div\",\"title_align\":\"left\",\"title_grid_width\":\"1-5\",\"title_grid_breakpoint\":\"s\",\"meta_style\":\"h4\",\"meta_align\":\"above-content\",\"meta_element\":\"div\",\"content_column_breakpoint\":\"m\",\"icon_width\":\"18\",\"timeline_icon_width\":40,\"image_align\":\"top\",\"image_grid_width\":\"1-2\",\"image_grid_breakpoint\":\"m\",\"image_svg_color\":\"emphasis\",\"link_text\":\"Read more\",\"link_style\":\"default\",\"margin\":\"default\",\"item_animation\":true,\"line_color\":\"rgba(255, 188, 45, 0.25)\",\"timeline_icon_color\":\"\",\"timeline_icon_border\":\"#FFC400\",\"item_margin\":\"remove\",\"align_small\":\"right\",\"align_large\":\"\",\"align_xlarge\":\"\",\"timeline_icon_background\":\"transparent\",\"maxwidth\":\"2xlarge\",\"block_align\":\"center\",\"title_style\":\"h2\",\"content_margin\":\"small\",\"content_style\":\"h4\"},\"children\":[{\"type\":\"hd-timeline_item\",\"props\":{\"title\":\"1993\",\"meta\":\"\",\"content\":\"\n\n<p>Fondation<\\\/p>\",\"timeline_icon\":\"timeline\"}},{\"type\":\"hd-timeline_item\",\"props\":{\"title\":\"1994\",\"meta\":\"\",\"content\":\"\n\n<p>Au nom de Allah, nous avons confi\\u00e9 \\u00e0 Allah.<\\\/p>\",\"timeline_icon\":\"timeline\"}},{\"type\":\"hd-timeline_item\",\"props\":{\"title\":\"1995\",\"meta\":\"\",\"content\":\"\n\n<p>D\\u00e9but de la production de la p\\u00e2te murale et de la peinture ext\\u00e9rieure en graphite.<\\\/p>\",\"timeline_icon\":\"timeline\"}},{\"type\":\"hd-timeline_item\",\"props\":{\"title\":\"1996\",\"meta\":\"\",\"content\":\"\n\n<p>Lancement de production de la peinture \\u00e0 l\\u2019huile.<\\\/p>\",\"timeline_icon\":\"timeline\"}},{\"type\":\"hd-timeline_item\",\"props\":{\"title\":\"1997\",\"meta\":\"Continuer de d\\u00e9velopper et de se tenir au courant de la nouvelle industrie de la peinture.\",\"content\":\"\",\"timeline_icon\":\"timeline\"}},{\"type\":\"hd-timeline_item\",\"props\":{\"title\":\"1998\",\"meta\":\"\\u00c9tablir des r\\u00e8gles de qualit\\u00e9 dans la production.\",\"content\":\"\",\"timeline_icon\":\"timeline\"}},{\"type\":\"hd-timeline_item\",\"props\":{\"title\":\"1999\",\"meta\":\"Expansion de la distribution dans toutes les villes libyennes.\",\"content\":\"\",\"timeline_icon\":\"timeline\"}},{\"type\":\"hd-timeline_item\",\"props\":{\"title\":\"2000\",\"meta\":\"Construire une ligne de production d'emballages en plastique afin de r\\u00e9pondre aux besoins de production.\",\"content\":\"\",\"timeline_icon\":\"timeline\"}},{\"type\":\"hd-timeline_item\",\"props\":{\"title\":\"2001\",\"meta\":\"\\u00c9tablissement et activation des r\\u00e8gles de gestion administrative correctes.\",\"content\":\"\",\"timeline_icon\":\"timeline\"}},{\"type\":\"hd-timeline_item\",\"props\":{\"title\":\"2002\",\"meta\":\"Cr\\u00e9ation du D\\u00e9partement des laboratoires et de la recherche et du d\\u00e9veloppement.\",\"content\":\"\",\"timeline_icon\":\"timeline\"}},{\"type\":\"hd-timeline_item\",\"props\":{\"title\":\"2003\",\"meta\":\"Mettre en place le premier syst\\u00e8me de coloriage informatique en tant que premi\\u00e8re soci\\u00e9t\\u00e9 libyenne.\",\"content\":\"\",\"timeline_icon\":\"timeline\"}},{\"type\":\"hd-timeline_item\",\"props\":{\"title\":\"2004\",\"meta\":\"\",\"content\":\"\n\n<p>Contrat avec des entreprises allemandes et italiennes pour l'achat et la modernisation de lignes de production de peinture \\u00e0 base d'eau et des p\\u00e2tes.<\\\/p>\",\"timeline_icon\":\"timeline\"}},{\"type\":\"hd-timeline_item\",\"props\":{\"title\":\"2005\",\"meta\":\"\",\"content\":\"\n\n<p>Obtention certificat de la marque de qualit\\u00e9 libyenne et certificat ISO 9001<\\\/p>\",\"timeline_icon\":\"timeline\"}},{\"type\":\"hd-timeline_item\",\"props\":{\"title\":\"2006\",\"meta\":\"\",\"content\":\"\n\n<p>Obtention certificat ISO 14001 en environnement.<\\\/p>\",\"timeline_icon\":\"timeline\"}},{\"type\":\"hd-timeline_item\",\"props\":{\"title\":\"2007\",\"meta\":\"\",\"content\":\"\n\n<p>Augmenter la capacit\\u00e9 de production de peintures \\u00e0 l\\u2019huile en contractant l\\u2019achat de la ligne automatique de l\\u2019\\u00c9tat d\\u2019Italie et l\\u2019exportation vers les \\u00c9mirats arabes unis et Bahre\\u00efn<\\\/p>\",\"timeline_icon\":\"timeline\"}},{\"type\":\"hd-timeline_item\",\"props\":{\"title\":\"2008\",\"meta\":\"\",\"content\":\"\n\n<p>Obtention certificat ISO 18001 en s\\u00e9curit\\u00e9 et sant\\u00e9 au travail<\\\/p>\",\"timeline_icon\":\"timeline\"}},{\"type\":\"hd-timeline_item\",\"props\":{\"title\":\"2009\",\"meta\":\"\",\"content\":\"\n\n<p>Qualification pour la norme ISO 17025 dans les laboratoires de la NAB Malte<\\\/p>\",\"timeline_icon\":\"timeline\"}},{\"type\":\"hd-timeline_item\",\"props\":{\"title\":\"2010\",\"meta\":\"\",\"content\":\"\n\n<p>La production englobe la plupart des types de peinture et de p\\u00e2te<\\\/p>\",\"timeline_icon\":\"timeline\"}},{\"type\":\"hd-timeline_item\",\"props\":{\"title\":\"2011\",\"meta\":\"\",\"content\":\"\n\n<p>P\\u00e9riode de fermeture temporaire \\u00e0 la suite des \\u00e9v\\u00e9nements de la R\\u00e9volution de F\\u00e9vrier<\\\/p>\",\"timeline_icon\":\"timeline\"}},{\"type\":\"hd-timeline_item\",\"props\":{\"title\":\"2012\",\"meta\":\"\",\"content\":\"\n\n<p>Achat d\\u2019une ligne de production automatique de l\\u2019\\u00c9tat de Turquie pour la production d\\u2019isolants en bitume pour la construction et les routes<\\\/p>\",\"timeline_icon\":\"timeline\"}},{\"type\":\"hd-timeline_item\",\"props\":{\"title\":\"2013\",\"meta\":\"\",\"content\":\"\n\n<p>Exportation vers certains pays africains<\\\/p>\",\"timeline_icon\":\"timeline\"}},{\"type\":\"hd-timeline_item\",\"props\":{\"title\":\"2014\",\"meta\":\"\",\"content\":\"\n\n<p>Sous-traitance de la plus grande cha\\u00eene de production des pays allemands et italiens pour r\\u00e9pondre aux besoins du march\\u00e9 local<\\\/p>\",\"timeline_icon\":\"timeline\"}},{\"type\":\"hd-timeline_item\",\"props\":{\"title\":\"2015\",\"meta\":\"\",\"content\":\"\n\n<p>Unicit\\u00e9 en produisant de nombreux produits de peinture en Libye<\\\/p>\",\"timeline_icon\":\"timeline\"}},{\"type\":\"hd-timeline_item\",\"props\":{\"title\":\"2016\",\"meta\":\"\",\"content\":\"\n\n<p>D\\u00e9veloppement et expansion de l'usine d\\u2019emballage en plastique<\\\/p>\",\"timeline_icon\":\"timeline\"}},{\"type\":\"hd-timeline_item\",\"props\":{\"title\":\"2017\",\"meta\":\"\",\"content\":\"\n\n<p>D\\u00e9veloppement et modernisation d\\u2019une usine d\\u2019emballage m\\u00e9tallique pour r\\u00e9pondre aux exigences de production.<\\\/p>\",\"timeline_icon\":\"timeline\"}},{\"type\":\"hd-timeline_item\",\"props\":{\"title\":\"2018\",\"meta\":\"\",\"content\":\"\n\n<p>D\\u00e9velopper des m\\u00e9thodes de production et de R&amp;D modernes pour rivaliser avec le produit global.<\\\/p>\",\"timeline_icon\":\"timeline\"}},{\"type\":\"hd-timeline_item\",\"props\":{\"title\":\"2019\",\"meta\":\"\",\"content\":\"\n\n<p>D\\u00e9but de production de Dry Mix et de peinture de ciment.<\\\/p>\",\"timeline_icon\":\"timeline\"}},{\"type\":\"hd-timeline_item\",\"props\":{\"title\":\"2020\",\"meta\":\"\",\"content\":\"\n\n<p>Distribution de peintures de ciment pour r\\u00e9pondre aux besoins du march\\u00e9 libyen dans toutes les villes libyennes.<\\\/p>\",\"timeline_icon\":\"timeline\"}},{\"type\":\"hd-timeline_item\",\"props\":{\"title\":\"2021\",\"meta\":\"\",\"content\":\"\n\n<p>Cr\\u00e9ation d\\u2019unit\\u00e9s de production de peintures de ciment.<\\\/p>\",\"timeline_icon\":\"timeline\"}},{\"type\":\"hd-timeline_item\",\"props\":{\"title\":\"2022\",\"meta\":\"\",\"content\":\"\n\n<ul>\\n\n\n<li>Entrer dans le domaine du commerce \\u00e9lectronique et lancer l\\u2019application et stocker ALMadina Misurata Paint<\\\/li>\\n\n\n<li>Entre au march\\u00e9 de comit\\u00e9 europ\\u00e9enne par l'exportation au malta.<\\\/li>\\n<\\\/ul>\",\"timeline_icon\":\"timeline\"}}]}]}]}]}],\"version\":\"2.7.26\"} --><\/p>\n","protected":false},"excerpt":{"rendered":"<p>1993 Fondation 1994 Au nom de Allah, nous avons confi\u00e9 \u00e0 Allah. 1995 D\u00e9but de la production de la p\u00e2te murale et de la peinture ext\u00e9rieure en graphite. 1996 Lancement de production de la peinture \u00e0 l\u2019huile. 1997 Continuer de d\u00e9velopper et de se tenir au courant de la nouvelle industrie de la peinture. 1998 [&hellip;]<\/p>\n","protected":false},"author":1,"featured_media":16251,"parent":29,"menu_order":0,"comment_status":"closed","ping_status":"closed","template":"","meta":{"_acf_changed":false,"footnotes":""},"class_list":["post-9945","page","type-page","status-publish","has-post-thumbnail","hentry"],"acf":[],"_links":{"self":[{"href":"https:\/\/almadinamisurata.ly\/fr\/wp-json\/wp\/v2\/pages\/9945","targetHints":{"allow":["GET"]}}],"collection":[{"href":"https:\/\/almadinamisurata.ly\/fr\/wp-json\/wp\/v2\/pages"}],"about":[{"href":"https:\/\/almadinamisurata.ly\/fr\/wp-json\/wp\/v2\/types\/page"}],"author":[{"embeddable":true,"href":"https:\/\/almadinamisurata.ly\/fr\/wp-json\/wp\/v2\/users\/1"}],"replies":[{"embeddable":true,"href":"https:\/\/almadinamisurata.ly\/fr\/wp-json\/wp\/v2\/comments?post=9945"}],"version-history":[{"count":1,"href":"https:\/\/almadinamisurata.ly\/fr\/wp-json\/wp\/v2\/pages\/9945\/revisions"}],"predecessor-version":[{"id":20006,"href":"https:\/\/almadinamisurata.ly\/fr\/wp-json\/wp\/v2\/pages\/9945\/revisions\/20006"}],"up":[{"embeddable":true,"href":"https:\/\/almadinamisurata.ly\/fr\/wp-json\/wp\/v2\/pages\/29"}],"wp:featuredmedia":[{"embeddable":true,"href":"https:\/\/almadinamisurata.ly\/fr\/wp-json\/wp\/v2\/media\/16251"}],"wp:attachment":[{"href":"https:\/\/almadinamisurata.ly\/fr\/wp-json\/wp\/v2\/media?parent=9945"}],"curies":[{"name":"wp","href":"https:\/\/api.w.org\/{rel}","templated":true}]}}