{"id":9948,"date":"2022-07-14T06:57:15","date_gmt":"2022-07-14T06:57:15","guid":{"rendered":"https:\/\/ampsite.demo.ly\/fr\/?page_id=9948"},"modified":"2022-08-28T10:24:40","modified_gmt":"2022-08-28T10:24:40","slug":"quality-policy","status":"publish","type":"page","link":"https:\/\/almadinamisurata.ly\/fr\/about\/quality-policy\/","title":{"rendered":"Politique sur la qualit\u00e9, l\u2019environnement et la s\u00e9curit\u00e9"},"content":{"rendered":"<p>[quote-first]<\/p>\n<div>\n<p>Nous sommes la haute direction de la soci\u00e9t\u00e9 ALMadina Misurata Paint qui travaille dans la fabrication et la production de peinture et de pates de toutes sortes, l\u2019eau et l\u2019huile \u00e0 Misrata. Nous annon\u00e7ons notre politique de maintien de la qualit\u00e9, de l\u2019environnement, de la s\u00e9curit\u00e9 et de la sant\u00e9 au travail comme suite:<\/p>\n<\/div>\n<p>[quote-second]<\/p>\n<div>\n<p>        <img decoding=\"async\" src=\"\/fr\/contents\/uploads\/2022\/07\/principle-graph.svg\" alt=\"principle graph\"><\/p>\n<h2>Principes g\u00e9n\u00e9raux<\/h2>\n<div>\n<p>Nous maintenons notre position de leader dans la fabrication de peinture et de p\u00e2tes en Libye. Nous nous engageons \u00e0 maintenir la qualit\u00e9 de nos produits et \u00e0 les d\u00e9velopper selon les souhaits de nos clients tout en adh\u00e9rant \u00e0 la cr\u00e9ation d\u2019un environnement de travail propre, s\u00fbr et sain.<br \/>Nous croyons que la bonne politique de qualit\u00e9, d\u2019environnement et de s\u00e9curit\u00e9 renforce notre position concurrentielle et b\u00e9n\u00e9ficie \u00e0 nos clients, partenaires, employ\u00e9s et toutes les parties prenantes par notre contribution \u00e0 la fourniture de bons produits, une atmosph\u00e8re saine et un climat \u00e9conomique conscient dans la collectivit\u00e9 que nous servons.<\/p>\n<\/div>\n<\/div>\n<h3>\u00c9tapes g\u00e9n\u00e9rales de base<\/h3>\n<ul>\n<li>\n<div>\n<ul>\n<li>Prendre en compte les exigences des clients lors de l\u2019\u00e9laboration de nos plans de qualit\u00e9 des produits et prendre en compte la dimension environnementale et la s\u00e9curit\u00e9 de nos employ\u00e9s lors de l\u2019\u00e9laboration de nos plans de gestion.<\/li>\n<\/ul>\n<\/div>\n<\/li>\n<li>\n<div>\n<ul>\n<li>Nous identifions et \u00e9valuons les sp\u00e9cifications, les proc\u00e9dures et les lois de la Libye qui nous appartiennent et nous nous effor\u00e7ons de les respecter et d\u2019autres exigences auxquelles nous sommes soumis.<\/li>\n<\/ul>\n<\/div>\n<\/li>\n<li>\n<div>\n<ul>\n<li>Atteindre nos objectifs de qualit\u00e9, d\u2019environnement et de s\u00e9curit\u00e9 pour am\u00e9liorer le rendement, r\u00e9duire les d\u00e9chets, r\u00e9duire la pollution et pr\u00e9venir les accidents.<\/li>\n<\/ul>\n<\/div>\n<\/li>\n<li>\n<div>\n<ul>\n<li>Conception, fabrication, production et commercialisation de peintures et de p\u00e2tes de toutes sortes, eau et huile selon les plus hauts niveaux de qualit\u00e9 et de productivit\u00e9 possible \u00e0 des prix appropri\u00e9s pour satisfaire les clients et leurs attentes.<\/li>\n<\/ul>\n<\/div>\n<\/li>\n<\/ul>\n<div>\n<h4>S\u00e9curit\u00e9 industrielle et s\u00e9curit\u00e9 au travail<\/h4>\n<div>\n<p>Le D\u00e9partement de la s\u00e9curit\u00e9 industrielle et de la s\u00e9curit\u00e9 au travail d\u2019Almadina Misuarata Paint travaille sans rel\u00e2che pour pr\u00e9server la sant\u00e9 et la s\u00e9curit\u00e9 des employ\u00e9s de l\u2019entreprise, ainsi que de pr\u00e9server la propri\u00e9t\u00e9 de l\u2019entreprise en lui fournissant les derniers syst\u00e8mes de surveillance mondiaux.<\/p>\n<\/div>\n<\/div>\n<ul>\n<li>\n<p>        <img decoding=\"async\" src=\"\/fr\/contents\/uploads\/2022\/07\/Security-Safety-Team-1-768x576-1.jpeg\" alt=\"\"><\/p>\n<p><a href=\"\/fr\/contents\/uploads\/2022\/07\/Security-Safety-Team-1-768x576-1.jpeg\"><\/a><\/p>\n<\/li>\n<li>\n<p>        <img decoding=\"async\" src=\"\/fr\/contents\/uploads\/2022\/07\/Security-Safety-Team-3-768x576-1.jpeg\" alt=\"\"><\/p>\n<p><a href=\"\/fr\/contents\/uploads\/2022\/07\/Security-Safety-Team-3-768x576-1.jpeg\"><\/a><\/p>\n<\/li>\n<li>\n<p>        <img decoding=\"async\" src=\"\/fr\/contents\/uploads\/2022\/07\/Security-Safety-Team-4-768x576-1.jpeg\" alt=\"\"><\/p>\n<p><a href=\"\/fr\/contents\/uploads\/2022\/07\/Security-Safety-Team-4-768x576-1.jpeg\"><\/a><\/p>\n<\/li>\n<li>\n<p>        <img decoding=\"async\" src=\"\/fr\/contents\/uploads\/2022\/07\/Security-Safety-Team-5-768x576-1.jpeg\" alt=\"\"><\/p>\n<p><a href=\"\/fr\/contents\/uploads\/2022\/07\/Security-Safety-Team-5-768x576-1.jpeg\"><\/a><\/p>\n<\/li>\n<li>\n<p>        <img decoding=\"async\" src=\"\/fr\/contents\/uploads\/2022\/07\/Security-Safety-Team-6-768x576-1.jpeg\" alt=\"\"><\/p>\n<p><a href=\"\/fr\/contents\/uploads\/2022\/07\/Security-Safety-Team-6-768x576-1.jpeg\"><\/a><\/p>\n<\/li>\n<li>\n<p>        <img decoding=\"async\" src=\"\/fr\/contents\/uploads\/2022\/07\/Security-Safety-Team-7-768x576-1.jpeg\" alt=\"\"><\/p>\n<p><a href=\"\/fr\/contents\/uploads\/2022\/07\/Security-Safety-Team-7-768x576-1.jpeg\"><\/a><\/p>\n<\/li>\n<li>\n<p>        <img decoding=\"async\" src=\"\/fr\/contents\/uploads\/2022\/07\/Security-Safety-Team-8-768x576-1.jpeg\" alt=\"\"><\/p>\n<p><a href=\"\/fr\/contents\/uploads\/2022\/07\/Security-Safety-Team-8-768x576-1.jpeg\"><\/a><\/p>\n<\/li>\n<li>\n<p>        <img decoding=\"async\" src=\"\/fr\/contents\/uploads\/2022\/07\/Security-Safety-Team-9-768x576-1.jpeg\" alt=\"\"><\/p>\n<p><a href=\"\/fr\/contents\/uploads\/2022\/07\/Security-Safety-Team-9-768x576-1.jpeg\"><\/a><\/p>\n<\/li>\n<li>\n<p>        <img decoding=\"async\" src=\"\/fr\/contents\/uploads\/2022\/07\/Security-Safety-Team-10-768x576-1.jpeg\" alt=\"\"><\/p>\n<p><a href=\"\/fr\/contents\/uploads\/2022\/07\/Security-Safety-Team-10-768x576-1.jpeg\"><\/a><\/p>\n<\/li>\n<\/ul>\n<p><img decoding=\"async\" src=\"\/fr\/contents\/uploads\/2022\/07\/eco-friendly-amp.png\" alt=\"eco friendly amp\"><\/p>\n<h5>Nous prendrons les mesures suivantes pour atteindre nos objectifs<\/h5>\n<ul>\n<li>\n<div>\n<p>Am\u00e9lioration continue du rendement du syst\u00e8me de gestion et des processus en surveillant le rendement par rapport aux indices de r\u00e9f\u00e9rence \u00e0 la meilleure qualit\u00e9 et au prix le plus appropri\u00e9.<\/p>\n<\/div>\n<\/li>\n<li>\n<div>\n<p>Rationaliser notre consommation de mati\u00e8res premi\u00e8res, d\u2019eau et d\u2019\u00e9nergie afin de r\u00e9duire les pertes et d\u2019am\u00e9liorer l\u2019environnement.<\/p>\n<\/div>\n<\/li>\n<li>\n<div>\n<p>S\u00e9curiser les lieux de travail et les op\u00e9rations pour r\u00e9duire les accidents et les blessures.<\/p>\n<\/div>\n<\/li>\n<li>\n<div>\n<p>Travailler \u00e0 la r\u00e9duction ou \u00e0 la r\u00e9utilisation des d\u00e9chets industriels.<\/p>\n<\/div>\n<\/li>\n<li>\n<div>\n<p>Fournir des produits bons, s\u00fbrs et efficaces pour l\u2019utilisation souhait\u00e9e lors de leur livraison et de leur utilisation conform\u00e9ment aux recommandations, lignes directrices et proc\u00e9dures stipul\u00e9es.<\/p>\n<\/div>\n<\/li>\n<\/ul>\n<h6>Valeurs et Normes<\/h6>\n<ul>\n<li>\n<p>        <img decoding=\"async\" src=\"\/fr\/contents\/uploads\/2022\/07\/Libyan-quality-mark-logo.png\" alt=\"Libyan-quality-mark-logo\"><\/p>\n<\/li>\n<li>\n<p>        <img decoding=\"async\" src=\"\/fr\/contents\/uploads\/2022\/07\/Libyan-quality-center-logo.png\" alt=\"Libyan-quality-center-logo\"><\/p>\n<\/li>\n<li>\n<p>        <img decoding=\"async\" src=\"\/fr\/contents\/uploads\/2022\/07\/ECO-logo.png\" alt=\"ECO logo\"><\/p>\n<\/li>\n<li>\n<p>        <img decoding=\"async\" src=\"\/fr\/contents\/uploads\/2022\/07\/MADE-IN-LIBYA.png\" alt=\"MADE IN LIBYA LOGO\"><\/p>\n<\/li>\n<li>\n<p>        <img decoding=\"async\" src=\"\/fr\/contents\/uploads\/2022\/07\/TUV-logo.png\" alt=\"TUV-logo\"><\/p>\n<\/li>\n<\/ul>\n<p><!--more--><br \/>\n<!-- {\"type\":\"layout\",\"children\":[{\"type\":\"section\",\"props\":{\"style\":\"default\",\"width\":\"default\",\"vertical_align\":\"middle\",\"title_position\":\"top-left\",\"title_rotation\":\"left\",\"title_breakpoint\":\"xl\",\"image_position\":\"center-center\",\"class\":\"gradient-inner\"},\"children\":[{\"type\":\"row\",\"children\":[{\"type\":\"column\",\"props\":{\"position_sticky_breakpoint\":\"m\",\"image_position\":\"center-center\",\"media_overlay_gradient\":\"\",\"style\":\"muted\",\"class\":\"qt-clm\"},\"children\":[{\"type\":\"icon\",\"props\":{\"icon_width\":\"80\",\"margin\":\"default\",\"text_align\":\"right\",\"icon_color\":\"primary\",\"position\":\"absolute\",\"icon\":\"quote-first\",\"animation\":\"parallax\",\"parallax_y_start\":\"-100\",\"parallax_y_end\":\"-100\",\"visibility\":\"s\"}},{\"type\":\"text\",\"props\":{\"margin\":\"default\",\"column_breakpoint\":\"m\",\"content\":\"\n\n<p>Nous sommes la haute direction de la soci\\u00e9t\\u00e9 ALMadina Misurata Paint qui travaille dans la fabrication et la production de peinture et de pates de toutes sortes, l\\u2019eau et l\\u2019huile \\u00e0 Misrata. Nous annon\\u00e7ons notre politique de maintien de la qualit\\u00e9, de l\\u2019environnement, de la s\\u00e9curit\\u00e9 et de la sant\\u00e9 au travail comme suite:<\\\/p>\",\"text_color\":\"primary\",\"text_style\":\"lead\",\"maxwidth\":\"2xlarge\",\"block_align\":\"center\"}},{\"type\":\"icon\",\"props\":{\"icon_width\":\"80\",\"margin\":\"default\",\"icon_color\":\"primary\",\"position\":\"absolute\",\"icon\":\"quote-second\",\"animation\":\"parallax\",\"parallax_y_start\":\"40\",\"parallax_y_end\":\"40\",\"visibility\":\"m\"}}]}]}]},{\"type\":\"section\",\"props\":{\"style\":\"default\",\"width\":\"default\",\"vertical_align\":\"middle\",\"title_position\":\"top-left\",\"title_rotation\":\"left\",\"title_breakpoint\":\"xl\",\"image_position\":\"center-center\"},\"children\":[{\"type\":\"row\",\"children\":[{\"type\":\"column\",\"props\":{\"position_sticky_breakpoint\":\"m\",\"image_position\":\"center-center\",\"media_overlay_gradient\":\"\"},\"children\":[{\"type\":\"panel\",\"props\":{\"link_text\":\"Read more\",\"title_hover_style\":\"reset\",\"title_element\":\"h2\",\"title_align\":\"top\",\"title_grid_width\":\"1-2\",\"title_grid_breakpoint\":\"m\",\"meta_style\":\"meta\",\"meta_align\":\"below-title\",\"meta_element\":\"div\",\"content_column_breakpoint\":\"m\",\"icon_width\":80,\"image_align\":\"left\",\"image_grid_width\":\"1-2\",\"image_grid_breakpoint\":\"m\",\"image_svg_color\":\"emphasis\",\"link_style\":\"default\",\"margin\":\"default\",\"image\":\"wp-content\\\/uploads\\\/2022\\\/07\\\/principle-graph.svg\",\"image_alt\":\"principle graph\",\"title\":\"Principes g\\u00e9n\\u00e9raux\",\"content\":\"\n\n<p>Nous maintenons notre position de leader dans la fabrication de peinture et de p\\u00e2tes en Libye. Nous nous engageons \\u00e0 maintenir la qualit\\u00e9 de nos produits et \\u00e0 les d\\u00e9velopper selon les souhaits de nos clients tout en adh\\u00e9rant \\u00e0 la cr\\u00e9ation d\\u2019un environnement de travail propre, s\\u00fbr et sain.<br \\\/>Nous croyons que la bonne politique de qualit\\u00e9, d\\u2019environnement et de s\\u00e9curit\\u00e9 renforce notre position concurrentielle et b\\u00e9n\\u00e9ficie \\u00e0 nos clients, partenaires, employ\\u00e9s et toutes les parties prenantes par notre contribution \\u00e0 la fourniture de bons produits, une atmosph\\u00e8re saine et un climat \\u00e9conomique conscient dans la collectivit\\u00e9 que nous servons.<\\\/p>\",\"image_vertical_align\":true,\"text_align\":\"left\",\"text_align_breakpoint\":\"m\",\"text_align_fallback\":\"center\",\"title_style\":\"h3\"}}]}]}]},{\"type\":\"section\",\"props\":{\"style\":\"default\",\"width\":\"default\",\"vertical_align\":\"middle\",\"title_position\":\"top-left\",\"title_rotation\":\"left\",\"title_breakpoint\":\"xl\",\"image_position\":\"top-center\",\"image\":\"wp-content\\\/uploads\\\/2022\\\/07\\\/section-bg.svg\",\"image_size\":\"cover\"},\"children\":[{\"type\":\"row\",\"children\":[{\"type\":\"column\",\"props\":{\"position_sticky_breakpoint\":\"m\",\"image_position\":\"center-center\",\"media_overlay_gradient\":\"\"},\"children\":[{\"type\":\"headline\",\"props\":{\"title_element\":\"h3\",\"content\":\"\\u00c9tapes g\\u00e9n\\u00e9rales de base\",\"title_style\":\"h3\",\"text_align\":\"left\",\"text_align_breakpoint\":\"m\",\"text_align_fallback\":\"center\"}},{\"type\":\"grid\",\"props\":{\"show_title\":true,\"show_meta\":true,\"show_content\":true,\"show_image\":true,\"show_link\":true,\"grid_default\":\"1\",\"grid_medium\":\"2\",\"filter_style\":\"tab\",\"filter_all\":true,\"filter_position\":\"top\",\"filter_align\":\"left\",\"filter_grid_width\":\"auto\",\"filter_grid_breakpoint\":\"m\",\"title_hover_style\":\"reset\",\"title_element\":\"h3\",\"title_align\":\"top\",\"title_grid_width\":\"1-2\",\"title_grid_breakpoint\":\"m\",\"meta_style\":\"meta\",\"meta_align\":\"below-title\",\"meta_element\":\"div\",\"content_column_breakpoint\":\"m\",\"icon_width\":80,\"image_align\":\"top\",\"image_grid_width\":\"1-2\",\"image_grid_breakpoint\":\"m\",\"image_svg_color\":\"emphasis\",\"link_text\":\"Read more\",\"link_style\":\"default\",\"margin\":\"medium\",\"item_animation\":true},\"children\":[{\"type\":\"grid_item\",\"props\":{\"content\":\"\n\n<ul>\\n\n\n<li>Prendre en compte les exigences des clients lors de l\\u2019\\u00e9laboration de nos plans de qualit\\u00e9 des produits et prendre en compte la dimension environnementale et la s\\u00e9curit\\u00e9 de nos employ\\u00e9s lors de l\\u2019\\u00e9laboration de nos plans de gestion.<\\\/li>\\n<\\\/ul>\"}},{\"type\":\"grid_item\",\"props\":{\"content\":\"\n\n<ul>\\n\n\n<li>Nous identifions et \\u00e9valuons les sp\\u00e9cifications, les proc\\u00e9dures et les lois de la Libye qui nous appartiennent et nous nous effor\\u00e7ons de les respecter et d\\u2019autres exigences auxquelles nous sommes soumis.<\\\/li>\\n<\\\/ul>\"}},{\"type\":\"grid_item\",\"props\":{\"content\":\"\n\n<ul>\\n\n\n<li>Atteindre nos objectifs de qualit\\u00e9, d\\u2019environnement et de s\\u00e9curit\\u00e9 pour am\\u00e9liorer le rendement, r\\u00e9duire les d\\u00e9chets, r\\u00e9duire la pollution et pr\\u00e9venir les accidents.<\\\/li>\\n<\\\/ul>\"}},{\"type\":\"grid_item\",\"props\":{\"content\":\"\n\n<ul>\\n\n\n<li>Conception, fabrication, production et commercialisation de peintures et de p\\u00e2tes de toutes sortes, eau et huile selon les plus hauts niveaux de qualit\\u00e9 et de productivit\\u00e9 possible \\u00e0 des prix appropri\\u00e9s pour satisfaire les clients et leurs attentes.<\\\/li>\\n<\\\/ul>\"}}]}]}]}]},{\"type\":\"section\",\"props\":{\"style\":\"default\",\"width\":\"default\",\"vertical_align\":\"middle\",\"title_position\":\"top-left\",\"title_rotation\":\"left\",\"title_breakpoint\":\"xl\",\"image_position\":\"center-center\",\"class\":\"\"},\"children\":[{\"type\":\"row\",\"children\":[{\"type\":\"column\",\"props\":{\"position_sticky_breakpoint\":\"m\",\"image_position\":\"center-center\",\"media_overlay_gradient\":\"\"},\"children\":[{\"type\":\"panel\",\"props\":{\"link_text\":\"Read more\",\"title_hover_style\":\"reset\",\"title_element\":\"h4\",\"title_align\":\"top\",\"title_grid_width\":\"1-2\",\"title_grid_breakpoint\":\"m\",\"meta_style\":\"meta\",\"meta_align\":\"below-title\",\"meta_element\":\"div\",\"content_column_breakpoint\":\"m\",\"icon_width\":80,\"image_align\":\"top\",\"image_grid_width\":\"1-2\",\"image_grid_breakpoint\":\"m\",\"image_svg_color\":\"emphasis\",\"link_style\":\"default\",\"margin\":\"default\",\"title\":\"S\\u00e9curit\\u00e9 industrielle et s\\u00e9curit\\u00e9 au travail\",\"content\":\"\n\n<p>Le D\\u00e9partement de la s\\u00e9curit\\u00e9 industrielle et de la s\\u00e9curit\\u00e9 au travail d\\u2019Almadina Misuarata Paint travaille sans rel\\u00e2che pour pr\\u00e9server la sant\\u00e9 et la s\\u00e9curit\\u00e9 des employ\\u00e9s de l\\u2019entreprise, ainsi que de pr\\u00e9server la propri\\u00e9t\\u00e9 de l\\u2019entreprise en lui fournissant les derniers syst\\u00e8mes de surveillance mondiaux.<\\\/p>\",\"title_style\":\"h3\",\"text_align\":\"left\",\"text_align_breakpoint\":\"m\",\"text_align_fallback\":\"center\"}}]}]}]},{\"type\":\"section\",\"props\":{\"style\":\"default\",\"width\":\"\",\"vertical_align\":\"middle\",\"title_position\":\"top-left\",\"title_rotation\":\"left\",\"title_breakpoint\":\"xl\",\"image_position\":\"center-center\",\"class\":\"section-slider\",\"padding_remove_top\":true},\"children\":[{\"type\":\"row\",\"children\":[{\"type\":\"column\",\"props\":{\"position_sticky_breakpoint\":\"m\",\"image_position\":\"center-center\",\"media_overlay_gradient\":\"\"},\"children\":[{\"type\":\"panel-slider\",\"props\":{\"show_title\":false,\"show_meta\":false,\"show_content\":false,\"show_image\":true,\"show_link\":true,\"slider_width\":\"fixed\",\"slider_width_default\":\"5-6\",\"slider_width_medium\":\"1-4\",\"slider_gap\":\"default\",\"slider_autoplay_pause\":true,\"nav\":\"\",\"nav_align\":\"center\",\"nav_breakpoint\":\"s\",\"slidenav\":\"bottom-center\",\"slidenav_margin\":\"medium\",\"slidenav_breakpoint\":\"\",\"slidenav_outside_breakpoint\":\"xl\",\"panel_card_match\":true,\"title_hover_style\":\"reset\",\"title_element\":\"h3\",\"title_align\":\"top\",\"title_grid_width\":\"1-2\",\"title_grid_breakpoint\":\"m\",\"meta_style\":\"meta\",\"meta_align\":\"below-title\",\"meta_element\":\"div\",\"content_column_breakpoint\":\"m\",\"icon_width\":80,\"image_align\":\"top\",\"image_grid_width\":\"1-2\",\"image_grid_breakpoint\":\"m\",\"image_svg_color\":\"emphasis\",\"link_text\":\"\",\"link_style\":\"default\",\"margin\":\"default\",\"class\":\"nav-bottom lightbox-slider\",\"slider_width_large\":\"1-5\",\"slider_width_small\":\"1-3\",\"image_width\":\"438\",\"image_height\":\"262\",\"id\":\"lightbox-slider\",\"image_link\":true,\"slider_width_xlarge\":\"1-6\",\"text_align\":\"center\",\"css\":\".el-image{width:100%;}\",\"slider_autoplay\":true},\"children\":[{\"type\":\"panel-slider_item\",\"props\":{\"title\":\"\",\"image\":\"wp-content\\\/uploads\\\/2022\\\/07\\\/Security-Safety-Team-1-768x576-1.jpeg\",\"link\":\"wp-content\\\/uploads\\\/2022\\\/07\\\/Security-Safety-Team-1-768x576-1.jpeg\"}},{\"type\":\"panel-slider_item\",\"props\":{\"title\":\"\",\"image\":\"wp-content\\\/uploads\\\/2022\\\/07\\\/Security-Safety-Team-3-768x576-1.jpeg\",\"link\":\"wp-content\\\/uploads\\\/2022\\\/07\\\/Security-Safety-Team-3-768x576-1.jpeg\"}},{\"type\":\"panel-slider_item\",\"props\":{\"title\":\"\",\"image\":\"wp-content\\\/uploads\\\/2022\\\/07\\\/Security-Safety-Team-4-768x576-1.jpeg\",\"link\":\"wp-content\\\/uploads\\\/2022\\\/07\\\/Security-Safety-Team-4-768x576-1.jpeg\"}},{\"type\":\"panel-slider_item\",\"props\":{\"title\":\"\",\"image\":\"wp-content\\\/uploads\\\/2022\\\/07\\\/Security-Safety-Team-5-768x576-1.jpeg\",\"link\":\"wp-content\\\/uploads\\\/2022\\\/07\\\/Security-Safety-Team-5-768x576-1.jpeg\"}},{\"type\":\"panel-slider_item\",\"props\":{\"title\":\"\",\"image\":\"wp-content\\\/uploads\\\/2022\\\/07\\\/Security-Safety-Team-6-768x576-1.jpeg\",\"link\":\"wp-content\\\/uploads\\\/2022\\\/07\\\/Security-Safety-Team-6-768x576-1.jpeg\"}},{\"type\":\"panel-slider_item\",\"props\":{\"title\":\"\",\"image\":\"wp-content\\\/uploads\\\/2022\\\/07\\\/Security-Safety-Team-7-768x576-1.jpeg\",\"link\":\"wp-content\\\/uploads\\\/2022\\\/07\\\/Security-Safety-Team-7-768x576-1.jpeg\"}},{\"type\":\"panel-slider_item\",\"props\":{\"title\":\"\",\"image\":\"wp-content\\\/uploads\\\/2022\\\/07\\\/Security-Safety-Team-8-768x576-1.jpeg\",\"link\":\"wp-content\\\/uploads\\\/2022\\\/07\\\/Security-Safety-Team-8-768x576-1.jpeg\"}},{\"type\":\"panel-slider_item\",\"props\":{\"title\":\"\",\"image\":\"wp-content\\\/uploads\\\/2022\\\/07\\\/Security-Safety-Team-9-768x576-1.jpeg\",\"link\":\"wp-content\\\/uploads\\\/2022\\\/07\\\/Security-Safety-Team-9-768x576-1.jpeg\"}},{\"type\":\"panel-slider_item\",\"props\":{\"title\":\"\",\"image\":\"wp-content\\\/uploads\\\/2022\\\/07\\\/Security-Safety-Team-10-768x576-1.jpeg\",\"link\":\"wp-content\\\/uploads\\\/2022\\\/07\\\/Security-Safety-Team-10-768x576-1.jpeg\"}}]}]}]}]},{\"type\":\"section\",\"props\":{\"style\":\"default\",\"width\":\"default\",\"vertical_align\":\"middle\",\"title_position\":\"top-left\",\"title_rotation\":\"left\",\"title_breakpoint\":\"xl\",\"image_position\":\"center-center\"},\"children\":[{\"type\":\"row\",\"props\":{\"layout\":\"1-2,1-2\"},\"children\":[{\"type\":\"column\",\"props\":{\"position_sticky_breakpoint\":\"m\",\"image_position\":\"center-center\",\"media_overlay_gradient\":\"\",\"width_medium\":\"1-2\"},\"children\":[{\"type\":\"image\",\"props\":{\"margin\":\"default\",\"image_svg_color\":\"emphasis\",\"image\":\"wp-content\\\/uploads\\\/2022\\\/07\\\/eco-friendly-amp.png\",\"image_alt\":\"eco friendly amp\",\"text_align\":\"center\",\"visibility\":\"m\"}}]},{\"type\":\"column\",\"props\":{\"position_sticky_breakpoint\":\"m\",\"image_position\":\"center-center\",\"media_overlay_gradient\":\"\",\"width_medium\":\"1-2\",\"vertical_align\":\"middle\"},\"children\":[{\"type\":\"headline\",\"props\":{\"title_element\":\"h5\",\"content\":\"Nous prendrons les mesures suivantes pour atteindre nos objectifs\",\"title_style\":\"h3\",\"text_align\":\"left\",\"text_align_breakpoint\":\"m\",\"text_align_fallback\":\"center\"}},{\"type\":\"list\",\"props\":{\"show_image\":true,\"show_link\":true,\"list_type\":\"vertical\",\"list_element\":\"ul\",\"list_horizontal_separator\":\", \",\"column_breakpoint\":\"m\",\"image_svg_color\":\"emphasis\",\"image_align\":\"left\",\"image_vertical_align\":true,\"list_marker\":\"disc\",\"list_marker_color\":\"secondary\",\"list_size\":\"large\"},\"children\":[{\"type\":\"list_item\",\"props\":{\"content\":\"\n\n<p>Am\\u00e9lioration continue du rendement du syst\\u00e8me de gestion et des processus en surveillant le rendement par rapport aux indices de r\\u00e9f\\u00e9rence \\u00e0 la meilleure qualit\\u00e9 et au prix le plus appropri\\u00e9.<\\\/p>\"}},{\"type\":\"list_item\",\"props\":{\"content\":\"\n\n<p>Rationaliser notre consommation de mati\\u00e8res premi\\u00e8res, d\\u2019eau et d\\u2019\\u00e9nergie afin de r\\u00e9duire les pertes et d\\u2019am\\u00e9liorer l\\u2019environnement.<\\\/p>\"}},{\"type\":\"list_item\",\"props\":{\"content\":\"\n\n<p>S\\u00e9curiser les lieux de travail et les op\\u00e9rations pour r\\u00e9duire les accidents et les blessures.<\\\/p>\"}},{\"type\":\"list_item\",\"props\":{\"content\":\"\n\n<p>Travailler \\u00e0 la r\\u00e9duction ou \\u00e0 la r\\u00e9utilisation des d\\u00e9chets industriels.<\\\/p>\"}},{\"type\":\"list_item\",\"props\":{\"content\":\"\n\n<p>Fournir des produits bons, s\\u00fbrs et efficaces pour l\\u2019utilisation souhait\\u00e9e lors de leur livraison et de leur utilisation conform\\u00e9ment aux recommandations, lignes directrices et proc\\u00e9dures stipul\\u00e9es.<\\\/p>\"}}]}]}]}]},{\"type\":\"section\",\"props\":{\"style\":\"default\",\"width\":\"default\",\"vertical_align\":\"middle\",\"title_position\":\"top-left\",\"title_rotation\":\"left\",\"title_breakpoint\":\"xl\",\"image_position\":\"center-center\",\"class\":\"section-slider\"},\"children\":[{\"type\":\"row\",\"children\":[{\"type\":\"column\",\"props\":{\"position_sticky_breakpoint\":\"m\",\"image_position\":\"center-center\",\"media_overlay_gradient\":\"\"},\"children\":[{\"type\":\"headline\",\"props\":{\"title_element\":\"h6\",\"content\":\"Valeurs et Normes\",\"title_style\":\"h3\",\"text_align\":\"left\",\"text_align_breakpoint\":\"m\",\"text_align_fallback\":\"center\"}},{\"type\":\"panel-slider\",\"props\":{\"show_title\":false,\"show_meta\":false,\"show_content\":false,\"show_image\":true,\"show_link\":true,\"slider_width\":\"fixed\",\"slider_width_default\":\"1-1\",\"slider_width_medium\":\"1-4\",\"slider_gap\":\"default\",\"slider_autoplay_pause\":true,\"nav\":\"\",\"nav_align\":\"center\",\"nav_breakpoint\":\"s\",\"slidenav\":\"bottom-center\",\"slidenav_margin\":\"medium\",\"slidenav_breakpoint\":\"\",\"slidenav_outside_breakpoint\":\"xl\",\"panel_card_match\":false,\"title_hover_style\":\"reset\",\"title_element\":\"h3\",\"title_align\":\"top\",\"title_grid_width\":\"1-2\",\"title_grid_breakpoint\":\"m\",\"meta_style\":\"meta\",\"meta_align\":\"below-title\",\"meta_element\":\"div\",\"content_column_breakpoint\":\"m\",\"icon_width\":80,\"image_align\":\"top\",\"image_grid_width\":\"1-2\",\"image_grid_breakpoint\":\"m\",\"image_svg_color\":\"emphasis\",\"link_text\":\"\",\"link_style\":\"default\",\"margin\":\"medium\",\"class\":\"nav-bottom\",\"slider_width_large\":\"\",\"slider_width_small\":\"1-3\",\"image_height\":\"150\",\"image_link\":false,\"panel_style\":\"card-default\",\"panel_padding\":\"small\",\"panel_card_offset\":true,\"text_align\":\"center\",\"slider_autoplay\":true},\"children\":[{\"type\":\"panel-slider_item\",\"props\":{\"title\":\"\",\"image\":\"wp-content\\\/uploads\\\/2022\\\/07\\\/Libyan-quality-mark-logo.png\",\"image_alt\":\"Libyan-quality-mark-logo\"}},{\"type\":\"panel-slider_item\",\"props\":{\"title\":\"\",\"image\":\"wp-content\\\/uploads\\\/2022\\\/07\\\/Libyan-quality-center-logo.png\",\"image_alt\":\"Libyan-quality-center-logo\"}},{\"type\":\"panel-slider_item\",\"props\":{\"title\":\"\",\"image\":\"wp-content\\\/uploads\\\/2022\\\/07\\\/ECO-logo.png\",\"image_alt\":\"ECO logo\"}},{\"type\":\"panel-slider_item\",\"props\":{\"title\":\"\",\"image\":\"wp-content\\\/uploads\\\/2022\\\/07\\\/MADE-IN-LIBYA.png\",\"image_alt\":\"MADE IN LIBYA LOGO\"}},{\"type\":\"panel-slider_item\",\"props\":{\"title\":\"\",\"image\":\"wp-content\\\/uploads\\\/2022\\\/07\\\/TUV-logo.png\",\"image_alt\":\"TUV-logo\"}}]}]}]}]}],\"version\":\"2.7.22\"} --><\/p>\n","protected":false},"excerpt":{"rendered":"<p>[quote-first] Nous sommes la haute direction de la soci\u00e9t\u00e9 ALMadina Misurata Paint qui travaille dans la fabrication et la production de peinture et de pates de toutes sortes, l\u2019eau et l\u2019huile \u00e0 Misrata. Nous annon\u00e7ons notre politique de maintien de la qualit\u00e9, de l\u2019environnement, de la s\u00e9curit\u00e9 et de la sant\u00e9 au travail comme suite: [&hellip;]<\/p>\n","protected":false},"author":1,"featured_media":16251,"parent":29,"menu_order":0,"comment_status":"closed","ping_status":"closed","template":"","meta":{"_acf_changed":false,"footnotes":""},"class_list":["post-9948","page","type-page","status-publish","has-post-thumbnail","hentry"],"acf":[],"_links":{"self":[{"href":"https:\/\/almadinamisurata.ly\/fr\/wp-json\/wp\/v2\/pages\/9948","targetHints":{"allow":["GET"]}}],"collection":[{"href":"https:\/\/almadinamisurata.ly\/fr\/wp-json\/wp\/v2\/pages"}],"about":[{"href":"https:\/\/almadinamisurata.ly\/fr\/wp-json\/wp\/v2\/types\/page"}],"author":[{"embeddable":true,"href":"https:\/\/almadinamisurata.ly\/fr\/wp-json\/wp\/v2\/users\/1"}],"replies":[{"embeddable":true,"href":"https:\/\/almadinamisurata.ly\/fr\/wp-json\/wp\/v2\/comments?post=9948"}],"version-history":[{"count":0,"href":"https:\/\/almadinamisurata.ly\/fr\/wp-json\/wp\/v2\/pages\/9948\/revisions"}],"up":[{"embeddable":true,"href":"https:\/\/almadinamisurata.ly\/fr\/wp-json\/wp\/v2\/pages\/29"}],"wp:featuredmedia":[{"embeddable":true,"href":"https:\/\/almadinamisurata.ly\/fr\/wp-json\/wp\/v2\/media\/16251"}],"wp:attachment":[{"href":"https:\/\/almadinamisurata.ly\/fr\/wp-json\/wp\/v2\/media?parent=9948"}],"curies":[{"name":"wp","href":"https:\/\/api.w.org\/{rel}","templated":true}]}}