{"id":9950,"date":"2022-07-14T06:57:48","date_gmt":"2022-07-14T06:57:48","guid":{"rendered":"https:\/\/ampsite.demo.ly\/fr\/?page_id=9950"},"modified":"2022-11-01T11:12:53","modified_gmt":"2022-11-01T11:12:53","slug":"productive-sectors","status":"publish","type":"page","link":"https:\/\/almadinamisurata.ly\/fr\/about\/productive-sectors\/","title":{"rendered":"Secteurs Productifs"},"content":{"rendered":"<div>\n<p>        <img decoding=\"async\" src=\"\/fr\/contents\/uploads\/sites\/3\/2022\/07\/productive-graphic.svg\" alt=\"productive graphic\"><\/p>\n<h2>Almadina Misurata Paints secteurs de la fabrication et de la production<\/h2>\n<div>\n<p>Depuis la cr\u00e9ation de la soci\u00e9t\u00e9 en 1993\/07\/21, le principal souci de la haute direction a \u00e9t\u00e9 de suivre les derni\u00e8res sciences et technologies dans l\u2019industrie de la peinture et de la p\u00e2te, c\u2019est pourquoi un d\u00e9partement de recherche et d\u00e9veloppement a \u00e9t\u00e9 cr\u00e9\u00e9, et maintenant la soci\u00e9t\u00e9 a atteint un stade o\u00f9 elle peut correspondre \u00e0 toutes les entreprises mondiales travaillant dans l\u2019industrie de la peinture et des pates murales avec des capacit\u00e9s \u00e9lev\u00e9es.<\/p>\n<\/div>\n<\/div>\n<ul>\n<li>\n<p>        <img decoding=\"async\" src=\"\/fr\/contents\/uploads\/2022\/07\/paint-roller-primary-icon.svg\" alt=\"paint roller primary icon\"><\/p>\n<h3>Secteur de la production de peinture \u00e0 l\u2019eau<\/h3>\n<div>\n<p>Ce secteur peut produire environ 120 tonnes de peinture \u00e0 base d&rsquo;eau par jour au cours d&rsquo;un quart de de 8 heures.<\/p>\n<\/div>\n<\/li>\n<li>\n<p>        <img decoding=\"async\" src=\"\/fr\/contents\/uploads\/2022\/07\/spatula-icon.svg\" alt=\"spatula icon\"><\/p>\n<h3>Secteur de la production de p\u00e2tes<\/h3>\n<div>\n<p>Ce secteur peut produire environ 250 tonnes de p\u00e2tes par jour en un quart de 8 heures.<\/p>\n<\/div>\n<\/li>\n<li>\n<p>        <img decoding=\"async\" src=\"\/fr\/contents\/uploads\/2022\/07\/spatula-sec-icon.svg\" alt=\"spatula sec icon\"><\/p>\n<h3>Secteur de la production de peintures \u00e0 l\u2019huile<\/h3>\n<div>\n<p>Ce secteur peut produire environ 30 tonnes de peintures \u00e0 l\u2019huile par jour en un quart de 8 heures.<\/p>\n<\/div>\n<\/li>\n<li>\n<p>        <img decoding=\"async\" src=\"\/fr\/contents\/uploads\/2022\/07\/swatches-sec-icon.svg\" alt=\"swatches sec icon\"><\/p>\n<h3>Le secteur de la production de peintures d\u00e9coratives<\/h3>\n<div>\n<p>Ce secteur peut produire environ 120 tonnes de peinture \u00e0 l\u2019eau par jour en un quart de 8 heures.<\/p>\n<\/div>\n<\/li>\n<li>\n<p>        <img decoding=\"async\" src=\"\/fr\/contents\/uploads\/2022\/07\/paint-container-icon.svg\" alt=\"paint container icon\"><\/p>\n<h3>Secteur de la production de peintures industrielles<\/h3>\n<div>\n<p>Ce secteur peut produire environ 5 tonnes de peintures industrielles par jour en un quart de 8 heures.<\/p>\n<\/div>\n<\/li>\n<li>\n<p>        <img decoding=\"async\" src=\"\/fr\/contents\/uploads\/2022\/07\/spatula-third-icon.svg\" alt=\"spatula third icon\"><\/p>\n<h3>Secteur de la production de goudron (bitume)<\/h3>\n<div>\n<p>Ce secteur peut produire environ 15 tonnes de bitume par heure.<\/p>\n<\/div>\n<\/li>\n<\/ul>\n<div>\n<h3>Le secteur de l\u2019emballage plastique et m\u00e9tallique Production<\/h3>\n<div>\n<p>Almadina Misurata pour la fabrication de peintures et de p\u00e2tes a contribu\u00e9 \u00e0 la mise en place de deux lignes de production compl\u00e8tes pour la fabrication de seaux et de bouteilles en plastique et en m\u00e9tal afin d\u2019\u00e9conomiser effort, argent et temps, et la r\u00e9partition de ces secteurs comme suit :<\/p>\n<\/div>\n<\/div>\n<div>\n<h3>Secteur de la production des bouteilles en plastique<\/h3>\n<div>\n<p>Ce secteur peut produire diverses bouteilles en plastique sur diff\u00e9rentes tailles avec une capacit\u00e9 de production selon le tableau suivant:<\/p>\n<\/div>\n<\/div>\n<table>\n<thead>\n<tr>\n<th>Num\u00e9ro<\/th>\n<th>Ligne de production<\/th>\n<th>Capacit\u00e9 de production mensuelle<\/th>\n<th>Capacit\u00e9 de production annuelle<\/th>\n<\/tr>\n<\/thead>\n<tbody>\n<tr>\n<td>1<\/td>\n<td>\n<p>25KG Production line<\/p>\n<\/td>\n<td>\n<p>31200<\/p>\n<\/td>\n<td>\n<p>374400<\/p>\n<\/td>\n<\/tr>\n<tr>\n<td>2<\/td>\n<td>\n<p>20KG Production line<\/p>\n<\/td>\n<td>\n<p>83200<\/p>\n<\/td>\n<td>\n<p>998400<\/p>\n<\/td>\n<\/tr>\n<tr>\n<td>3<\/td>\n<td>\n<p>15KG Production line<\/p>\n<\/td>\n<td>\n<p>41600<\/p>\n<\/td>\n<td>\n<p>499200<\/p>\n<\/td>\n<\/tr>\n<tr>\n<td>4<\/td>\n<td>\n<p>10KG Production line<\/p>\n<\/td>\n<td>\n<p>52000<\/p>\n<\/td>\n<td>\n<p>624000<\/p>\n<\/td>\n<\/tr>\n<tr>\n<td>5<\/td>\n<td>\n<p>5KG Production line<\/p>\n<\/td>\n<td>\n<p>36400<\/p>\n<\/td>\n<td>\n<p>436800<\/p>\n<\/td>\n<\/tr>\n<tr>\n<td>6<\/td>\n<td>\n<p>4KG Production line<\/p>\n<\/td>\n<td>\n<p>46800<\/p>\n<\/td>\n<td>\n<p>561600<\/p>\n<\/td>\n<\/tr>\n<tr>\n<td>7<\/td>\n<td>\n<p>1KG Production line<\/p>\n<\/td>\n<td>\n<p>20800<\/p>\n<\/td>\n<td>\n<p>249600<\/p>\n<\/td>\n<\/tr>\n<tr>\n<td>8<\/td>\n<td>\n<p>0.5KG Production line<\/p>\n<\/td>\n<td>\n<p>20800<\/p>\n<\/td>\n<td>\n<p>249600<\/p>\n<\/td>\n<\/tr>\n<tr>\n<td>9<\/td>\n<td>\n<p>Gallon line<\/p>\n<\/td>\n<td>\n<p>13000<\/p>\n<\/td>\n<td>\n<p>156000<\/p>\n<\/td>\n<\/tr>\n<tr>\n<td>10<\/td>\n<td>\n<p>Bottles Production line<\/p>\n<\/td>\n<td>\n<p>36400<\/p>\n<\/td>\n<td>\n<p>436800<\/p>\n<\/td>\n<\/tr>\n<tr>\n<td>11<\/td>\n<td>\n<p>Barrel line<\/p>\n<\/td>\n<td>\n<p>36400<\/p>\n<\/td>\n<td>\n<p>436800<\/p>\n<\/td>\n<\/tr>\n<tr>\n<td>12<\/td>\n<td>\n<p>Plastic bag package line<\/p>\n<\/td>\n<td>\n<p>36400<\/p>\n<\/td>\n<td>\n<p>436800<\/p>\n<\/td>\n<\/tr>\n<\/tbody>\n<\/table>\n<p><!--more--><br \/>\n<!-- {\"type\":\"layout\",\"children\":[{\"type\":\"section\",\"props\":{\"style\":\"default\",\"width\":\"default\",\"vertical_align\":\"middle\",\"title_position\":\"top-left\",\"title_rotation\":\"left\",\"title_breakpoint\":\"xl\",\"image_position\":\"center-center\",\"class\":\"gradient-inner\"},\"children\":[{\"type\":\"row\",\"children\":[{\"type\":\"column\",\"props\":{\"position_sticky_breakpoint\":\"m\",\"image_position\":\"center-center\",\"media_overlay_gradient\":\"\"},\"children\":[{\"type\":\"panel\",\"props\":{\"link_text\":\"Read more\",\"title_hover_style\":\"reset\",\"title_element\":\"h2\",\"title_align\":\"top\",\"title_grid_width\":\"1-2\",\"title_grid_breakpoint\":\"m\",\"meta_style\":\"text-meta\",\"meta_align\":\"below-title\",\"meta_element\":\"div\",\"content_column_breakpoint\":\"m\",\"icon_width\":80,\"image_align\":\"left\",\"image_grid_width\":\"1-2\",\"image_grid_breakpoint\":\"m\",\"image_svg_color\":\"emphasis\",\"link_style\":\"default\",\"margin\":\"default\",\"title\":\"Almadina Misurata Paints secteurs de la fabrication et de la production\",\"content\":\"\n\n<p>Depuis la cr\\u00e9ation de la soci\\u00e9t\\u00e9 en 1993\\\/07\\\/21, le principal souci de la haute direction a \\u00e9t\\u00e9 de suivre les derni\\u00e8res sciences et technologies dans l\\u2019industrie de la peinture et de la p\\u00e2te, c\\u2019est pourquoi un d\\u00e9partement de recherche et d\\u00e9veloppement a \\u00e9t\\u00e9 cr\\u00e9\\u00e9, et maintenant la soci\\u00e9t\\u00e9 a atteint un stade o\\u00f9 elle peut correspondre \\u00e0 toutes les entreprises mondiales travaillant dans l\\u2019industrie de la peinture et des pates murales avec des capacit\\u00e9s \\u00e9lev\\u00e9es.<\\\/p>\",\"image\":\"assets\\\/sites\\\/3\\\/2022\\\/07\\\/productive-graphic.svg\",\"image_alt\":\"productive graphic\",\"image_vertical_align\":true,\"text_align\":\"left\",\"text_align_breakpoint\":\"m\",\"text_align_fallback\":\"center\",\"title_style\":\"h3\"}}]}]}]},{\"type\":\"section\",\"props\":{\"style\":\"default\",\"width\":\"default\",\"vertical_align\":\"middle\",\"title_position\":\"top-left\",\"title_rotation\":\"left\",\"title_breakpoint\":\"xl\",\"image_position\":\"top-center\",\"image\":\"wp-content\\\/uploads\\\/2022\\\/07\\\/section-bg.svg\",\"image_size\":\"cover\"},\"children\":[{\"type\":\"row\",\"children\":[{\"type\":\"column\",\"props\":{\"position_sticky_breakpoint\":\"m\",\"image_position\":\"center-center\",\"media_overlay_gradient\":\"\"},\"children\":[{\"type\":\"grid\",\"props\":{\"show_title\":true,\"show_meta\":true,\"show_content\":true,\"show_image\":true,\"show_link\":true,\"grid_default\":\"1\",\"grid_medium\":\"3\",\"filter_style\":\"tab\",\"filter_all\":true,\"filter_position\":\"top\",\"filter_align\":\"left\",\"filter_grid_width\":\"auto\",\"filter_grid_breakpoint\":\"m\",\"title_hover_style\":\"reset\",\"title_element\":\"h3\",\"title_align\":\"top\",\"title_grid_width\":\"1-2\",\"title_grid_breakpoint\":\"m\",\"meta_style\":\"text-meta\",\"meta_align\":\"below-title\",\"meta_element\":\"div\",\"content_column_breakpoint\":\"m\",\"icon_width\":80,\"image_align\":\"top\",\"image_grid_width\":\"1-2\",\"image_grid_breakpoint\":\"m\",\"image_svg_color\":\"emphasis\",\"link_text\":\"Read more\",\"link_style\":\"default\",\"margin\":\"default\",\"item_animation\":true,\"panel_style\":\"card-default\",\"panel_padding\":\"large\",\"text_align\":\"center\",\"class\":\"uk-img-height\",\"grid_small\":\"2\",\"parallax_easing\":\"1\"},\"children\":[{\"type\":\"grid_item\",\"props\":{\"title\":\"Secteur de la production de peinture \\u00e0 l\\u2019eau\",\"content\":\"\n\n<p>Ce secteur peut produire environ 120 tonnes de peinture \\u00e0 base d'eau par jour au cours d'un quart de de 8 heures.<\\\/p>\",\"image\":\"wp-content\\\/uploads\\\/2022\\\/07\\\/paint-roller-primary-icon.svg\",\"image_alt\":\"paint roller primary icon\"}},{\"type\":\"grid_item\",\"props\":{\"title\":\"Secteur de la production de p\\u00e2tes\",\"content\":\"\n\n<p>Ce secteur peut produire environ 250 tonnes de p\\u00e2tes par jour en un quart de 8 heures.<\\\/p>\",\"image\":\"wp-content\\\/uploads\\\/2022\\\/07\\\/spatula-icon.svg\",\"image_alt\":\"spatula icon\"}},{\"type\":\"grid_item\",\"props\":{\"title\":\"Secteur de la production de peintures \\u00e0 l\\u2019huile\",\"content\":\"\n\n<p>Ce secteur peut produire environ 30 tonnes de peintures \\u00e0 l\\u2019huile par jour en un quart de 8 heures.<\\\/p>\",\"image\":\"wp-content\\\/uploads\\\/2022\\\/07\\\/spatula-sec-icon.svg\",\"image_alt\":\"spatula sec icon\"}},{\"type\":\"grid_item\",\"props\":{\"image\":\"wp-content\\\/uploads\\\/2022\\\/07\\\/swatches-sec-icon.svg\",\"image_alt\":\"swatches sec icon\",\"content\":\"\n\n<p>Ce secteur peut produire environ 120 tonnes de peinture \\u00e0 l\\u2019eau par jour en un quart de 8 heures.<\\\/p>\",\"title\":\"Le secteur de la production de peintures d\\u00e9coratives\"}},{\"type\":\"grid_item\",\"props\":{\"title\":\"Secteur de la production de peintures industrielles\",\"content\":\"\n\n<p>Ce secteur peut produire environ 5 tonnes de peintures industrielles par jour en un quart de 8 heures.<\\\/p>\",\"image\":\"wp-content\\\/uploads\\\/2022\\\/07\\\/paint-container-icon.svg\",\"image_alt\":\"paint container icon\"}},{\"type\":\"grid_item\",\"props\":{\"title\":\"Secteur de la production de goudron (bitume)\",\"content\":\"\n\n<p>Ce secteur peut produire environ 15 tonnes de bitume par heure.<\\\/p>\",\"image\":\"wp-content\\\/uploads\\\/2022\\\/07\\\/spatula-third-icon.svg\",\"image_alt\":\"spatula third icon\"}}]}]}],\"props\":{\"match\":true}}]},{\"type\":\"section\",\"props\":{\"style\":\"default\",\"width\":\"default\",\"vertical_align\":\"middle\",\"title_position\":\"top-left\",\"title_rotation\":\"left\",\"title_breakpoint\":\"xl\",\"image_position\":\"center-center\"},\"children\":[{\"type\":\"row\",\"children\":[{\"type\":\"column\",\"props\":{\"position_sticky_breakpoint\":\"m\",\"image_position\":\"center-center\",\"media_overlay_gradient\":\"\"},\"children\":[{\"type\":\"panel\",\"props\":{\"link_text\":\"Read more\",\"title_hover_style\":\"reset\",\"title_element\":\"h3\",\"title_align\":\"top\",\"title_grid_width\":\"1-2\",\"title_grid_breakpoint\":\"m\",\"meta_style\":\"text-meta\",\"meta_align\":\"below-title\",\"meta_element\":\"div\",\"content_column_breakpoint\":\"m\",\"icon_width\":80,\"image_align\":\"top\",\"image_grid_width\":\"1-2\",\"image_grid_breakpoint\":\"m\",\"image_svg_color\":\"emphasis\",\"link_style\":\"default\",\"margin\":\"default\",\"title\":\"Le secteur de l\\u2019emballage plastique et m\\u00e9tallique Production\",\"content\":\"\n\n<p>Almadina Misurata pour la fabrication de peintures et de p\\u00e2tes a contribu\\u00e9 \\u00e0 la mise en place de deux lignes de production compl\\u00e8tes pour la fabrication de seaux et de bouteilles en plastique et en m\\u00e9tal afin d\\u2019\\u00e9conomiser effort, argent et temps, et la r\\u00e9partition de ces secteurs comme suit :<\\\/p>\",\"title_style\":\"h3\"}}]}]},{\"type\":\"row\",\"children\":[{\"type\":\"column\",\"props\":{\"position_sticky_breakpoint\":\"m\",\"image_position\":\"center-center\",\"media_overlay_gradient\":\"\"},\"children\":[{\"type\":\"description_list\",\"props\":{\"show_title\":true,\"show_meta\":true,\"show_content\":true,\"show_link\":true,\"list_element\":\"ul\",\"column_breakpoint\":\"m\",\"layout\":\"stacked\",\"title_grid_width\":\"auto\",\"title_grid_column_gap\":\"small\",\"title_grid_row_gap\":\"small\",\"title_element\":\"div\",\"meta_style\":\"text-meta\",\"meta_align\":\"below-content\",\"list_marker\":\"disc\",\"list_marker_color\":\"secondary\",\"title_color\":\"primary\",\"list_size\":\"\",\"title_style\":\"h4\",\"margin\":\"medium\",\"class\":\"list-margin\"},\"children\":[{\"type\":\"description_list_item\",\"props\":{\"title\":\"Secteur de la production des bouteilles en plastique\",\"content\":\"\n\n<p>Ce secteur peut produire diverses bouteilles en plastique sur diff\\u00e9rentes tailles avec une capacit\\u00e9 de production selon le tableau suivant:<\\\/p>\"}}]},{\"type\":\"fs_table\",\"props\":{\"show_table_title\":false,\"show_table_meta\":false,\"show_table_content\":false,\"show_title\":true,\"show_description\":true,\"show_text_1\":true,\"show_text_2\":true,\"show_text_3\":true,\"show_text_4\":false,\"show_text_5\":false,\"show_text_6\":false,\"show_text_7\":false,\"show_text_8\":false,\"show_text_9\":false,\"show_image\":false,\"show_link\":false,\"enable_datatables\":false,\"table_datatables_search\":true,\"table_datatables_ordering\":true,\"table_datatables_filter\":true,\"table_datatables_paging\":true,\"table_datatables_info\":true,\"table_datatables_save_state\":false,\"table_datatables_defer_render\":false,\"table_datatables_sticky\":false,\"table_datatables_fixed_header\":false,\"table_datatables_fixed_footer\":false,\"table_datatables_fixed_header_offset\":0,\"table_datatables_fixed_footer_offset\":0,\"table_datatables_sorting_image\":false,\"table_datatables_lengthChange\":true,\"table_datatables_pageLength\":\"10\",\"table_title_element\":\"h2\",\"table_title_align\":\"top\",\"table_title_grid_width\":\"1-2\",\"table_title_grid_breakpoint\":\"m\",\"table_meta_style\":\"h3\",\"table_meta_color\":\"primary\",\"table_meta_decoration\":\"divider\",\"table_meta_margin\":\"remove\",\"table_meta_align\":\"below-table-title\",\"table_meta_element\":\"div\",\"table_content_style\":\"small\",\"table_content_column_breakpoint\":\"m\",\"table_content_margin\":\"small\",\"table_head_title\":\"Num\\u00e9ro\",\"table_head_text_1\":\"Ligne de production\",\"table_head_text_2\":\"Capacit\\u00e9 de production mensuelle\",\"table_head_text_3\":\"Capacit\\u00e9 de production annuelle\",\"table_head_text_4\":\"Text 4\",\"table_head_text_5\":\"Text 5\",\"table_head_text_6\":\"Text 6\",\"table_head_text_7\":\"Text 7\",\"table_head_text_8\":\"Text 8\",\"table_head_text_9\":\"Text 9\",\"table_head_image\":\"Image\",\"table_head_link\":\"Link\",\"table_datatables_filter_title\":true,\"table_datatables_filter_text_1\":true,\"table_datatables_filter_text_2\":true,\"table_datatables_filter_text_3\":true,\"table_datatables_filter_text_4\":true,\"table_datatables_filter_text_5\":true,\"table_datatables_filter_text_6\":true,\"table_datatables_filter_text_7\":true,\"table_datatables_filter_text_8\":true,\"table_datatables_filter_text_9\":true,\"table_datatables_filter_link\":true,\"title_style\":\"\",\"description_style\":\"\",\"description_margin\":\"remove\",\"text_1_style\":\"\",\"text_2_style\":\"\",\"text_3_style\":\"\",\"text_4_style\":\"h5\",\"text_5_style\":\"h5\",\"text_6_style\":\"h5\",\"text_7_style\":\"h5\",\"text_8_style\":\"h5\",\"text_9_style\":\"h5\",\"text_1_align\":\"center\",\"text_2_align\":\"center\",\"text_3_align\":\"center\",\"text_4_align\":\"center\",\"text_5_align\":\"center\",\"text_6_align\":\"center\",\"text_7_align\":\"center\",\"text_8_align\":\"center\",\"text_9_align\":\"center\",\"table_style\":\"striped\",\"table_justify\":false,\"table_size\":\"\",\"table_order\":\"4\",\"table_vertical_align\":true,\"table_responsive\":\"overflow\",\"table_width_title\":\"small\",\"table_width_text_1\":\"shrink\",\"table_width_text_2\":\"shrink\",\"table_width_text_3\":\"shrink\",\"table_width_text_4\":\"shrink\",\"table_width_text_5\":\"shrink\",\"table_width_text_6\":\"shrink\",\"table_width_text_7\":\"shrink\",\"table_width_text_8\":\"shrink\",\"table_width_text_9\":\"shrink\",\"table_width_link\":\"shrink\",\"table_width_image\":\"shrink\",\"image_width\":\"60\",\"image_height\":\"60\",\"image_svg_color\":\"emphasis\",\"link_size\":\"small\",\"link_text\":\"Read more\",\"link_style\":\"secondary\",\"table_title_limit_length\":\"80\",\"table_meta_limit_length\":\"80\",\"table_content_limit_length\":\"80\",\"table_width_image_custom\":\"100\",\"table_width_title_custom\":\"100\",\"table_width_text_1_custom\":\"100\",\"table_width_text_2_custom\":\"100\",\"table_width_text_3_custom\":\"100\",\"table_width_text_4_custom\":\"100\",\"table_width_text_5_custom\":\"100\",\"table_width_text_6_custom\":\"100\",\"table_width_text_7_custom\":\"100\",\"table_width_text_8_custom\":\"100\",\"table_width_text_9_custom\":\"100\",\"table_width_link_custom\":\"100\",\"title_limit_length\":\"80\",\"title_align\":\"center\",\"description_limit_length\":\"80\",\"description_align\":\"\",\"text_1_limit_length\":\"80\",\"text_2_limit_length\":\"80\",\"text_3_limit_length\":\"80\",\"text_4_limit_length\":\"80\",\"text_5_limit_length\":\"80\",\"text_6_limit_length\":\"80\",\"text_7_limit_length\":\"80\",\"text_8_limit_length\":\"80\",\"text_9_limit_length\":\"80\",\"table_datatables_sorting_default\":\"title\",\"table_datatables_sorting_default_order\":\"asc\",\"table_datatables_filter_position\":\"footer\",\"table_datatables_filter_placeholder\":\"col-name\",\"table_datatables_filter_dropdown_size\":\"\",\"table_datatables_filter_dropdown_width\":\"100\",\"table_datatables_filter_dropdown_limit\":\"100\",\"table_datatables_translation_search\":\"Search\",\"table_datatables_translation_zeroRecords\":\"Nothing found - sorry\",\"table_datatables_translation_info\":\"Showing page _PAGE_ of _PAGES_\",\"table_datatables_translation_infoEmpty\":\"No records available\",\"table_datatables_translation_infoFiltered\":\"(filtered from _MAX_ total records)\",\"table_datatables_translation_lengthMenu\":\"Display _MENU_ records per page\",\"table_datatables_translation_pagination_previous\":\"Previous\",\"table_datatables_translation_pagination_next\":\"Next\",\"table_datatables_translation_filter_all\":\"All\",\"table_datatables_translation_filter_checkbox_true\":\"Yes\",\"table_datatables_translation_filter_checkbox_false\":\"No\",\"table_hover\":false,\"margin\":\"default\",\"margin_remove_bottom\":false,\"class\":\"uk-margin-remove-bottom\"},\"children\":[{\"type\":\"fs_table_item\",\"props\":{\"label\":\"\",\"label_color\":\"\",\"label_custom_color\":\"#000000\",\"title\":\"1\",\"text_1\":\"\n\n<p>25KG Production line<\\\/p>\",\"text_2\":\"\n\n<p>31200<\\\/p>\",\"text_3\":\"\n\n<p>374400<\\\/p>\"}},{\"type\":\"fs_table_item\",\"props\":{\"label\":\"\",\"label_color\":\"\",\"label_custom_color\":\"#000000\",\"title\":\"2\",\"text_1\":\"\n\n<p>20KG Production line<\\\/p>\",\"text_2\":\"\n\n<p>83200<\\\/p>\",\"text_3\":\"\n\n<p>998400<\\\/p>\"}},{\"type\":\"fs_table_item\",\"props\":{\"label\":\"\",\"label_color\":\"\",\"label_custom_color\":\"#000000\",\"title\":\"3\",\"text_1\":\"\n\n<p>15KG Production line<\\\/p>\",\"text_2\":\"\n\n<p>41600<\\\/p>\",\"text_3\":\"\n\n<p>499200<\\\/p>\"}},{\"type\":\"fs_table_item\",\"props\":{\"label\":\"\",\"label_color\":\"\",\"label_custom_color\":\"#000000\",\"title\":\"4\",\"text_1\":\"\n\n<p>10KG Production line<\\\/p>\",\"text_2\":\"\n\n<p>52000<\\\/p>\",\"text_3\":\"\n\n<p>624000<\\\/p>\"}},{\"type\":\"fs_table_item\",\"props\":{\"label\":\"\",\"label_color\":\"\",\"label_custom_color\":\"#000000\",\"title\":\"5\",\"text_1\":\"\n\n<p>5KG Production line<\\\/p>\",\"text_2\":\"\n\n<p>36400<\\\/p>\",\"text_3\":\"\n\n<p>436800<\\\/p>\"}},{\"type\":\"fs_table_item\",\"props\":{\"label\":\"\",\"label_color\":\"\",\"label_custom_color\":\"#000000\",\"title\":\"6\",\"text_1\":\"\n\n<p>4KG Production line<\\\/p>\",\"text_2\":\"\n\n<p>46800<\\\/p>\",\"text_3\":\"\n\n<p>561600<\\\/p>\"}},{\"type\":\"fs_table_item\",\"props\":{\"label\":\"\",\"label_color\":\"\",\"label_custom_color\":\"#000000\",\"title\":\"7\",\"text_1\":\"\n\n<p>1KG Production line<\\\/p>\",\"text_2\":\"\n\n<p>20800<\\\/p>\",\"text_3\":\"\n\n<p>249600<\\\/p>\"}},{\"type\":\"fs_table_item\",\"props\":{\"label\":\"\",\"label_color\":\"\",\"label_custom_color\":\"#000000\",\"title\":\"8\",\"text_1\":\"\n\n<p>0.5KG Production line<\\\/p>\",\"text_2\":\"\n\n<p>20800<\\\/p>\",\"text_3\":\"\n\n<p>249600<\\\/p>\"}},{\"type\":\"fs_table_item\",\"props\":{\"label\":\"\",\"label_color\":\"\",\"label_custom_color\":\"#000000\",\"title\":\"9\",\"text_1\":\"\n\n<p>Gallon line<\\\/p>\",\"text_2\":\"\n\n<p>13000<\\\/p>\",\"text_3\":\"\n\n<p>156000<\\\/p>\"}},{\"type\":\"fs_table_item\",\"props\":{\"label\":\"\",\"label_color\":\"\",\"label_custom_color\":\"#000000\",\"title\":\"10\",\"text_1\":\"\n\n<p>Bottles Production line<\\\/p>\",\"text_2\":\"\n\n<p>36400<\\\/p>\",\"text_3\":\"\n\n<p>436800<\\\/p>\"}},{\"type\":\"fs_table_item\",\"props\":{\"label\":\"\",\"label_color\":\"\",\"label_custom_color\":\"#000000\",\"title\":\"11\",\"text_1\":\"\n\n<p>Barrel line<\\\/p>\",\"text_2\":\"\n\n<p>36400<\\\/p>\",\"text_3\":\"\n\n<p>436800<\\\/p>\"}},{\"type\":\"fs_table_item\",\"props\":{\"label\":\"\",\"label_color\":\"\",\"label_custom_color\":\"#000000\",\"title\":\"12\",\"text_1\":\"\n\n<p>Plastic bag package line<\\\/p>\",\"text_2\":\"\n\n<p>36400<\\\/p>\",\"text_3\":\"\n\n<p>436800<\\\/p>\"}}]}]}]}]}],\"version\":\"3.0.7\"} --><\/p>\n","protected":false},"excerpt":{"rendered":"<p>Almadina Misurata Paints secteurs de la fabrication et de la production Depuis la cr\u00e9ation de la soci\u00e9t\u00e9 en 1993\/07\/21, le principal souci de la haute direction a \u00e9t\u00e9 de suivre les derni\u00e8res sciences et technologies dans l\u2019industrie de la peinture et de la p\u00e2te, c\u2019est pourquoi un d\u00e9partement de recherche et d\u00e9veloppement a \u00e9t\u00e9 cr\u00e9\u00e9, [&hellip;]<\/p>\n","protected":false},"author":1,"featured_media":16251,"parent":29,"menu_order":0,"comment_status":"closed","ping_status":"closed","template":"","meta":{"_acf_changed":false,"footnotes":""},"class_list":["post-9950","page","type-page","status-publish","has-post-thumbnail","hentry"],"acf":[],"_links":{"self":[{"href":"https:\/\/almadinamisurata.ly\/fr\/wp-json\/wp\/v2\/pages\/9950","targetHints":{"allow":["GET"]}}],"collection":[{"href":"https:\/\/almadinamisurata.ly\/fr\/wp-json\/wp\/v2\/pages"}],"about":[{"href":"https:\/\/almadinamisurata.ly\/fr\/wp-json\/wp\/v2\/types\/page"}],"author":[{"embeddable":true,"href":"https:\/\/almadinamisurata.ly\/fr\/wp-json\/wp\/v2\/users\/1"}],"replies":[{"embeddable":true,"href":"https:\/\/almadinamisurata.ly\/fr\/wp-json\/wp\/v2\/comments?post=9950"}],"version-history":[{"count":3,"href":"https:\/\/almadinamisurata.ly\/fr\/wp-json\/wp\/v2\/pages\/9950\/revisions"}],"predecessor-version":[{"id":20138,"href":"https:\/\/almadinamisurata.ly\/fr\/wp-json\/wp\/v2\/pages\/9950\/revisions\/20138"}],"up":[{"embeddable":true,"href":"https:\/\/almadinamisurata.ly\/fr\/wp-json\/wp\/v2\/pages\/29"}],"wp:featuredmedia":[{"embeddable":true,"href":"https:\/\/almadinamisurata.ly\/fr\/wp-json\/wp\/v2\/media\/16251"}],"wp:attachment":[{"href":"https:\/\/almadinamisurata.ly\/fr\/wp-json\/wp\/v2\/media?parent=9950"}],"curies":[{"name":"wp","href":"https:\/\/api.w.org\/{rel}","templated":true}]}}