{"id":19458,"date":"2022-09-08T08:10:14","date_gmt":"2022-09-08T08:10:14","guid":{"rendered":"https:\/\/ampsite.demo.ly\/fr\/product\/alkyd-water-base-matt\/"},"modified":"2023-12-24T07:09:41","modified_gmt":"2023-12-24T07:09:41","slug":"alkyd-water-base-matt","status":"publish","type":"product","link":"https:\/\/almadinamisurata.ly\/fr\/product\/alkyd-water-base-matt\/","title":{"rendered":"Alkyd Water Base (matt)"},"content":{"rendered":"<p>La nouvelle g\u00e9n\u00e9ration de peinture (\u00e0 base de l\u2019eau) ; ont la m\u00eame caract\u00e9ristique que la peinture alkyde ; elle a compos\u00e9 d\u2019acrylique pure et utilise \u00e0 l\u2019ext\u00e9rieure et \u00e0 l\u2019int\u00e9rieure et applicable sur les surfaces de ciment ; de b\u00e9ton et de gypse avec des caract\u00e9ristiques diversifie tel que l\u2019excellent qualit\u00e9 ; les surfaces lisses et soyeuses ; blancheur suppl\u00e9mentaire ; lavable ; anti croissance de bact\u00e9rie ; pouvoir couvrant importante.<\/p>\n","protected":false},"excerpt":{"rendered":"<p>La nouvelle g\u00e9n\u00e9ration de peinture (\u00e0 base de l\u2019eau) ; ont la m\u00eame caract\u00e9ristique que la peinture alkyde ; elle a compos\u00e9 d\u2019acrylique pure et utilise \u00e0 l\u2019ext\u00e9rieure et \u00e0 l\u2019int\u00e9rieure et applicable sur les surfaces de ciment ; de b\u00e9ton et de gypse avec des caract\u00e9ristiques diversifie tel que l\u2019excellent qualit\u00e9 ; les surfaces [&hellip;]<\/p>\n","protected":false},"featured_media":17749,"template":"","meta":{"_acf_changed":false},"product_brand":[],"product_cat":[3439],"product_tag":[],"designs":[3444,3450],"class_list":{"0":"post-19458","1":"product","2":"type-product","3":"status-publish","4":"has-post-thumbnail","6":"product_cat-huile-aqueuse","7":"designs-interieure","8":"designs-exterieure","10":"first","11":"instock","12":"product-type-variable"},"acf":[],"_links":{"self":[{"href":"https:\/\/almadinamisurata.ly\/fr\/wp-json\/wp\/v2\/product\/19458","targetHints":{"allow":["GET"]}}],"collection":[{"href":"https:\/\/almadinamisurata.ly\/fr\/wp-json\/wp\/v2\/product"}],"about":[{"href":"https:\/\/almadinamisurata.ly\/fr\/wp-json\/wp\/v2\/types\/product"}],"wp:featuredmedia":[{"embeddable":true,"href":"https:\/\/almadinamisurata.ly\/fr\/wp-json\/wp\/v2\/media\/17749"}],"wp:attachment":[{"href":"https:\/\/almadinamisurata.ly\/fr\/wp-json\/wp\/v2\/media?parent=19458"}],"wp:term":[{"taxonomy":"product_brand","embeddable":true,"href":"https:\/\/almadinamisurata.ly\/fr\/wp-json\/wp\/v2\/product_brand?post=19458"},{"taxonomy":"product_cat","embeddable":true,"href":"https:\/\/almadinamisurata.ly\/fr\/wp-json\/wp\/v2\/product_cat?post=19458"},{"taxonomy":"product_tag","embeddable":true,"href":"https:\/\/almadinamisurata.ly\/fr\/wp-json\/wp\/v2\/product_tag?post=19458"},{"taxonomy":"designs","embeddable":true,"href":"https:\/\/almadinamisurata.ly\/fr\/wp-json\/wp\/v2\/designs?post=19458"}],"curies":[{"name":"wp","href":"https:\/\/api.w.org\/{rel}","templated":true}]}}