{"id":19491,"date":"2022-09-08T08:10:33","date_gmt":"2022-09-08T08:10:33","guid":{"rendered":"https:\/\/ampsite.demo.ly\/fr\/product\/latex-matt\/"},"modified":"2024-10-26T12:58:53","modified_gmt":"2024-10-26T12:58:53","slug":"latex-matt","status":"publish","type":"product","link":"https:\/\/almadinamisurata.ly\/fr\/product\/latex-matt\/","title":{"rendered":"Latex Plus matt"},"content":{"rendered":"<p>Peinture acrylique int\u00e9rieure et ext\u00e9rieure mate de haute qualit\u00e9, extra blancheur le taux de blancheur est jusqu&rsquo;\u00e0 97 %, haut pouvoir couvrant, excellent lavable<\/p>\n","protected":false},"excerpt":{"rendered":"<p>Peinture acrylique int\u00e9rieure et ext\u00e9rieure mate de haute qualit\u00e9, extra blancheur le taux de blancheur est jusqu&rsquo;\u00e0 97 %, haut pouvoir couvrant, excellent lavable<\/p>\n","protected":false},"featured_media":15185,"template":"","meta":{"_acf_changed":false},"product_brand":[],"product_cat":[3443],"product_tag":[],"designs":[3444,3450],"class_list":{"0":"post-19491","1":"product","2":"type-product","3":"status-publish","4":"has-post-thumbnail","6":"product_cat-peintures-a-base-deau","7":"designs-interieure","8":"designs-exterieure","10":"first","11":"instock","12":"product-type-simple"},"acf":[],"_links":{"self":[{"href":"https:\/\/almadinamisurata.ly\/fr\/wp-json\/wp\/v2\/product\/19491","targetHints":{"allow":["GET"]}}],"collection":[{"href":"https:\/\/almadinamisurata.ly\/fr\/wp-json\/wp\/v2\/product"}],"about":[{"href":"https:\/\/almadinamisurata.ly\/fr\/wp-json\/wp\/v2\/types\/product"}],"wp:featuredmedia":[{"embeddable":true,"href":"https:\/\/almadinamisurata.ly\/fr\/wp-json\/wp\/v2\/media\/15185"}],"wp:attachment":[{"href":"https:\/\/almadinamisurata.ly\/fr\/wp-json\/wp\/v2\/media?parent=19491"}],"wp:term":[{"taxonomy":"product_brand","embeddable":true,"href":"https:\/\/almadinamisurata.ly\/fr\/wp-json\/wp\/v2\/product_brand?post=19491"},{"taxonomy":"product_cat","embeddable":true,"href":"https:\/\/almadinamisurata.ly\/fr\/wp-json\/wp\/v2\/product_cat?post=19491"},{"taxonomy":"product_tag","embeddable":true,"href":"https:\/\/almadinamisurata.ly\/fr\/wp-json\/wp\/v2\/product_tag?post=19491"},{"taxonomy":"designs","embeddable":true,"href":"https:\/\/almadinamisurata.ly\/fr\/wp-json\/wp\/v2\/designs?post=19491"}],"curies":[{"name":"wp","href":"https:\/\/api.w.org\/{rel}","templated":true}]}}