{"id":19495,"date":"2022-09-08T08:10:33","date_gmt":"2022-09-08T08:10:33","guid":{"rendered":"https:\/\/ampsite.demo.ly\/fr\/product\/latex-semi-brillant\/"},"modified":"2024-10-27T13:56:15","modified_gmt":"2024-10-27T13:56:15","slug":"latex-semi-brillant","status":"publish","type":"product","link":"https:\/\/almadinamisurata.ly\/fr\/product\/latex-semi-brillant\/","title":{"rendered":"Latex Plus Semi-Brillant"},"content":{"rendered":"<p>Latex plus \u00ab\u00a0semi-brillant\u00a0\u00bb<br \/>\nPeinture acrylique, int\u00e9rieur et ext\u00e9rieur, Semi Gloss, haute qualit\u00e9, blancheur claire, excellent pouvoir couvrant jusqu&rsquo;\u00e0 90%, lavabilit\u00e9 maximale<\/p>\n","protected":false},"excerpt":{"rendered":"<p>Latex plus \u00ab\u00a0semi-brillant\u00a0\u00bb Peinture acrylique, int\u00e9rieur et ext\u00e9rieur, Semi Gloss, haute qualit\u00e9, blancheur claire, excellent pouvoir couvrant jusqu&rsquo;\u00e0 90%, lavabilit\u00e9 maximale<\/p>\n","protected":false},"featured_media":20023,"template":"","meta":{"_acf_changed":false},"product_brand":[],"product_cat":[3443],"product_tag":[],"designs":[3444,3450],"class_list":{"0":"post-19495","1":"product","2":"type-product","3":"status-publish","4":"has-post-thumbnail","6":"product_cat-peintures-a-base-deau","7":"designs-interieure","8":"designs-exterieure","10":"first","11":"instock","12":"product-type-simple"},"acf":[],"_links":{"self":[{"href":"https:\/\/almadinamisurata.ly\/fr\/wp-json\/wp\/v2\/product\/19495","targetHints":{"allow":["GET"]}}],"collection":[{"href":"https:\/\/almadinamisurata.ly\/fr\/wp-json\/wp\/v2\/product"}],"about":[{"href":"https:\/\/almadinamisurata.ly\/fr\/wp-json\/wp\/v2\/types\/product"}],"wp:featuredmedia":[{"embeddable":true,"href":"https:\/\/almadinamisurata.ly\/fr\/wp-json\/wp\/v2\/media\/20023"}],"wp:attachment":[{"href":"https:\/\/almadinamisurata.ly\/fr\/wp-json\/wp\/v2\/media?parent=19495"}],"wp:term":[{"taxonomy":"product_brand","embeddable":true,"href":"https:\/\/almadinamisurata.ly\/fr\/wp-json\/wp\/v2\/product_brand?post=19495"},{"taxonomy":"product_cat","embeddable":true,"href":"https:\/\/almadinamisurata.ly\/fr\/wp-json\/wp\/v2\/product_cat?post=19495"},{"taxonomy":"product_tag","embeddable":true,"href":"https:\/\/almadinamisurata.ly\/fr\/wp-json\/wp\/v2\/product_tag?post=19495"},{"taxonomy":"designs","embeddable":true,"href":"https:\/\/almadinamisurata.ly\/fr\/wp-json\/wp\/v2\/designs?post=19495"}],"curies":[{"name":"wp","href":"https:\/\/api.w.org\/{rel}","templated":true}]}}