{"id":19499,"date":"2022-09-08T08:10:33","date_gmt":"2022-09-08T08:10:33","guid":{"rendered":"https:\/\/ampsite.demo.ly\/fr\/product\/classic-matt\/"},"modified":"2025-07-20T08:48:51","modified_gmt":"2025-07-20T08:48:51","slug":"classic-matt","status":"publish","type":"product","link":"https:\/\/almadinamisurata.ly\/fr\/product\/classic-matt\/","title":{"rendered":"Classic matt"},"content":{"rendered":"<p dir=\"ltr\">peinture \u00e0 base d&rsquo;eau de qualit\u00e9 sup\u00e9rieure con\u00e7ue \u00e0 partir d&rsquo;une \u00e9mulsion acrylique pure qui offre des propri\u00e9t\u00e9s exceptionnelles en mati\u00e8re de masquage, de blancheur, de nivellement et de r\u00e9sistance aux intemp\u00e9ries. Convient pour des applications int\u00e9rieures et ext\u00e9rieures sur des murs en b\u00e9ton, en ciment et en gypse pour les maisons, les \u00e9coles, les h\u00f4tels, les halls d&rsquo;a\u00e9roport et les h\u00f4pitaux.<\/p>\n<p dir=\"ltr\"><strong>Propri\u00e9t\u00e9s<\/strong> :masquage et nivellement exceptionnels, excellente adh\u00e9rence,<\/p>\n<p dir=\"ltr\">tr\u00e8s bonne lavabilit\u00e9, haute r\u00e9sistance aux intemp\u00e9ries,<\/p>\n<p dir=\"ltr\">et respectueux de l&rsquo;environnement.<\/p>\n","protected":false},"excerpt":{"rendered":"<p>peinture \u00e0 base d&rsquo;eau de qualit\u00e9 sup\u00e9rieure con\u00e7ue \u00e0 partir d&rsquo;une \u00e9mulsion acrylique pure qui offre des propri\u00e9t\u00e9s exceptionnelles en mati\u00e8re de masquage, de blancheur, de nivellement et de r\u00e9sistance aux intemp\u00e9ries. Convient pour des applications int\u00e9rieures et ext\u00e9rieures sur des murs en b\u00e9ton, en ciment et en gypse pour les maisons, les \u00e9coles, les [&hellip;]<\/p>\n","protected":false},"featured_media":20207,"template":"","meta":{"_acf_changed":false},"product_brand":[],"product_cat":[3443],"product_tag":[],"designs":[3444,3450],"class_list":{"0":"post-19499","1":"product","2":"type-product","3":"status-publish","4":"has-post-thumbnail","6":"product_cat-peintures-a-base-deau","7":"designs-interieure","8":"designs-exterieure","10":"first","11":"instock","12":"product-type-variable"},"acf":[],"_links":{"self":[{"href":"https:\/\/almadinamisurata.ly\/fr\/wp-json\/wp\/v2\/product\/19499","targetHints":{"allow":["GET"]}}],"collection":[{"href":"https:\/\/almadinamisurata.ly\/fr\/wp-json\/wp\/v2\/product"}],"about":[{"href":"https:\/\/almadinamisurata.ly\/fr\/wp-json\/wp\/v2\/types\/product"}],"wp:featuredmedia":[{"embeddable":true,"href":"https:\/\/almadinamisurata.ly\/fr\/wp-json\/wp\/v2\/media\/20207"}],"wp:attachment":[{"href":"https:\/\/almadinamisurata.ly\/fr\/wp-json\/wp\/v2\/media?parent=19499"}],"wp:term":[{"taxonomy":"product_brand","embeddable":true,"href":"https:\/\/almadinamisurata.ly\/fr\/wp-json\/wp\/v2\/product_brand?post=19499"},{"taxonomy":"product_cat","embeddable":true,"href":"https:\/\/almadinamisurata.ly\/fr\/wp-json\/wp\/v2\/product_cat?post=19499"},{"taxonomy":"product_tag","embeddable":true,"href":"https:\/\/almadinamisurata.ly\/fr\/wp-json\/wp\/v2\/product_tag?post=19499"},{"taxonomy":"designs","embeddable":true,"href":"https:\/\/almadinamisurata.ly\/fr\/wp-json\/wp\/v2\/designs?post=19499"}],"curies":[{"name":"wp","href":"https:\/\/api.w.org\/{rel}","templated":true}]}}