{"id":19503,"date":"2022-09-08T08:10:33","date_gmt":"2022-09-08T08:10:33","guid":{"rendered":"https:\/\/ampsite.demo.ly\/fr\/product\/classic-semi-brillant\/"},"modified":"2023-11-26T10:57:41","modified_gmt":"2023-11-26T10:57:41","slug":"classic-semi-brillant","status":"publish","type":"product","link":"https:\/\/almadinamisurata.ly\/fr\/product\/classic-semi-brillant\/","title":{"rendered":"Classic  semi-brillant"},"content":{"rendered":"<p>Peinture Acrylique semi-brillante ext\u00e9rieure et int\u00e9rieure, Extra blancheur. Couverture \u00e9lev\u00e9e, surfaces lisses et soyeuses, caoutchouc. Hautement lavable. R\u00e9sistant aux intemp\u00e9ries. Il a fabriqu\u00e9 pour correspondre \u00e0 la sp\u00e9cification standard libyenne No-455, d\u00e9tient une marque de qualit\u00e9 libyenne.<\/p>\n","protected":false},"excerpt":{"rendered":"<p>Peinture Acrylique semi-brillante ext\u00e9rieure et int\u00e9rieure, Extra blancheur. Couverture \u00e9lev\u00e9e, surfaces lisses et soyeuses, caoutchouc. Hautement lavable. R\u00e9sistant aux intemp\u00e9ries. Il a fabriqu\u00e9 pour correspondre \u00e0 la sp\u00e9cification standard libyenne No-455, d\u00e9tient une marque de qualit\u00e9 libyenne.<\/p>\n","protected":false},"featured_media":20207,"template":"","meta":{"_acf_changed":false},"product_brand":[],"product_cat":[3443],"product_tag":[],"designs":[3444,3450],"class_list":{"0":"post-19503","1":"product","2":"type-product","3":"status-publish","4":"has-post-thumbnail","6":"product_cat-peintures-a-base-deau","7":"designs-interieure","8":"designs-exterieure","10":"first","11":"instock","12":"product-type-variable"},"acf":[],"_links":{"self":[{"href":"https:\/\/almadinamisurata.ly\/fr\/wp-json\/wp\/v2\/product\/19503","targetHints":{"allow":["GET"]}}],"collection":[{"href":"https:\/\/almadinamisurata.ly\/fr\/wp-json\/wp\/v2\/product"}],"about":[{"href":"https:\/\/almadinamisurata.ly\/fr\/wp-json\/wp\/v2\/types\/product"}],"wp:featuredmedia":[{"embeddable":true,"href":"https:\/\/almadinamisurata.ly\/fr\/wp-json\/wp\/v2\/media\/20207"}],"wp:attachment":[{"href":"https:\/\/almadinamisurata.ly\/fr\/wp-json\/wp\/v2\/media?parent=19503"}],"wp:term":[{"taxonomy":"product_brand","embeddable":true,"href":"https:\/\/almadinamisurata.ly\/fr\/wp-json\/wp\/v2\/product_brand?post=19503"},{"taxonomy":"product_cat","embeddable":true,"href":"https:\/\/almadinamisurata.ly\/fr\/wp-json\/wp\/v2\/product_cat?post=19503"},{"taxonomy":"product_tag","embeddable":true,"href":"https:\/\/almadinamisurata.ly\/fr\/wp-json\/wp\/v2\/product_tag?post=19503"},{"taxonomy":"designs","embeddable":true,"href":"https:\/\/almadinamisurata.ly\/fr\/wp-json\/wp\/v2\/designs?post=19503"}],"curies":[{"name":"wp","href":"https:\/\/api.w.org\/{rel}","templated":true}]}}