{"id":19510,"date":"2022-09-08T08:10:33","date_gmt":"2022-09-08T08:10:33","guid":{"rendered":"https:\/\/ampsite.demo.ly\/fr\/product\/plastico-2021\/"},"modified":"2025-07-21T08:05:05","modified_gmt":"2025-07-21T08:05:05","slug":"plastico-2021","status":"publish","type":"product","link":"https:\/\/almadinamisurata.ly\/fr\/product\/plastico-2021\/","title":{"rendered":"Plastico 2021"},"content":{"rendered":"<p dir=\"ltr\">peinture mate \u00e0 base d&rsquo;eau de haute qualit\u00e9 \u00e0 base de types sp\u00e9ciaux de polym\u00e8res qui donne un pouvoir couvrant \u00e9lev\u00e9 et une excellente blancheur. Convient aux applications int\u00e9rieures pour les maisons, les \u00e9coles et les h\u00f4pitaux. Peut-\u00eatre appliqu\u00e9 sur des surfaces en ciment, b\u00e9ton et gypse apr\u00e8s une pr\u00e9paration ad\u00e9quate.<\/p>\n<p dir=\"ltr\"><strong>Avantages: bon pouvoir couvrant &#8211; blanc brillant &#8211; application facile &#8211; surface lisse<\/strong><\/p>\n","protected":false},"excerpt":{"rendered":"<p>peinture mate \u00e0 base d&rsquo;eau de haute qualit\u00e9 \u00e0 base de types sp\u00e9ciaux de polym\u00e8res qui donne un pouvoir couvrant \u00e9lev\u00e9 et une excellente blancheur. Convient aux applications int\u00e9rieures pour les maisons, les \u00e9coles et les h\u00f4pitaux. Peut-\u00eatre appliqu\u00e9 sur des surfaces en ciment, b\u00e9ton et gypse apr\u00e8s une pr\u00e9paration ad\u00e9quate. Avantages: bon pouvoir couvrant [&hellip;]<\/p>\n","protected":false},"featured_media":15107,"template":"","meta":{"_acf_changed":false},"product_brand":[],"product_cat":[3443],"product_tag":[],"designs":[3444],"class_list":{"0":"post-19510","1":"product","2":"type-product","3":"status-publish","4":"has-post-thumbnail","6":"product_cat-peintures-a-base-deau","7":"designs-interieure","9":"first","10":"instock","11":"product-type-variable"},"acf":[],"_links":{"self":[{"href":"https:\/\/almadinamisurata.ly\/fr\/wp-json\/wp\/v2\/product\/19510","targetHints":{"allow":["GET"]}}],"collection":[{"href":"https:\/\/almadinamisurata.ly\/fr\/wp-json\/wp\/v2\/product"}],"about":[{"href":"https:\/\/almadinamisurata.ly\/fr\/wp-json\/wp\/v2\/types\/product"}],"wp:featuredmedia":[{"embeddable":true,"href":"https:\/\/almadinamisurata.ly\/fr\/wp-json\/wp\/v2\/media\/15107"}],"wp:attachment":[{"href":"https:\/\/almadinamisurata.ly\/fr\/wp-json\/wp\/v2\/media?parent=19510"}],"wp:term":[{"taxonomy":"product_brand","embeddable":true,"href":"https:\/\/almadinamisurata.ly\/fr\/wp-json\/wp\/v2\/product_brand?post=19510"},{"taxonomy":"product_cat","embeddable":true,"href":"https:\/\/almadinamisurata.ly\/fr\/wp-json\/wp\/v2\/product_cat?post=19510"},{"taxonomy":"product_tag","embeddable":true,"href":"https:\/\/almadinamisurata.ly\/fr\/wp-json\/wp\/v2\/product_tag?post=19510"},{"taxonomy":"designs","embeddable":true,"href":"https:\/\/almadinamisurata.ly\/fr\/wp-json\/wp\/v2\/designs?post=19510"}],"curies":[{"name":"wp","href":"https:\/\/api.w.org\/{rel}","templated":true}]}}