{"id":19516,"date":"2022-09-08T08:10:33","date_gmt":"2022-09-08T08:10:33","guid":{"rendered":"https:\/\/ampsite.demo.ly\/fr\/product\/vernis-a-leau-transparente\/"},"modified":"2022-10-11T08:52:44","modified_gmt":"2022-10-11T08:52:44","slug":"vernis-a-leau-transparente","status":"publish","type":"product","link":"https:\/\/almadinamisurata.ly\/fr\/product\/vernis-a-leau-transparente\/","title":{"rendered":"vernis \u00e0 l&rsquo;eau transparente"},"content":{"rendered":"<p>Vernis mural int\u00e9rieur et ext\u00e9rieur, utilis\u00e9 comme couche protectrice pour les peintures \u00e0 l&rsquo;eau est d\u00e9corative Lavabilit\u00e9 maximale, r\u00e9sistant aux alcalis, non jaunissant<\/p>\n","protected":false},"excerpt":{"rendered":"<p>Vernis mural int\u00e9rieur et ext\u00e9rieur, utilis\u00e9 comme couche protectrice pour les peintures \u00e0 l&rsquo;eau est d\u00e9corative Lavabilit\u00e9 maximale, r\u00e9sistant aux alcalis, non jaunissant<\/p>\n","protected":false},"featured_media":15302,"template":"","meta":{"_acf_changed":false},"product_brand":[],"product_cat":[3443],"product_tag":[],"designs":[3444,3450],"class_list":{"0":"post-19516","1":"product","2":"type-product","3":"status-publish","4":"has-post-thumbnail","6":"product_cat-peintures-a-base-deau","7":"designs-interieure","8":"designs-exterieure","10":"first","11":"instock","12":"product-type-simple"},"acf":[],"_links":{"self":[{"href":"https:\/\/almadinamisurata.ly\/fr\/wp-json\/wp\/v2\/product\/19516","targetHints":{"allow":["GET"]}}],"collection":[{"href":"https:\/\/almadinamisurata.ly\/fr\/wp-json\/wp\/v2\/product"}],"about":[{"href":"https:\/\/almadinamisurata.ly\/fr\/wp-json\/wp\/v2\/types\/product"}],"wp:featuredmedia":[{"embeddable":true,"href":"https:\/\/almadinamisurata.ly\/fr\/wp-json\/wp\/v2\/media\/15302"}],"wp:attachment":[{"href":"https:\/\/almadinamisurata.ly\/fr\/wp-json\/wp\/v2\/media?parent=19516"}],"wp:term":[{"taxonomy":"product_brand","embeddable":true,"href":"https:\/\/almadinamisurata.ly\/fr\/wp-json\/wp\/v2\/product_brand?post=19516"},{"taxonomy":"product_cat","embeddable":true,"href":"https:\/\/almadinamisurata.ly\/fr\/wp-json\/wp\/v2\/product_cat?post=19516"},{"taxonomy":"product_tag","embeddable":true,"href":"https:\/\/almadinamisurata.ly\/fr\/wp-json\/wp\/v2\/product_tag?post=19516"},{"taxonomy":"designs","embeddable":true,"href":"https:\/\/almadinamisurata.ly\/fr\/wp-json\/wp\/v2\/designs?post=19516"}],"curies":[{"name":"wp","href":"https:\/\/api.w.org\/{rel}","templated":true}]}}