{"id":19518,"date":"2022-09-08T08:10:33","date_gmt":"2022-09-08T08:10:33","guid":{"rendered":"https:\/\/ampsite.demo.ly\/fr\/product\/peinture-alkyde-mate\/"},"modified":"2023-11-26T12:47:34","modified_gmt":"2023-11-26T12:47:34","slug":"peinture-alkyde-mate","status":"publish","type":"product","link":"https:\/\/almadinamisurata.ly\/fr\/product\/peinture-alkyde-mate\/","title":{"rendered":"Peinture alkyde mate"},"content":{"rendered":"<p>Peinture alkyde mate ext\u00e9rieure et int\u00e9rieure de haute qualit\u00e9, haute couverture, non jaunissante, disponibles en blanc et autres couleurs.<\/p>\n","protected":false},"excerpt":{"rendered":"<p>Peinture alkyde mate ext\u00e9rieure et int\u00e9rieure de haute qualit\u00e9, haute couverture, non jaunissante, disponibles en blanc et autres couleurs.<\/p>\n","protected":false},"featured_media":20211,"template":"","meta":{"_acf_changed":false},"product_brand":[],"product_cat":[3447],"product_tag":[],"designs":[3444,3450],"class_list":{"0":"post-19518","1":"product","2":"type-product","3":"status-publish","4":"has-post-thumbnail","6":"product_cat-peinture-a-lhuile","7":"designs-interieure","8":"designs-exterieure","10":"first","11":"instock","12":"product-type-variable"},"acf":[],"_links":{"self":[{"href":"https:\/\/almadinamisurata.ly\/fr\/wp-json\/wp\/v2\/product\/19518","targetHints":{"allow":["GET"]}}],"collection":[{"href":"https:\/\/almadinamisurata.ly\/fr\/wp-json\/wp\/v2\/product"}],"about":[{"href":"https:\/\/almadinamisurata.ly\/fr\/wp-json\/wp\/v2\/types\/product"}],"wp:featuredmedia":[{"embeddable":true,"href":"https:\/\/almadinamisurata.ly\/fr\/wp-json\/wp\/v2\/media\/20211"}],"wp:attachment":[{"href":"https:\/\/almadinamisurata.ly\/fr\/wp-json\/wp\/v2\/media?parent=19518"}],"wp:term":[{"taxonomy":"product_brand","embeddable":true,"href":"https:\/\/almadinamisurata.ly\/fr\/wp-json\/wp\/v2\/product_brand?post=19518"},{"taxonomy":"product_cat","embeddable":true,"href":"https:\/\/almadinamisurata.ly\/fr\/wp-json\/wp\/v2\/product_cat?post=19518"},{"taxonomy":"product_tag","embeddable":true,"href":"https:\/\/almadinamisurata.ly\/fr\/wp-json\/wp\/v2\/product_tag?post=19518"},{"taxonomy":"designs","embeddable":true,"href":"https:\/\/almadinamisurata.ly\/fr\/wp-json\/wp\/v2\/designs?post=19518"}],"curies":[{"name":"wp","href":"https:\/\/api.w.org\/{rel}","templated":true}]}}