{"id":19525,"date":"2022-09-08T08:10:44","date_gmt":"2022-09-08T08:10:44","guid":{"rendered":"https:\/\/ampsite.demo.ly\/fr\/product\/couleurs-de-peinture-alkyde-brillantes\/"},"modified":"2022-11-28T14:08:35","modified_gmt":"2022-11-28T14:08:35","slug":"couleurs-de-peinture-alkyde-brillantes","status":"publish","type":"product","link":"https:\/\/almadinamisurata.ly\/fr\/product\/couleurs-de-peinture-alkyde-brillantes\/","title":{"rendered":"Couleurs de peinture alkyde brillantes"},"content":{"rendered":"<p>Peinture alkyde brillante ext\u00e9rieure et int\u00e9rieure de haute qualit\u00e9, haute couverture, non jaunissante, disponible en 12 couleurs.<\/p>\n","protected":false},"excerpt":{"rendered":"<p>Peinture alkyde brillante ext\u00e9rieure et int\u00e9rieure de haute qualit\u00e9, haute couverture, non jaunissante, disponible en 12 couleurs.<\/p>\n","protected":false},"featured_media":17821,"template":"","meta":{"_acf_changed":false},"product_brand":[],"product_cat":[3447],"product_tag":[],"designs":[3444,3450],"class_list":{"0":"post-19525","1":"product","2":"type-product","3":"status-publish","4":"has-post-thumbnail","6":"product_cat-peinture-a-lhuile","7":"designs-interieure","8":"designs-exterieure","10":"first","11":"instock","12":"product-type-variable"},"acf":[],"_links":{"self":[{"href":"https:\/\/almadinamisurata.ly\/fr\/wp-json\/wp\/v2\/product\/19525","targetHints":{"allow":["GET"]}}],"collection":[{"href":"https:\/\/almadinamisurata.ly\/fr\/wp-json\/wp\/v2\/product"}],"about":[{"href":"https:\/\/almadinamisurata.ly\/fr\/wp-json\/wp\/v2\/types\/product"}],"wp:featuredmedia":[{"embeddable":true,"href":"https:\/\/almadinamisurata.ly\/fr\/wp-json\/wp\/v2\/media\/17821"}],"wp:attachment":[{"href":"https:\/\/almadinamisurata.ly\/fr\/wp-json\/wp\/v2\/media?parent=19525"}],"wp:term":[{"taxonomy":"product_brand","embeddable":true,"href":"https:\/\/almadinamisurata.ly\/fr\/wp-json\/wp\/v2\/product_brand?post=19525"},{"taxonomy":"product_cat","embeddable":true,"href":"https:\/\/almadinamisurata.ly\/fr\/wp-json\/wp\/v2\/product_cat?post=19525"},{"taxonomy":"product_tag","embeddable":true,"href":"https:\/\/almadinamisurata.ly\/fr\/wp-json\/wp\/v2\/product_tag?post=19525"},{"taxonomy":"designs","embeddable":true,"href":"https:\/\/almadinamisurata.ly\/fr\/wp-json\/wp\/v2\/designs?post=19525"}],"curies":[{"name":"wp","href":"https:\/\/api.w.org\/{rel}","templated":true}]}}