{"id":19559,"date":"2022-09-08T08:10:50","date_gmt":"2022-09-08T08:10:50","guid":{"rendered":"https:\/\/ampsite.demo.ly\/fr\/product\/zahy\/"},"modified":"2025-10-12T14:17:09","modified_gmt":"2025-10-12T14:17:09","slug":"zahy","status":"publish","type":"product","link":"https:\/\/almadinamisurata.ly\/fr\/product\/zahy\/","title":{"rendered":"Zahy"},"content":{"rendered":"<p>Peinture alkyde brillante ext\u00e9rieure et int\u00e9rieure de haute qualit\u00e9, haute couverture, anti-jaunissement, utilis\u00e9e pour le ciment, le b\u00e9ton. surfaces en bois et en fer, Disponible en blanc et coloration par ordinateur<\/p>\n","protected":false},"excerpt":{"rendered":"<p>Peinture alkyde brillante ext\u00e9rieure et int\u00e9rieure de haute qualit\u00e9, haute couverture, anti-jaunissement, utilis\u00e9e pour le ciment, le b\u00e9ton. surfaces en bois et en fer, Disponible en blanc et coloration par ordinateur<\/p>\n","protected":false},"featured_media":20213,"template":"","meta":{"_acf_changed":false},"product_brand":[],"product_cat":[3447],"product_tag":[],"designs":[3444,3450],"class_list":{"0":"post-19559","1":"product","2":"type-product","3":"status-publish","4":"has-post-thumbnail","6":"product_cat-peinture-a-lhuile","7":"designs-interieure","8":"designs-exterieure","10":"first","11":"instock","12":"product-type-simple"},"acf":[],"_links":{"self":[{"href":"https:\/\/almadinamisurata.ly\/fr\/wp-json\/wp\/v2\/product\/19559","targetHints":{"allow":["GET"]}}],"collection":[{"href":"https:\/\/almadinamisurata.ly\/fr\/wp-json\/wp\/v2\/product"}],"about":[{"href":"https:\/\/almadinamisurata.ly\/fr\/wp-json\/wp\/v2\/types\/product"}],"wp:featuredmedia":[{"embeddable":true,"href":"https:\/\/almadinamisurata.ly\/fr\/wp-json\/wp\/v2\/media\/20213"}],"wp:attachment":[{"href":"https:\/\/almadinamisurata.ly\/fr\/wp-json\/wp\/v2\/media?parent=19559"}],"wp:term":[{"taxonomy":"product_brand","embeddable":true,"href":"https:\/\/almadinamisurata.ly\/fr\/wp-json\/wp\/v2\/product_brand?post=19559"},{"taxonomy":"product_cat","embeddable":true,"href":"https:\/\/almadinamisurata.ly\/fr\/wp-json\/wp\/v2\/product_cat?post=19559"},{"taxonomy":"product_tag","embeddable":true,"href":"https:\/\/almadinamisurata.ly\/fr\/wp-json\/wp\/v2\/product_tag?post=19559"},{"taxonomy":"designs","embeddable":true,"href":"https:\/\/almadinamisurata.ly\/fr\/wp-json\/wp\/v2\/designs?post=19559"}],"curies":[{"name":"wp","href":"https:\/\/api.w.org\/{rel}","templated":true}]}}