{"id":19565,"date":"2022-09-08T08:10:50","date_gmt":"2022-09-08T08:10:50","guid":{"rendered":"https:\/\/ampsite.demo.ly\/fr\/product\/metallic\/"},"modified":"2022-11-28T14:18:58","modified_gmt":"2022-11-28T14:18:58","slug":"metallic","status":"publish","type":"product","link":"https:\/\/almadinamisurata.ly\/fr\/product\/metallic\/","title":{"rendered":"Metallic"},"content":{"rendered":"<p>Peinture alkyde m\u00e9tallis\u00e9e, de haute qualit\u00e9, int\u00e9rieure, \u00e0 s\u00e9chage rapide, caract\u00e9ris\u00e9e par une couleur constante \u00e0 l&rsquo;int\u00e9rieur de la bo\u00eete et apr\u00e8s la peinture, un excellent pouvoir couvrant, un degr\u00e9 de brillance \u00e9lev\u00e9 qui ne change pas avec le temps<\/p>\n","protected":false},"excerpt":{"rendered":"<p>Peinture alkyde m\u00e9tallis\u00e9e, de haute qualit\u00e9, int\u00e9rieure, \u00e0 s\u00e9chage rapide, caract\u00e9ris\u00e9e par une couleur constante \u00e0 l&rsquo;int\u00e9rieur de la bo\u00eete et apr\u00e8s la peinture, un excellent pouvoir couvrant, un degr\u00e9 de brillance \u00e9lev\u00e9 qui ne change pas avec le temps<\/p>\n","protected":false},"featured_media":20037,"template":"","meta":{"_acf_changed":false},"product_brand":[],"product_cat":[3447],"product_tag":[],"designs":[3444,3450],"class_list":{"0":"post-19565","1":"product","2":"type-product","3":"status-publish","4":"has-post-thumbnail","6":"product_cat-peinture-a-lhuile","7":"designs-interieure","8":"designs-exterieure","10":"first","11":"instock","12":"product-type-variable"},"acf":[],"_links":{"self":[{"href":"https:\/\/almadinamisurata.ly\/fr\/wp-json\/wp\/v2\/product\/19565","targetHints":{"allow":["GET"]}}],"collection":[{"href":"https:\/\/almadinamisurata.ly\/fr\/wp-json\/wp\/v2\/product"}],"about":[{"href":"https:\/\/almadinamisurata.ly\/fr\/wp-json\/wp\/v2\/types\/product"}],"wp:featuredmedia":[{"embeddable":true,"href":"https:\/\/almadinamisurata.ly\/fr\/wp-json\/wp\/v2\/media\/20037"}],"wp:attachment":[{"href":"https:\/\/almadinamisurata.ly\/fr\/wp-json\/wp\/v2\/media?parent=19565"}],"wp:term":[{"taxonomy":"product_brand","embeddable":true,"href":"https:\/\/almadinamisurata.ly\/fr\/wp-json\/wp\/v2\/product_brand?post=19565"},{"taxonomy":"product_cat","embeddable":true,"href":"https:\/\/almadinamisurata.ly\/fr\/wp-json\/wp\/v2\/product_cat?post=19565"},{"taxonomy":"product_tag","embeddable":true,"href":"https:\/\/almadinamisurata.ly\/fr\/wp-json\/wp\/v2\/product_tag?post=19565"},{"taxonomy":"designs","embeddable":true,"href":"https:\/\/almadinamisurata.ly\/fr\/wp-json\/wp\/v2\/designs?post=19565"}],"curies":[{"name":"wp","href":"https:\/\/api.w.org\/{rel}","templated":true}]}}