{"id":19570,"date":"2022-09-08T08:10:56","date_gmt":"2022-09-08T08:10:56","guid":{"rendered":"https:\/\/ampsite.demo.ly\/fr\/product\/graphite\/"},"modified":"2022-09-08T09:52:16","modified_gmt":"2022-09-08T09:52:16","slug":"graphite","status":"publish","type":"product","link":"https:\/\/almadinamisurata.ly\/fr\/product\/graphite\/","title":{"rendered":"Graphite"},"content":{"rendered":"<p>Peinture acrylique textur\u00e9e avec grains de quartz, de haute qualit\u00e9, int\u00e9rieur et ext\u00e9rieur, r\u00e9siste \u00e0 toutes les conditions climatiques,<br \/>\nhydrofuge, adh\u00e9rence extr\u00eame aux surfaces, antifriction, couleurs constantes, donne un beau<br \/>\nformes d\u00e9coratives, utilis\u00e9es pour peindre des b\u00e2timents de l&rsquo;\u00e9tranger, pour la d\u00e9coration et la protection contre les intemp\u00e9ries.<\/p>\n","protected":false},"excerpt":{"rendered":"<p>Peinture acrylique textur\u00e9e avec grains de quartz, de haute qualit\u00e9, int\u00e9rieur et ext\u00e9rieur, r\u00e9siste \u00e0 toutes les conditions climatiques, hydrofuge, adh\u00e9rence extr\u00eame aux surfaces, antifriction, couleurs constantes, donne un beau formes d\u00e9coratives, utilis\u00e9es pour peindre des b\u00e2timents de l&rsquo;\u00e9tranger, pour la d\u00e9coration et la protection contre les intemp\u00e9ries.<\/p>\n","protected":false},"featured_media":17870,"template":"","meta":{"_acf_changed":false},"product_brand":[],"product_cat":[3449],"product_tag":[],"designs":[3450],"class_list":{"0":"post-19570","1":"product","2":"type-product","3":"status-publish","4":"has-post-thumbnail","6":"product_cat-peintures-exterieures","7":"designs-exterieure","9":"first","10":"instock","11":"product-type-variable"},"acf":[],"_links":{"self":[{"href":"https:\/\/almadinamisurata.ly\/fr\/wp-json\/wp\/v2\/product\/19570","targetHints":{"allow":["GET"]}}],"collection":[{"href":"https:\/\/almadinamisurata.ly\/fr\/wp-json\/wp\/v2\/product"}],"about":[{"href":"https:\/\/almadinamisurata.ly\/fr\/wp-json\/wp\/v2\/types\/product"}],"wp:featuredmedia":[{"embeddable":true,"href":"https:\/\/almadinamisurata.ly\/fr\/wp-json\/wp\/v2\/media\/17870"}],"wp:attachment":[{"href":"https:\/\/almadinamisurata.ly\/fr\/wp-json\/wp\/v2\/media?parent=19570"}],"wp:term":[{"taxonomy":"product_brand","embeddable":true,"href":"https:\/\/almadinamisurata.ly\/fr\/wp-json\/wp\/v2\/product_brand?post=19570"},{"taxonomy":"product_cat","embeddable":true,"href":"https:\/\/almadinamisurata.ly\/fr\/wp-json\/wp\/v2\/product_cat?post=19570"},{"taxonomy":"product_tag","embeddable":true,"href":"https:\/\/almadinamisurata.ly\/fr\/wp-json\/wp\/v2\/product_tag?post=19570"},{"taxonomy":"designs","embeddable":true,"href":"https:\/\/almadinamisurata.ly\/fr\/wp-json\/wp\/v2\/designs?post=19570"}],"curies":[{"name":"wp","href":"https:\/\/api.w.org\/{rel}","templated":true}]}}