{"id":19595,"date":"2022-09-08T08:11:01","date_gmt":"2022-09-08T08:11:01","guid":{"rendered":"https:\/\/ampsite.demo.ly\/fr\/product\/santex\/"},"modified":"2024-01-04T10:58:48","modified_gmt":"2024-01-04T10:58:48","slug":"santex","status":"publish","type":"product","link":"https:\/\/almadinamisurata.ly\/fr\/product\/santex\/","title":{"rendered":"Santex"},"content":{"rendered":"<p>Peinture acrylique textur\u00e9e \u00e0 base de pierres de marbre color\u00e9e avec des r\u00e9sines acryliques, Excellent, int\u00e9rieur et ext\u00e9rieur;<br \/>\nde haute qualit\u00e9, r\u00e9siste \u00e0 toutes les conditions climatiques, hydrofuge, adh\u00e9rence extr\u00eame aux surfaces, antifriction<br \/>\net antirayures, utilis\u00e9 pour peindre les b\u00e2timents de l&rsquo;\u00e9tranger pour leur donner le plus beau et le plus<br \/>\nbelles d\u00e9corations ext\u00e9rieures et protection contre les intemp\u00e9ries.<\/p>\n","protected":false},"excerpt":{"rendered":"<p>Peinture acrylique textur\u00e9e \u00e0 base de pierres de marbre color\u00e9e avec des r\u00e9sines acryliques, Excellent, int\u00e9rieur et ext\u00e9rieur; de haute qualit\u00e9, r\u00e9siste \u00e0 toutes les conditions climatiques, hydrofuge, adh\u00e9rence extr\u00eame aux surfaces, antifriction et antirayures, utilis\u00e9 pour peindre les b\u00e2timents de l&rsquo;\u00e9tranger pour leur donner le plus beau et le plus belles d\u00e9corations ext\u00e9rieures et [&hellip;]<\/p>\n","protected":false},"featured_media":17896,"template":"","meta":{"_acf_changed":false},"product_brand":[],"product_cat":[3449],"product_tag":[],"designs":[3450],"class_list":{"0":"post-19595","1":"product","2":"type-product","3":"status-publish","4":"has-post-thumbnail","6":"product_cat-peintures-exterieures","7":"designs-exterieure","9":"first","10":"instock","11":"product-type-variable"},"acf":[],"_links":{"self":[{"href":"https:\/\/almadinamisurata.ly\/fr\/wp-json\/wp\/v2\/product\/19595","targetHints":{"allow":["GET"]}}],"collection":[{"href":"https:\/\/almadinamisurata.ly\/fr\/wp-json\/wp\/v2\/product"}],"about":[{"href":"https:\/\/almadinamisurata.ly\/fr\/wp-json\/wp\/v2\/types\/product"}],"wp:featuredmedia":[{"embeddable":true,"href":"https:\/\/almadinamisurata.ly\/fr\/wp-json\/wp\/v2\/media\/17896"}],"wp:attachment":[{"href":"https:\/\/almadinamisurata.ly\/fr\/wp-json\/wp\/v2\/media?parent=19595"}],"wp:term":[{"taxonomy":"product_brand","embeddable":true,"href":"https:\/\/almadinamisurata.ly\/fr\/wp-json\/wp\/v2\/product_brand?post=19595"},{"taxonomy":"product_cat","embeddable":true,"href":"https:\/\/almadinamisurata.ly\/fr\/wp-json\/wp\/v2\/product_cat?post=19595"},{"taxonomy":"product_tag","embeddable":true,"href":"https:\/\/almadinamisurata.ly\/fr\/wp-json\/wp\/v2\/product_tag?post=19595"},{"taxonomy":"designs","embeddable":true,"href":"https:\/\/almadinamisurata.ly\/fr\/wp-json\/wp\/v2\/designs?post=19595"}],"curies":[{"name":"wp","href":"https:\/\/api.w.org\/{rel}","templated":true}]}}