{"id":19648,"date":"2022-09-08T08:11:12","date_gmt":"2022-09-08T08:11:12","guid":{"rendered":"https:\/\/ampsite.demo.ly\/fr\/product\/shield-plus\/"},"modified":"2025-06-28T08:32:16","modified_gmt":"2025-06-28T08:32:16","slug":"shield-plus","status":"publish","type":"product","link":"https:\/\/almadinamisurata.ly\/fr\/product\/shield-plus\/","title":{"rendered":"Shield plus"},"content":{"rendered":"<p dir=\"ltr\">Une peinture \u00e0 base d&rsquo;eau de haute qualit\u00e9, produite en utilisant des vari\u00e9t\u00e9s s\u00e9lectionn\u00e9es d&rsquo;acrylique pur. Elle est destin\u00e9e \u00e0 la protection des surfaces externes et se distingue par une flexibilit\u00e9 remarquable, capable de dissimuler efficacement les microfissures. Cette peinture offre \u00e9galement une r\u00e9sistance exceptionnelle face aux diverses conditions climatiques, incluant la pluie, l&rsquo;humidit\u00e9 et les rayons ultraviolets, tout en poss\u00e9dant des propri\u00e9t\u00e9s anti- carbonatation qui pr\u00e9servent l&rsquo;int\u00e9grit\u00e9 des structures en acier internes contre la corrosion. Elle est sp\u00e9cialement con\u00e7ue pour des applications ext\u00e9rieures sur des surfaces telles que les murs en b\u00e9ton, ciment et pl\u00e2tre, et est id\u00e9ale pour des b\u00e2timents r\u00e9sidentiels, \u00e9ducatifs, h\u00f4teliers et m\u00e9dicaux. Elle est aussi recommand\u00e9e pour la protection des infrastructures en b\u00e9ton comme les ponts et les tunnels.<\/p>\n<p dir=\"ltr\"><strong>Avantages:<\/strong><\/p>\n<p dir=\"ltr\"><strong>&#8211; Pouvoir couvrant exceptionnel- Effet de texture \u00e9l\u00e9gant- Adh\u00e9rence<\/strong><\/p>\n<p dir=\"ltr\"><strong>excellente- Flexibilit\u00e9 pour dissimuler les microfissures- R\u00e9sistance<\/strong><\/p>\n<p dir=\"ltr\"><strong>sup\u00e9rieure aux conditions climatiques- Eco-responsable- Protection contre la<\/strong><\/p>\n<p dir=\"ltr\"><strong>carbonatation-Disponible en diverses granulom\u00e9tries (Plus, Moyen et Doux)<\/strong><\/p>\n<p dir=\"ltr\"><strong>&#8211; Disponible en blanc et dans une s\u00e9lection de couleurs d&rsquo;un catalogue<\/strong><\/p>\n<p dir=\"ltr\"><strong>sp\u00e9cialis\u00e9.<\/strong><\/p>\n","protected":false},"excerpt":{"rendered":"<p>Une peinture \u00e0 base d&rsquo;eau de haute qualit\u00e9, produite en utilisant des vari\u00e9t\u00e9s s\u00e9lectionn\u00e9es d&rsquo;acrylique pur. Elle est destin\u00e9e \u00e0 la protection des surfaces externes et se distingue par une flexibilit\u00e9 remarquable, capable de dissimuler efficacement les microfissures. Cette peinture offre \u00e9galement une r\u00e9sistance exceptionnelle face aux diverses conditions climatiques, incluant la pluie, l&rsquo;humidit\u00e9 et [&hellip;]<\/p>\n","protected":false},"featured_media":20204,"template":"","meta":{"_acf_changed":false},"product_brand":[],"product_cat":[3449],"product_tag":[],"designs":[3450],"class_list":{"0":"post-19648","1":"product","2":"type-product","3":"status-publish","4":"has-post-thumbnail","6":"product_cat-peintures-exterieures","7":"designs-exterieure","9":"first","10":"instock","11":"product-type-variable"},"acf":[],"_links":{"self":[{"href":"https:\/\/almadinamisurata.ly\/fr\/wp-json\/wp\/v2\/product\/19648","targetHints":{"allow":["GET"]}}],"collection":[{"href":"https:\/\/almadinamisurata.ly\/fr\/wp-json\/wp\/v2\/product"}],"about":[{"href":"https:\/\/almadinamisurata.ly\/fr\/wp-json\/wp\/v2\/types\/product"}],"wp:featuredmedia":[{"embeddable":true,"href":"https:\/\/almadinamisurata.ly\/fr\/wp-json\/wp\/v2\/media\/20204"}],"wp:attachment":[{"href":"https:\/\/almadinamisurata.ly\/fr\/wp-json\/wp\/v2\/media?parent=19648"}],"wp:term":[{"taxonomy":"product_brand","embeddable":true,"href":"https:\/\/almadinamisurata.ly\/fr\/wp-json\/wp\/v2\/product_brand?post=19648"},{"taxonomy":"product_cat","embeddable":true,"href":"https:\/\/almadinamisurata.ly\/fr\/wp-json\/wp\/v2\/product_cat?post=19648"},{"taxonomy":"product_tag","embeddable":true,"href":"https:\/\/almadinamisurata.ly\/fr\/wp-json\/wp\/v2\/product_tag?post=19648"},{"taxonomy":"designs","embeddable":true,"href":"https:\/\/almadinamisurata.ly\/fr\/wp-json\/wp\/v2\/designs?post=19648"}],"curies":[{"name":"wp","href":"https:\/\/api.w.org\/{rel}","templated":true}]}}