{"id":19673,"date":"2022-09-08T08:11:22","date_gmt":"2022-09-08T08:11:22","guid":{"rendered":"https:\/\/ampsite.demo.ly\/fr\/product\/shield-soft\/"},"modified":"2025-06-28T09:58:16","modified_gmt":"2025-06-28T09:58:16","slug":"shield-soft","status":"publish","type":"product","link":"https:\/\/almadinamisurata.ly\/fr\/product\/shield-soft\/","title":{"rendered":"Shield soft"},"content":{"rendered":"<p dir=\"ltr\">peinture de texture de base de qualit\u00e9 sup\u00e9rieure \u00e0 base d&rsquo;\u00e9mulsion 100% acrylique pure qui offre une protection exceptionnelle contre les intemp\u00e9ries. Il se caract\u00e9rise par une grande flexibilit\u00e9 pour masquer toutes les fissures des cheveux. Le bouclier offre une excellente r\u00e9sistance aux diff\u00e9rentes conditions m\u00e9t\u00e9orologiques (pluies, humidit\u00e9, rayons UV,.), En plus des propri\u00e9t\u00e9s anti-carbonatation (qui prot\u00e8gent la structure interne en acier de la corrosion) Shield donne un effet \u00e9l\u00e9gant au mur ext\u00e9rieur. Applications ext\u00e9rieures appropri\u00e9es sur les murs en b\u00e9ton, en ciment et en gypse pour les maisons, les \u00e9coles, les h\u00f4tels et les h\u00f4pitaux, \u00e9galement pour prot\u00e9ger les structures en b\u00e9ton des ponts et des tunnels.<\/p>\n<p dir=\"ltr\"><strong>Avantages:<\/strong><\/p>\n<p dir=\"ltr\"><strong>pouvoir couvrant exceptionnel &#8211; Effet de texture \u00e9l\u00e9gante &#8211;<\/strong><\/p>\n<p dir=\"ltr\"><strong>Excellente adh\u00e9rence &#8211; Flexible pour masquer les fissures des<\/strong><\/p>\n<p dir=\"ltr\"><strong>cheveux &#8211; haute r\u00e9sistance aux intemp\u00e9ries &#8211; Respectueux de<\/strong><\/p>\n<p dir=\"ltr\"><strong>l&rsquo;environnement &#8211; Anti-carbonatation &#8211; disponible en diff\u00e9rentes<\/strong><\/p>\n<p dir=\"ltr\"><strong>tailles de texture (Plus, Medium et Soft) &#8211; disponible en blanc<\/strong><\/p>\n<p dir=\"ltr\"><strong>et couleurs s\u00e9lectionn\u00e9es dans le catalogue sp\u00e9cial.<\/strong><\/p>\n<p dir=\"ltr\">\n","protected":false},"excerpt":{"rendered":"<p>peinture de texture de base de qualit\u00e9 sup\u00e9rieure \u00e0 base d&rsquo;\u00e9mulsion 100% acrylique pure qui offre une protection exceptionnelle contre les intemp\u00e9ries. Il se caract\u00e9rise par une grande flexibilit\u00e9 pour masquer toutes les fissures des cheveux. Le bouclier offre une excellente r\u00e9sistance aux diff\u00e9rentes conditions m\u00e9t\u00e9orologiques (pluies, humidit\u00e9, rayons UV,.), En plus des propri\u00e9t\u00e9s anti-carbonatation [&hellip;]<\/p>\n","protected":false},"featured_media":20204,"template":"","meta":{"_acf_changed":false},"product_brand":[],"product_cat":[3449],"product_tag":[],"designs":[3450],"class_list":{"0":"post-19673","1":"product","2":"type-product","3":"status-publish","4":"has-post-thumbnail","6":"product_cat-peintures-exterieures","7":"designs-exterieure","9":"first","10":"instock","11":"product-type-simple"},"acf":[],"_links":{"self":[{"href":"https:\/\/almadinamisurata.ly\/fr\/wp-json\/wp\/v2\/product\/19673","targetHints":{"allow":["GET"]}}],"collection":[{"href":"https:\/\/almadinamisurata.ly\/fr\/wp-json\/wp\/v2\/product"}],"about":[{"href":"https:\/\/almadinamisurata.ly\/fr\/wp-json\/wp\/v2\/types\/product"}],"wp:featuredmedia":[{"embeddable":true,"href":"https:\/\/almadinamisurata.ly\/fr\/wp-json\/wp\/v2\/media\/20204"}],"wp:attachment":[{"href":"https:\/\/almadinamisurata.ly\/fr\/wp-json\/wp\/v2\/media?parent=19673"}],"wp:term":[{"taxonomy":"product_brand","embeddable":true,"href":"https:\/\/almadinamisurata.ly\/fr\/wp-json\/wp\/v2\/product_brand?post=19673"},{"taxonomy":"product_cat","embeddable":true,"href":"https:\/\/almadinamisurata.ly\/fr\/wp-json\/wp\/v2\/product_cat?post=19673"},{"taxonomy":"product_tag","embeddable":true,"href":"https:\/\/almadinamisurata.ly\/fr\/wp-json\/wp\/v2\/product_tag?post=19673"},{"taxonomy":"designs","embeddable":true,"href":"https:\/\/almadinamisurata.ly\/fr\/wp-json\/wp\/v2\/designs?post=19673"}],"curies":[{"name":"wp","href":"https:\/\/api.w.org\/{rel}","templated":true}]}}