{"id":19675,"date":"2022-09-08T08:11:22","date_gmt":"2022-09-08T08:11:22","guid":{"rendered":"https:\/\/ampsite.demo.ly\/fr\/product\/leptis\/"},"modified":"2022-10-04T10:00:47","modified_gmt":"2022-10-04T10:00:47","slug":"leptis","status":"publish","type":"product","link":"https:\/\/almadinamisurata.ly\/fr\/product\/leptis\/","title":{"rendered":"Leptis"},"content":{"rendered":"<p>Peinture acrylique textur\u00e9e, int\u00e9rieur et ext\u00e9rieur, de haute qualit\u00e9, facile \u00e0 appliquer, hydrofuge, r\u00e9sistante aux<br \/>\ntous les temps, r\u00e9sistant \u00e0 l&rsquo;\u00e9rosion et spirante aident \u00e0 masquer les d\u00e9fauts du pl\u00e2tre, il donne un aspect ancien<br \/>\nl&rsquo;apparence des murs ext\u00e9rieurs, et assure une protection maximale des murs, fabriqu\u00e9s \u00e0 partir de la<br \/>\nmeilleurs mat\u00e9riaux au monde.<\/p>\n","protected":false},"excerpt":{"rendered":"<p>Peinture acrylique textur\u00e9e, int\u00e9rieur et ext\u00e9rieur, de haute qualit\u00e9, facile \u00e0 appliquer, hydrofuge, r\u00e9sistante aux tous les temps, r\u00e9sistant \u00e0 l&rsquo;\u00e9rosion et spirante aident \u00e0 masquer les d\u00e9fauts du pl\u00e2tre, il donne un aspect ancien l&rsquo;apparence des murs ext\u00e9rieurs, et assure une protection maximale des murs, fabriqu\u00e9s \u00e0 partir de la meilleurs mat\u00e9riaux au monde.<\/p>\n","protected":false},"featured_media":17979,"template":"","meta":{"_acf_changed":false},"product_brand":[],"product_cat":[3449],"product_tag":[],"designs":[3450],"class_list":{"0":"post-19675","1":"product","2":"type-product","3":"status-publish","4":"has-post-thumbnail","6":"product_cat-peintures-exterieures","7":"designs-exterieure","9":"first","10":"instock","11":"featured","12":"product-type-variable"},"acf":[],"_links":{"self":[{"href":"https:\/\/almadinamisurata.ly\/fr\/wp-json\/wp\/v2\/product\/19675","targetHints":{"allow":["GET"]}}],"collection":[{"href":"https:\/\/almadinamisurata.ly\/fr\/wp-json\/wp\/v2\/product"}],"about":[{"href":"https:\/\/almadinamisurata.ly\/fr\/wp-json\/wp\/v2\/types\/product"}],"wp:featuredmedia":[{"embeddable":true,"href":"https:\/\/almadinamisurata.ly\/fr\/wp-json\/wp\/v2\/media\/17979"}],"wp:attachment":[{"href":"https:\/\/almadinamisurata.ly\/fr\/wp-json\/wp\/v2\/media?parent=19675"}],"wp:term":[{"taxonomy":"product_brand","embeddable":true,"href":"https:\/\/almadinamisurata.ly\/fr\/wp-json\/wp\/v2\/product_brand?post=19675"},{"taxonomy":"product_cat","embeddable":true,"href":"https:\/\/almadinamisurata.ly\/fr\/wp-json\/wp\/v2\/product_cat?post=19675"},{"taxonomy":"product_tag","embeddable":true,"href":"https:\/\/almadinamisurata.ly\/fr\/wp-json\/wp\/v2\/product_tag?post=19675"},{"taxonomy":"designs","embeddable":true,"href":"https:\/\/almadinamisurata.ly\/fr\/wp-json\/wp\/v2\/designs?post=19675"}],"curies":[{"name":"wp","href":"https:\/\/api.w.org\/{rel}","templated":true}]}}