{"id":19700,"date":"2022-09-08T08:11:29","date_gmt":"2022-09-08T08:11:29","guid":{"rendered":"https:\/\/ampsite.demo.ly\/fr\/product\/colle-a-bois\/"},"modified":"2022-10-11T09:16:35","modified_gmt":"2022-10-11T09:16:35","slug":"colle-a-bois","status":"publish","type":"product","link":"https:\/\/almadinamisurata.ly\/fr\/product\/colle-a-bois\/","title":{"rendered":"colle \u00e0 bois"},"content":{"rendered":"<p>Colle blanche pour bois, de haute qualit\u00e9, \u00ab\u00a0\u00e0 base d&rsquo;ac\u00e9tate de polyvinyle\u00a0\u00bb, haut pouvoir collant, s\u00e9chage tr\u00e8s rapide et<br \/>\ndonner une couche transparente apr\u00e8s s\u00e9chage a \u00e9galement une grande flexibilit\u00e9 fabriqu\u00e9e \u00e0 partir des meilleurs mat\u00e9riaux au monde, utilis\u00e9 pour<br \/>\ncolle bois naturel, panneaux de particules de bois, contreplaqu\u00e9, placage de bois et panneaux de bois compact\u00e9s, disponible<br \/>\nen blanc et transparent<\/p>\n","protected":false},"excerpt":{"rendered":"<p>Colle blanche pour bois, de haute qualit\u00e9, \u00ab\u00a0\u00e0 base d&rsquo;ac\u00e9tate de polyvinyle\u00a0\u00bb, haut pouvoir collant, s\u00e9chage tr\u00e8s rapide et donner une couche transparente apr\u00e8s s\u00e9chage a \u00e9galement une grande flexibilit\u00e9 fabriqu\u00e9e \u00e0 partir des meilleurs mat\u00e9riaux au monde, utilis\u00e9 pour colle bois naturel, panneaux de particules de bois, contreplaqu\u00e9, placage de bois et panneaux de [&hellip;]<\/p>\n","protected":false},"featured_media":18005,"template":"","meta":{"_acf_changed":false},"product_brand":[],"product_cat":[3451],"product_tag":[],"designs":[],"class_list":{"0":"post-19700","1":"product","2":"type-product","3":"status-publish","4":"has-post-thumbnail","6":"product_cat-peintures-pour-bois","8":"first","9":"instock","10":"product-type-variable"},"acf":[],"_links":{"self":[{"href":"https:\/\/almadinamisurata.ly\/fr\/wp-json\/wp\/v2\/product\/19700","targetHints":{"allow":["GET"]}}],"collection":[{"href":"https:\/\/almadinamisurata.ly\/fr\/wp-json\/wp\/v2\/product"}],"about":[{"href":"https:\/\/almadinamisurata.ly\/fr\/wp-json\/wp\/v2\/types\/product"}],"wp:featuredmedia":[{"embeddable":true,"href":"https:\/\/almadinamisurata.ly\/fr\/wp-json\/wp\/v2\/media\/18005"}],"wp:attachment":[{"href":"https:\/\/almadinamisurata.ly\/fr\/wp-json\/wp\/v2\/media?parent=19700"}],"wp:term":[{"taxonomy":"product_brand","embeddable":true,"href":"https:\/\/almadinamisurata.ly\/fr\/wp-json\/wp\/v2\/product_brand?post=19700"},{"taxonomy":"product_cat","embeddable":true,"href":"https:\/\/almadinamisurata.ly\/fr\/wp-json\/wp\/v2\/product_cat?post=19700"},{"taxonomy":"product_tag","embeddable":true,"href":"https:\/\/almadinamisurata.ly\/fr\/wp-json\/wp\/v2\/product_tag?post=19700"},{"taxonomy":"designs","embeddable":true,"href":"https:\/\/almadinamisurata.ly\/fr\/wp-json\/wp\/v2\/designs?post=19700"}],"curies":[{"name":"wp","href":"https:\/\/api.w.org\/{rel}","templated":true}]}}