{"id":19704,"date":"2022-09-08T08:11:29","date_gmt":"2022-09-08T08:11:29","guid":{"rendered":"https:\/\/ampsite.demo.ly\/fr\/product\/huile-de-bois\/"},"modified":"2022-10-11T09:19:23","modified_gmt":"2022-10-11T09:19:23","slug":"huile-de-bois","status":"publish","type":"product","link":"https:\/\/almadinamisurata.ly\/fr\/product\/huile-de-bois\/","title":{"rendered":"huile de bois"},"content":{"rendered":"<p>l&rsquo;huile de bois, alkyde avec de l&rsquo;huile de lin de haute qualit\u00e9, int\u00e9rieur et ext\u00e9rieur, fonctionne pour fermer les pores du bois, Emp\u00eache<br \/>\ns\u00e9cr\u00e9tion de presse-agrumes contenant du bois, fabriqu\u00e9 \u00e0 partir du meilleur mat\u00e9riau au monde, utilis\u00e9 pour toutes sortes<br \/>\nde bois int\u00e9rieur et ext\u00e9rieur et marine. Aide \u00e0 prot\u00e9ger le bois de l&rsquo;humidit\u00e9 et des intemp\u00e9ries.<\/p>\n","protected":false},"excerpt":{"rendered":"<p>l&rsquo;huile de bois, alkyde avec de l&rsquo;huile de lin de haute qualit\u00e9, int\u00e9rieur et ext\u00e9rieur, fonctionne pour fermer les pores du bois, Emp\u00eache s\u00e9cr\u00e9tion de presse-agrumes contenant du bois, fabriqu\u00e9 \u00e0 partir du meilleur mat\u00e9riau au monde, utilis\u00e9 pour toutes sortes de bois int\u00e9rieur et ext\u00e9rieur et marine. Aide \u00e0 prot\u00e9ger le bois de l&rsquo;humidit\u00e9 [&hellip;]<\/p>\n","protected":false},"featured_media":20062,"template":"","meta":{"_acf_changed":false},"product_brand":[],"product_cat":[3451],"product_tag":[],"designs":[],"class_list":{"0":"post-19704","1":"product","2":"type-product","3":"status-publish","4":"has-post-thumbnail","6":"product_cat-peintures-pour-bois","8":"first","9":"instock","10":"product-type-variable"},"acf":[],"_links":{"self":[{"href":"https:\/\/almadinamisurata.ly\/fr\/wp-json\/wp\/v2\/product\/19704","targetHints":{"allow":["GET"]}}],"collection":[{"href":"https:\/\/almadinamisurata.ly\/fr\/wp-json\/wp\/v2\/product"}],"about":[{"href":"https:\/\/almadinamisurata.ly\/fr\/wp-json\/wp\/v2\/types\/product"}],"wp:featuredmedia":[{"embeddable":true,"href":"https:\/\/almadinamisurata.ly\/fr\/wp-json\/wp\/v2\/media\/20062"}],"wp:attachment":[{"href":"https:\/\/almadinamisurata.ly\/fr\/wp-json\/wp\/v2\/media?parent=19704"}],"wp:term":[{"taxonomy":"product_brand","embeddable":true,"href":"https:\/\/almadinamisurata.ly\/fr\/wp-json\/wp\/v2\/product_brand?post=19704"},{"taxonomy":"product_cat","embeddable":true,"href":"https:\/\/almadinamisurata.ly\/fr\/wp-json\/wp\/v2\/product_cat?post=19704"},{"taxonomy":"product_tag","embeddable":true,"href":"https:\/\/almadinamisurata.ly\/fr\/wp-json\/wp\/v2\/product_tag?post=19704"},{"taxonomy":"designs","embeddable":true,"href":"https:\/\/almadinamisurata.ly\/fr\/wp-json\/wp\/v2\/designs?post=19704"}],"curies":[{"name":"wp","href":"https:\/\/api.w.org\/{rel}","templated":true}]}}