{"id":19708,"date":"2022-09-08T08:11:29","date_gmt":"2022-09-08T08:11:29","guid":{"rendered":"https:\/\/ampsite.demo.ly\/fr\/product\/sealer-nitro\/"},"modified":"2022-10-11T09:23:47","modified_gmt":"2022-10-11T09:23:47","slug":"sealer-nitro","status":"publish","type":"product","link":"https:\/\/almadinamisurata.ly\/fr\/product\/sealer-nitro\/","title":{"rendered":"Sealer nitro"},"content":{"rendered":"<p>Peinture Nitro-cellulose transparente, de haute qualit\u00e9, \u00e0 s\u00e9chage rapide, \u00e0 tr\u00e8s haute viscosit\u00e9 et \u00e0 haut pouvoir adh\u00e9sif<br \/>\npuissance, fonctionne pour remplir les pores du bois, donne une surface lisse et soyeuse apr\u00e8s le processus de pon\u00e7age, fabriqu\u00e9 \u00e0 partir des meilleurs<br \/>\nmati\u00e8re premi\u00e8re au monde, utilis\u00e9e pour toutes les menuiseries de portes, fen\u00eatres et Meubles de Maison.<\/p>\n","protected":false},"excerpt":{"rendered":"<p>Peinture Nitro-cellulose transparente, de haute qualit\u00e9, \u00e0 s\u00e9chage rapide, \u00e0 tr\u00e8s haute viscosit\u00e9 et \u00e0 haut pouvoir adh\u00e9sif puissance, fonctionne pour remplir les pores du bois, donne une surface lisse et soyeuse apr\u00e8s le processus de pon\u00e7age, fabriqu\u00e9 \u00e0 partir des meilleurs mati\u00e8re premi\u00e8re au monde, utilis\u00e9e pour toutes les menuiseries de portes, fen\u00eatres et [&hellip;]<\/p>\n","protected":false},"featured_media":18015,"template":"","meta":{"_acf_changed":false},"product_brand":[],"product_cat":[3451],"product_tag":[],"designs":[],"class_list":{"0":"post-19708","1":"product","2":"type-product","3":"status-publish","4":"has-post-thumbnail","6":"product_cat-peintures-pour-bois","8":"first","9":"instock","10":"product-type-variable"},"acf":[],"_links":{"self":[{"href":"https:\/\/almadinamisurata.ly\/fr\/wp-json\/wp\/v2\/product\/19708","targetHints":{"allow":["GET"]}}],"collection":[{"href":"https:\/\/almadinamisurata.ly\/fr\/wp-json\/wp\/v2\/product"}],"about":[{"href":"https:\/\/almadinamisurata.ly\/fr\/wp-json\/wp\/v2\/types\/product"}],"wp:featuredmedia":[{"embeddable":true,"href":"https:\/\/almadinamisurata.ly\/fr\/wp-json\/wp\/v2\/media\/18015"}],"wp:attachment":[{"href":"https:\/\/almadinamisurata.ly\/fr\/wp-json\/wp\/v2\/media?parent=19708"}],"wp:term":[{"taxonomy":"product_brand","embeddable":true,"href":"https:\/\/almadinamisurata.ly\/fr\/wp-json\/wp\/v2\/product_brand?post=19708"},{"taxonomy":"product_cat","embeddable":true,"href":"https:\/\/almadinamisurata.ly\/fr\/wp-json\/wp\/v2\/product_cat?post=19708"},{"taxonomy":"product_tag","embeddable":true,"href":"https:\/\/almadinamisurata.ly\/fr\/wp-json\/wp\/v2\/product_tag?post=19708"},{"taxonomy":"designs","embeddable":true,"href":"https:\/\/almadinamisurata.ly\/fr\/wp-json\/wp\/v2\/designs?post=19708"}],"curies":[{"name":"wp","href":"https:\/\/api.w.org\/{rel}","templated":true}]}}