{"id":19715,"date":"2022-09-08T08:11:29","date_gmt":"2022-09-08T08:11:29","guid":{"rendered":"https:\/\/ampsite.demo.ly\/fr\/product\/wood-varnsih-pu\/"},"modified":"2022-10-11T09:06:24","modified_gmt":"2022-10-11T09:06:24","slug":"wood-varnsih-pu","status":"publish","type":"product","link":"https:\/\/almadinamisurata.ly\/fr\/product\/wood-varnsih-pu\/","title":{"rendered":"wood varnsih PU"},"content":{"rendered":"<p>Peinture laque alkyde, polyur\u00e9thane modifi\u00e9, d&rsquo;un compos\u00e9 brillant, de haute qualit\u00e9, int\u00e9rieur et ext\u00e9rieur, caract\u00e9ris\u00e9e par une forte adh\u00e9rence et une duret\u00e9 \u00e9lev\u00e9e, r\u00e9sistante \u00e0 l&rsquo;eau et aux intemp\u00e9ries, donnant une surface lisse avec une grande douceur, car son bronzage montre la beaut\u00e9 de bois;<br \/>\nIl est utilis\u00e9 pour peindre les meubles et toutes les menuiseries int\u00e9rieures et ext\u00e9rieures, et il est disponible en couleurs transparentes et catalogue<\/p>\n","protected":false},"excerpt":{"rendered":"<p>Peinture laque alkyde, polyur\u00e9thane modifi\u00e9, d&rsquo;un compos\u00e9 brillant, de haute qualit\u00e9, int\u00e9rieur et ext\u00e9rieur, caract\u00e9ris\u00e9e par une forte adh\u00e9rence et une duret\u00e9 \u00e9lev\u00e9e, r\u00e9sistante \u00e0 l&rsquo;eau et aux intemp\u00e9ries, donnant une surface lisse avec une grande douceur, car son bronzage montre la beaut\u00e9 de bois; Il est utilis\u00e9 pour peindre les meubles et toutes les [&hellip;]<\/p>\n","protected":false},"featured_media":18023,"template":"","meta":{"_acf_changed":false},"product_brand":[],"product_cat":[3451],"product_tag":[],"designs":[3450],"class_list":{"0":"post-19715","1":"product","2":"type-product","3":"status-publish","4":"has-post-thumbnail","6":"product_cat-peintures-pour-bois","7":"designs-exterieure","9":"first","10":"instock","11":"product-type-variable"},"acf":[],"_links":{"self":[{"href":"https:\/\/almadinamisurata.ly\/fr\/wp-json\/wp\/v2\/product\/19715","targetHints":{"allow":["GET"]}}],"collection":[{"href":"https:\/\/almadinamisurata.ly\/fr\/wp-json\/wp\/v2\/product"}],"about":[{"href":"https:\/\/almadinamisurata.ly\/fr\/wp-json\/wp\/v2\/types\/product"}],"wp:featuredmedia":[{"embeddable":true,"href":"https:\/\/almadinamisurata.ly\/fr\/wp-json\/wp\/v2\/media\/18023"}],"wp:attachment":[{"href":"https:\/\/almadinamisurata.ly\/fr\/wp-json\/wp\/v2\/media?parent=19715"}],"wp:term":[{"taxonomy":"product_brand","embeddable":true,"href":"https:\/\/almadinamisurata.ly\/fr\/wp-json\/wp\/v2\/product_brand?post=19715"},{"taxonomy":"product_cat","embeddable":true,"href":"https:\/\/almadinamisurata.ly\/fr\/wp-json\/wp\/v2\/product_cat?post=19715"},{"taxonomy":"product_tag","embeddable":true,"href":"https:\/\/almadinamisurata.ly\/fr\/wp-json\/wp\/v2\/product_tag?post=19715"},{"taxonomy":"designs","embeddable":true,"href":"https:\/\/almadinamisurata.ly\/fr\/wp-json\/wp\/v2\/designs?post=19715"}],"curies":[{"name":"wp","href":"https:\/\/api.w.org\/{rel}","templated":true}]}}