{"id":19719,"date":"2022-09-08T08:11:36","date_gmt":"2022-09-08T08:11:36","guid":{"rendered":"https:\/\/ampsite.demo.ly\/fr\/product\/peintures-routieres\/"},"modified":"2025-07-21T13:50:44","modified_gmt":"2025-07-21T13:50:44","slug":"peintures-routieres","status":"publish","type":"product","link":"https:\/\/almadinamisurata.ly\/fr\/product\/peintures-routieres\/","title":{"rendered":"peintures routi\u00e8res"},"content":{"rendered":"<p data-start=\"540\" data-end=\"933\">Peinture acrylique de haute qualit\u00e9, fabriqu\u00e9e conform\u00e9ment \u00e0 la sp\u00e9cification standard environnementale n\u00b0 584 de l&rsquo;ann\u00e9e 2009 relative aux peintures de marquage routier, <strong>et certifi\u00e9e par la marque de qualit\u00e9 libyenne<\/strong>. Elle r\u00e9siste aux conditions climatiques, aux produits chimiques et p\u00e9troliers, ainsi qu\u2019\u00e0 l\u2019abrasion. Elle est fabriqu\u00e9e \u00e0 partir des meilleures mati\u00e8res premi\u00e8res au monde.<\/p>\n<p data-start=\"935\" data-end=\"1069\">Elle est utilis\u00e9e pour le marquage routier, les pistes d\u2019atterrissage, les parkings, les stades sportifs et la peinture des trottoirs.<\/p>\n","protected":false},"excerpt":{"rendered":"<p>Peinture acrylique de haute qualit\u00e9, fabriqu\u00e9e conform\u00e9ment \u00e0 la sp\u00e9cification standard environnementale n\u00b0 584 de l&rsquo;ann\u00e9e 2009 relative aux peintures de marquage routier, et certifi\u00e9e par la marque de qualit\u00e9 libyenne. Elle r\u00e9siste aux conditions climatiques, aux produits chimiques et p\u00e9troliers, ainsi qu\u2019\u00e0 l\u2019abrasion. Elle est fabriqu\u00e9e \u00e0 partir des meilleures mati\u00e8res premi\u00e8res au monde. [&hellip;]<\/p>\n","protected":false},"featured_media":20393,"template":"","meta":{"_acf_changed":false},"product_brand":[],"product_cat":[3452],"product_tag":[],"designs":[3450],"class_list":{"0":"post-19719","1":"product","2":"type-product","3":"status-publish","4":"has-post-thumbnail","6":"product_cat-peintures-routieres","7":"designs-exterieure","9":"first","10":"instock","11":"product-type-variable"},"acf":[],"_links":{"self":[{"href":"https:\/\/almadinamisurata.ly\/fr\/wp-json\/wp\/v2\/product\/19719","targetHints":{"allow":["GET"]}}],"collection":[{"href":"https:\/\/almadinamisurata.ly\/fr\/wp-json\/wp\/v2\/product"}],"about":[{"href":"https:\/\/almadinamisurata.ly\/fr\/wp-json\/wp\/v2\/types\/product"}],"wp:featuredmedia":[{"embeddable":true,"href":"https:\/\/almadinamisurata.ly\/fr\/wp-json\/wp\/v2\/media\/20393"}],"wp:attachment":[{"href":"https:\/\/almadinamisurata.ly\/fr\/wp-json\/wp\/v2\/media?parent=19719"}],"wp:term":[{"taxonomy":"product_brand","embeddable":true,"href":"https:\/\/almadinamisurata.ly\/fr\/wp-json\/wp\/v2\/product_brand?post=19719"},{"taxonomy":"product_cat","embeddable":true,"href":"https:\/\/almadinamisurata.ly\/fr\/wp-json\/wp\/v2\/product_cat?post=19719"},{"taxonomy":"product_tag","embeddable":true,"href":"https:\/\/almadinamisurata.ly\/fr\/wp-json\/wp\/v2\/product_tag?post=19719"},{"taxonomy":"designs","embeddable":true,"href":"https:\/\/almadinamisurata.ly\/fr\/wp-json\/wp\/v2\/designs?post=19719"}],"curies":[{"name":"wp","href":"https:\/\/api.w.org\/{rel}","templated":true}]}}