{"id":19732,"date":"2022-09-08T08:11:36","date_gmt":"2022-09-08T08:11:36","guid":{"rendered":"https:\/\/ampsite.demo.ly\/fr\/product\/appret-antirouille\/"},"modified":"2024-01-20T08:22:32","modified_gmt":"2024-01-20T08:22:32","slug":"appret-antirouille","status":"publish","type":"product","link":"https:\/\/almadinamisurata.ly\/fr\/product\/appret-antirouille\/","title":{"rendered":"appr\u00eat antirouille"},"content":{"rendered":"<p>Peinture d&rsquo;appr\u00eat antirouille de haute qualit\u00e9, pour usage interne et externe, donne un pouvoir adh\u00e9sif au fer<br \/>\nSurfaces et aux couches de rev\u00eatement suivantes, Fabriqu\u00e9 \u00e0 partir des meilleurs mat\u00e9riaux bruts au monde;<br \/>\nUtilis\u00e9 comme couche de base et \u00e9galement pour prot\u00e9ger les surfaces en fer de la rouille.<\/p>\n","protected":false},"excerpt":{"rendered":"<p>Peinture d&rsquo;appr\u00eat antirouille de haute qualit\u00e9, pour usage interne et externe, donne un pouvoir adh\u00e9sif au fer Surfaces et aux couches de rev\u00eatement suivantes, Fabriqu\u00e9 \u00e0 partir des meilleurs mat\u00e9riaux bruts au monde; Utilis\u00e9 comme couche de base et \u00e9galement pour prot\u00e9ger les surfaces en fer de la rouille.<\/p>\n","protected":false},"featured_media":18041,"template":"","meta":{"_acf_changed":false},"product_brand":[],"product_cat":[3456],"product_tag":[],"designs":[3444,3450],"class_list":{"0":"post-19732","1":"product","2":"type-product","3":"status-publish","4":"has-post-thumbnail","6":"product_cat-peintures-de-fer","7":"designs-interieure","8":"designs-exterieure","10":"first","11":"instock","12":"product-type-variable"},"acf":[],"_links":{"self":[{"href":"https:\/\/almadinamisurata.ly\/fr\/wp-json\/wp\/v2\/product\/19732","targetHints":{"allow":["GET"]}}],"collection":[{"href":"https:\/\/almadinamisurata.ly\/fr\/wp-json\/wp\/v2\/product"}],"about":[{"href":"https:\/\/almadinamisurata.ly\/fr\/wp-json\/wp\/v2\/types\/product"}],"wp:featuredmedia":[{"embeddable":true,"href":"https:\/\/almadinamisurata.ly\/fr\/wp-json\/wp\/v2\/media\/18041"}],"wp:attachment":[{"href":"https:\/\/almadinamisurata.ly\/fr\/wp-json\/wp\/v2\/media?parent=19732"}],"wp:term":[{"taxonomy":"product_brand","embeddable":true,"href":"https:\/\/almadinamisurata.ly\/fr\/wp-json\/wp\/v2\/product_brand?post=19732"},{"taxonomy":"product_cat","embeddable":true,"href":"https:\/\/almadinamisurata.ly\/fr\/wp-json\/wp\/v2\/product_cat?post=19732"},{"taxonomy":"product_tag","embeddable":true,"href":"https:\/\/almadinamisurata.ly\/fr\/wp-json\/wp\/v2\/product_tag?post=19732"},{"taxonomy":"designs","embeddable":true,"href":"https:\/\/almadinamisurata.ly\/fr\/wp-json\/wp\/v2\/designs?post=19732"}],"curies":[{"name":"wp","href":"https:\/\/api.w.org\/{rel}","templated":true}]}}