{"id":19739,"date":"2022-09-08T08:11:36","date_gmt":"2022-09-08T08:11:36","guid":{"rendered":"https:\/\/ampsite.demo.ly\/fr\/product\/nitro\/"},"modified":"2022-10-11T14:33:03","modified_gmt":"2022-10-11T14:33:03","slug":"nitro","status":"publish","type":"product","link":"https:\/\/almadinamisurata.ly\/fr\/product\/nitro\/","title":{"rendered":"Nitro"},"content":{"rendered":"<p>peinture Nitro-cellulose brillante, de haute qualit\u00e9, int\u00e9rieure et ext\u00e9rieure, caract\u00e9ris\u00e9e par un fort encollage<br \/>\net haute duret\u00e9, donne une surface lisse et soyeuse, des couleurs r\u00e9guli\u00e8res, disponible en argent, or et cuivre;<br \/>\nsupporte les intemp\u00e9ries, fabriqu\u00e9 \u00e0 partir des meilleures mati\u00e8res premi\u00e8res au monde, utilis\u00e9 pour rev\u00eatir les surfaces en fer;<br \/>\nciment et gypse.<\/p>\n","protected":false},"excerpt":{"rendered":"<p>peinture Nitro-cellulose brillante, de haute qualit\u00e9, int\u00e9rieure et ext\u00e9rieure, caract\u00e9ris\u00e9e par un fort encollage et haute duret\u00e9, donne une surface lisse et soyeuse, des couleurs r\u00e9guli\u00e8res, disponible en argent, or et cuivre; supporte les intemp\u00e9ries, fabriqu\u00e9 \u00e0 partir des meilleures mati\u00e8res premi\u00e8res au monde, utilis\u00e9 pour rev\u00eatir les surfaces en fer; ciment et gypse.<\/p>\n","protected":false},"featured_media":20076,"template":"","meta":{"_acf_changed":false},"product_brand":[],"product_cat":[3456],"product_tag":[],"designs":[3444,3450],"class_list":{"0":"post-19739","1":"product","2":"type-product","3":"status-publish","4":"has-post-thumbnail","6":"product_cat-peintures-de-fer","7":"designs-interieure","8":"designs-exterieure","10":"first","11":"instock","12":"product-type-simple"},"acf":[],"_links":{"self":[{"href":"https:\/\/almadinamisurata.ly\/fr\/wp-json\/wp\/v2\/product\/19739","targetHints":{"allow":["GET"]}}],"collection":[{"href":"https:\/\/almadinamisurata.ly\/fr\/wp-json\/wp\/v2\/product"}],"about":[{"href":"https:\/\/almadinamisurata.ly\/fr\/wp-json\/wp\/v2\/types\/product"}],"wp:featuredmedia":[{"embeddable":true,"href":"https:\/\/almadinamisurata.ly\/fr\/wp-json\/wp\/v2\/media\/20076"}],"wp:attachment":[{"href":"https:\/\/almadinamisurata.ly\/fr\/wp-json\/wp\/v2\/media?parent=19739"}],"wp:term":[{"taxonomy":"product_brand","embeddable":true,"href":"https:\/\/almadinamisurata.ly\/fr\/wp-json\/wp\/v2\/product_brand?post=19739"},{"taxonomy":"product_cat","embeddable":true,"href":"https:\/\/almadinamisurata.ly\/fr\/wp-json\/wp\/v2\/product_cat?post=19739"},{"taxonomy":"product_tag","embeddable":true,"href":"https:\/\/almadinamisurata.ly\/fr\/wp-json\/wp\/v2\/product_tag?post=19739"},{"taxonomy":"designs","embeddable":true,"href":"https:\/\/almadinamisurata.ly\/fr\/wp-json\/wp\/v2\/designs?post=19739"}],"curies":[{"name":"wp","href":"https:\/\/api.w.org\/{rel}","templated":true}]}}