{"id":19742,"date":"2022-09-08T08:11:41","date_gmt":"2022-09-08T08:11:41","guid":{"rendered":"https:\/\/ampsite.demo.ly\/fr\/product\/velvet\/"},"modified":"2022-10-11T14:39:25","modified_gmt":"2022-10-11T14:39:25","slug":"velvet","status":"publish","type":"product","link":"https:\/\/almadinamisurata.ly\/fr\/product\/velvet\/","title":{"rendered":"Velvet"},"content":{"rendered":"<p>Peinture d\u00e9corative velout\u00e9e, de haute qualit\u00e9, facile \u00e0 utiliser, con\u00e7ue pour donner des formes de velours attrayantes avec des chevauchements<br \/>\nCouleurs, caract\u00e9ris\u00e9es par une bonne stabilit\u00e9 des couleurs et un pouvoir collant, fabriqu\u00e9es \u00e0 partir de l&rsquo;acrylique le plus fin au monde, utilis\u00e9es<br \/>\npour les couches finales int\u00e9rieures sur b\u00e9ton, ciment et gypse .<\/p>\n","protected":false},"excerpt":{"rendered":"<p>Peinture d\u00e9corative velout\u00e9e, de haute qualit\u00e9, facile \u00e0 utiliser, con\u00e7ue pour donner des formes de velours attrayantes avec des chevauchements Couleurs, caract\u00e9ris\u00e9es par une bonne stabilit\u00e9 des couleurs et un pouvoir collant, fabriqu\u00e9es \u00e0 partir de l&rsquo;acrylique le plus fin au monde, utilis\u00e9es pour les couches finales int\u00e9rieures sur b\u00e9ton, ciment et gypse .<\/p>\n","protected":false},"featured_media":15202,"template":"","meta":{"_acf_changed":false},"product_brand":[],"product_cat":[3457],"product_tag":[],"designs":[3444],"class_list":{"0":"post-19742","1":"product","2":"type-product","3":"status-publish","4":"has-post-thumbnail","6":"product_cat-peintures-decoratives","7":"designs-interieure","9":"first","10":"instock","11":"product-type-variable"},"acf":[],"_links":{"self":[{"href":"https:\/\/almadinamisurata.ly\/fr\/wp-json\/wp\/v2\/product\/19742","targetHints":{"allow":["GET"]}}],"collection":[{"href":"https:\/\/almadinamisurata.ly\/fr\/wp-json\/wp\/v2\/product"}],"about":[{"href":"https:\/\/almadinamisurata.ly\/fr\/wp-json\/wp\/v2\/types\/product"}],"wp:featuredmedia":[{"embeddable":true,"href":"https:\/\/almadinamisurata.ly\/fr\/wp-json\/wp\/v2\/media\/15202"}],"wp:attachment":[{"href":"https:\/\/almadinamisurata.ly\/fr\/wp-json\/wp\/v2\/media?parent=19742"}],"wp:term":[{"taxonomy":"product_brand","embeddable":true,"href":"https:\/\/almadinamisurata.ly\/fr\/wp-json\/wp\/v2\/product_brand?post=19742"},{"taxonomy":"product_cat","embeddable":true,"href":"https:\/\/almadinamisurata.ly\/fr\/wp-json\/wp\/v2\/product_cat?post=19742"},{"taxonomy":"product_tag","embeddable":true,"href":"https:\/\/almadinamisurata.ly\/fr\/wp-json\/wp\/v2\/product_tag?post=19742"},{"taxonomy":"designs","embeddable":true,"href":"https:\/\/almadinamisurata.ly\/fr\/wp-json\/wp\/v2\/designs?post=19742"}],"curies":[{"name":"wp","href":"https:\/\/api.w.org\/{rel}","templated":true}]}}