{"id":19780,"date":"2022-09-08T08:11:46","date_gmt":"2022-09-08T08:11:46","guid":{"rendered":"https:\/\/ampsite.demo.ly\/fr\/product\/sawahili\/"},"modified":"2022-10-11T14:56:56","modified_gmt":"2022-10-11T14:56:56","slug":"sawahili","status":"publish","type":"product","link":"https:\/\/almadinamisurata.ly\/fr\/product\/sawahili\/","title":{"rendered":"Sawahili"},"content":{"rendered":"<p>Peinture d\u00e9corative de haute qualit\u00e9, con\u00e7ue pour donner les merveilleuses formes des sables du d\u00e9sert avec des reflets \u00e9poustouflants<br \/>\n\u00e9clat l\u00e9ger des palais, restaurants et h\u00f4tels, fabriqu\u00e9 \u00e0 partir de l&rsquo;acrylique le plus fin du monde, utilis\u00e9 pour l&rsquo;int\u00e9rieur final<br \/>\ncouches sur b\u00e9ton et ciment et gypse.<\/p>\n","protected":false},"excerpt":{"rendered":"<p>Peinture d\u00e9corative de haute qualit\u00e9, con\u00e7ue pour donner les merveilleuses formes des sables du d\u00e9sert avec des reflets \u00e9poustouflants \u00e9clat l\u00e9ger des palais, restaurants et h\u00f4tels, fabriqu\u00e9 \u00e0 partir de l&rsquo;acrylique le plus fin du monde, utilis\u00e9 pour l&rsquo;int\u00e9rieur final couches sur b\u00e9ton et ciment et gypse.<\/p>\n","protected":false},"featured_media":15204,"template":"","meta":{"_acf_changed":false},"product_brand":[],"product_cat":[3457],"product_tag":[],"designs":[3444],"class_list":{"0":"post-19780","1":"product","2":"type-product","3":"status-publish","4":"has-post-thumbnail","6":"product_cat-peintures-decoratives","7":"designs-interieure","9":"first","10":"instock","11":"product-type-variable"},"acf":[],"_links":{"self":[{"href":"https:\/\/almadinamisurata.ly\/fr\/wp-json\/wp\/v2\/product\/19780","targetHints":{"allow":["GET"]}}],"collection":[{"href":"https:\/\/almadinamisurata.ly\/fr\/wp-json\/wp\/v2\/product"}],"about":[{"href":"https:\/\/almadinamisurata.ly\/fr\/wp-json\/wp\/v2\/types\/product"}],"wp:featuredmedia":[{"embeddable":true,"href":"https:\/\/almadinamisurata.ly\/fr\/wp-json\/wp\/v2\/media\/15204"}],"wp:attachment":[{"href":"https:\/\/almadinamisurata.ly\/fr\/wp-json\/wp\/v2\/media?parent=19780"}],"wp:term":[{"taxonomy":"product_brand","embeddable":true,"href":"https:\/\/almadinamisurata.ly\/fr\/wp-json\/wp\/v2\/product_brand?post=19780"},{"taxonomy":"product_cat","embeddable":true,"href":"https:\/\/almadinamisurata.ly\/fr\/wp-json\/wp\/v2\/product_cat?post=19780"},{"taxonomy":"product_tag","embeddable":true,"href":"https:\/\/almadinamisurata.ly\/fr\/wp-json\/wp\/v2\/product_tag?post=19780"},{"taxonomy":"designs","embeddable":true,"href":"https:\/\/almadinamisurata.ly\/fr\/wp-json\/wp\/v2\/designs?post=19780"}],"curies":[{"name":"wp","href":"https:\/\/api.w.org\/{rel}","templated":true}]}}