{"id":19818,"date":"2022-09-08T08:11:58","date_gmt":"2022-09-08T08:11:58","guid":{"rendered":"https:\/\/ampsite.demo.ly\/fr\/product\/super-mix\/"},"modified":"2022-10-11T14:40:53","modified_gmt":"2022-10-11T14:40:53","slug":"super-mix","status":"publish","type":"product","link":"https:\/\/almadinamisurata.ly\/fr\/product\/super-mix\/","title":{"rendered":"Super Mix"},"content":{"rendered":"<p>Peinture d\u00e9corative, de haute qualit\u00e9, r\u00e9v\u00e9lateur utilisant la haute technologie, donne un merveilleux m\u00e9lange de couleurs \u00ab\u00a0Multi<br \/>\nCouleurs \u00ab\u00a0satur\u00e9es de petits \u00e9clats de couleurs d&rsquo;or et d&rsquo;argent, donne aux murs la splendeur des r\u00e9cifs coralliens disponibles<br \/>\nen (or &#8211; argent &#8211; blanc), utilis\u00e9 pour les couches int\u00e9rieures finales sur le b\u00e9ton, le ciment et le gypse.<\/p>\n","protected":false},"excerpt":{"rendered":"<p>Peinture d\u00e9corative, de haute qualit\u00e9, r\u00e9v\u00e9lateur utilisant la haute technologie, donne un merveilleux m\u00e9lange de couleurs \u00ab\u00a0Multi Couleurs \u00ab\u00a0satur\u00e9es de petits \u00e9clats de couleurs d&rsquo;or et d&rsquo;argent, donne aux murs la splendeur des r\u00e9cifs coralliens disponibles en (or &#8211; argent &#8211; blanc), utilis\u00e9 pour les couches int\u00e9rieures finales sur le b\u00e9ton, le ciment et le [&hellip;]<\/p>\n","protected":false},"featured_media":15206,"template":"","meta":{"_acf_changed":false},"product_brand":[],"product_cat":[3457],"product_tag":[],"designs":[3444],"class_list":{"0":"post-19818","1":"product","2":"type-product","3":"status-publish","4":"has-post-thumbnail","6":"product_cat-peintures-decoratives","7":"designs-interieure","9":"first","10":"instock","11":"product-type-variable"},"acf":[],"_links":{"self":[{"href":"https:\/\/almadinamisurata.ly\/fr\/wp-json\/wp\/v2\/product\/19818","targetHints":{"allow":["GET"]}}],"collection":[{"href":"https:\/\/almadinamisurata.ly\/fr\/wp-json\/wp\/v2\/product"}],"about":[{"href":"https:\/\/almadinamisurata.ly\/fr\/wp-json\/wp\/v2\/types\/product"}],"wp:featuredmedia":[{"embeddable":true,"href":"https:\/\/almadinamisurata.ly\/fr\/wp-json\/wp\/v2\/media\/15206"}],"wp:attachment":[{"href":"https:\/\/almadinamisurata.ly\/fr\/wp-json\/wp\/v2\/media?parent=19818"}],"wp:term":[{"taxonomy":"product_brand","embeddable":true,"href":"https:\/\/almadinamisurata.ly\/fr\/wp-json\/wp\/v2\/product_brand?post=19818"},{"taxonomy":"product_cat","embeddable":true,"href":"https:\/\/almadinamisurata.ly\/fr\/wp-json\/wp\/v2\/product_cat?post=19818"},{"taxonomy":"product_tag","embeddable":true,"href":"https:\/\/almadinamisurata.ly\/fr\/wp-json\/wp\/v2\/product_tag?post=19818"},{"taxonomy":"designs","embeddable":true,"href":"https:\/\/almadinamisurata.ly\/fr\/wp-json\/wp\/v2\/designs?post=19818"}],"curies":[{"name":"wp","href":"https:\/\/api.w.org\/{rel}","templated":true}]}}