{"id":19829,"date":"2022-09-08T08:12:05","date_gmt":"2022-09-08T08:12:05","guid":{"rendered":"https:\/\/ampsite.demo.ly\/fr\/product\/antique\/"},"modified":"2022-10-11T14:43:19","modified_gmt":"2022-10-11T14:43:19","slug":"antique","status":"publish","type":"product","link":"https:\/\/almadinamisurata.ly\/fr\/product\/antique\/","title":{"rendered":"Antique"},"content":{"rendered":"<p>Peinture d\u00e9corative, marbr\u00e9e, de haute qualit\u00e9, donne des effets de marbre, donne aux murs des touches \u00e9l\u00e9gantes des plus belles<br \/>\nsuperposition de couleurs avec un brillant de luxe, caract\u00e9ris\u00e9 par une bonne stabilit\u00e9 des couleurs et un pouvoir collant, utilis\u00e9 pour<br \/>\nles derni\u00e8res couches int\u00e9rieures sur b\u00e9ton et ciment et gypse.<\/p>\n","protected":false},"excerpt":{"rendered":"<p>Peinture d\u00e9corative, marbr\u00e9e, de haute qualit\u00e9, donne des effets de marbre, donne aux murs des touches \u00e9l\u00e9gantes des plus belles superposition de couleurs avec un brillant de luxe, caract\u00e9ris\u00e9 par une bonne stabilit\u00e9 des couleurs et un pouvoir collant, utilis\u00e9 pour les derni\u00e8res couches int\u00e9rieures sur b\u00e9ton et ciment et gypse.<\/p>\n","protected":false},"featured_media":20078,"template":"","meta":{"_acf_changed":false},"product_brand":[],"product_cat":[3457],"product_tag":[],"designs":[3444],"class_list":{"0":"post-19829","1":"product","2":"type-product","3":"status-publish","4":"has-post-thumbnail","6":"product_cat-peintures-decoratives","7":"designs-interieure","9":"first","10":"instock","11":"product-type-variable"},"acf":[],"_links":{"self":[{"href":"https:\/\/almadinamisurata.ly\/fr\/wp-json\/wp\/v2\/product\/19829","targetHints":{"allow":["GET"]}}],"collection":[{"href":"https:\/\/almadinamisurata.ly\/fr\/wp-json\/wp\/v2\/product"}],"about":[{"href":"https:\/\/almadinamisurata.ly\/fr\/wp-json\/wp\/v2\/types\/product"}],"wp:featuredmedia":[{"embeddable":true,"href":"https:\/\/almadinamisurata.ly\/fr\/wp-json\/wp\/v2\/media\/20078"}],"wp:attachment":[{"href":"https:\/\/almadinamisurata.ly\/fr\/wp-json\/wp\/v2\/media?parent=19829"}],"wp:term":[{"taxonomy":"product_brand","embeddable":true,"href":"https:\/\/almadinamisurata.ly\/fr\/wp-json\/wp\/v2\/product_brand?post=19829"},{"taxonomy":"product_cat","embeddable":true,"href":"https:\/\/almadinamisurata.ly\/fr\/wp-json\/wp\/v2\/product_cat?post=19829"},{"taxonomy":"product_tag","embeddable":true,"href":"https:\/\/almadinamisurata.ly\/fr\/wp-json\/wp\/v2\/product_tag?post=19829"},{"taxonomy":"designs","embeddable":true,"href":"https:\/\/almadinamisurata.ly\/fr\/wp-json\/wp\/v2\/designs?post=19829"}],"curies":[{"name":"wp","href":"https:\/\/api.w.org\/{rel}","templated":true}]}}