{"id":19902,"date":"2022-09-08T08:12:22","date_gmt":"2022-09-08T08:12:22","guid":{"rendered":"https:\/\/ampsite.demo.ly\/fr\/product\/lady-glaze\/"},"modified":"2022-10-13T08:27:26","modified_gmt":"2022-10-13T08:27:26","slug":"lady-glaze","status":"publish","type":"product","link":"https:\/\/almadinamisurata.ly\/fr\/product\/lady-glaze\/","title":{"rendered":"Lady Glaze"},"content":{"rendered":"<p>Peinture d\u00e9corative alkyde de haute qualit\u00e9, con\u00e7ue pour donner des formes d\u00e9coratives multiples et attrayantes, elle a<br \/>\nun temps de s\u00e9chage suffisant pour faire la conception appropri\u00e9e.<br \/>\nUtilisation comme couchent finale pour les surfaces int\u00e9rieures, y compris les surfaces en ciment, b\u00e9ton, bois, fer et gypse.<\/p>\n","protected":false},"excerpt":{"rendered":"<p>Peinture d\u00e9corative alkyde de haute qualit\u00e9, con\u00e7ue pour donner des formes d\u00e9coratives multiples et attrayantes, elle a un temps de s\u00e9chage suffisant pour faire la conception appropri\u00e9e. Utilisation comme couchent finale pour les surfaces int\u00e9rieures, y compris les surfaces en ciment, b\u00e9ton, bois, fer et gypse.<\/p>\n","protected":false},"featured_media":15208,"template":"","meta":{"_acf_changed":false},"product_brand":[],"product_cat":[3457],"product_tag":[],"designs":[3444],"class_list":{"0":"post-19902","1":"product","2":"type-product","3":"status-publish","4":"has-post-thumbnail","6":"product_cat-peintures-decoratives","7":"designs-interieure","9":"first","10":"instock","11":"product-type-variable"},"acf":[],"_links":{"self":[{"href":"https:\/\/almadinamisurata.ly\/fr\/wp-json\/wp\/v2\/product\/19902","targetHints":{"allow":["GET"]}}],"collection":[{"href":"https:\/\/almadinamisurata.ly\/fr\/wp-json\/wp\/v2\/product"}],"about":[{"href":"https:\/\/almadinamisurata.ly\/fr\/wp-json\/wp\/v2\/types\/product"}],"wp:featuredmedia":[{"embeddable":true,"href":"https:\/\/almadinamisurata.ly\/fr\/wp-json\/wp\/v2\/media\/15208"}],"wp:attachment":[{"href":"https:\/\/almadinamisurata.ly\/fr\/wp-json\/wp\/v2\/media?parent=19902"}],"wp:term":[{"taxonomy":"product_brand","embeddable":true,"href":"https:\/\/almadinamisurata.ly\/fr\/wp-json\/wp\/v2\/product_brand?post=19902"},{"taxonomy":"product_cat","embeddable":true,"href":"https:\/\/almadinamisurata.ly\/fr\/wp-json\/wp\/v2\/product_cat?post=19902"},{"taxonomy":"product_tag","embeddable":true,"href":"https:\/\/almadinamisurata.ly\/fr\/wp-json\/wp\/v2\/product_tag?post=19902"},{"taxonomy":"designs","embeddable":true,"href":"https:\/\/almadinamisurata.ly\/fr\/wp-json\/wp\/v2\/designs?post=19902"}],"curies":[{"name":"wp","href":"https:\/\/api.w.org\/{rel}","templated":true}]}}