{"id":19906,"date":"2022-09-08T08:12:22","date_gmt":"2022-09-08T08:12:22","guid":{"rendered":"https:\/\/ampsite.demo.ly\/fr\/product\/chamoah\/"},"modified":"2022-10-13T08:28:56","modified_gmt":"2022-10-13T08:28:56","slug":"chamoah","status":"publish","type":"product","link":"https:\/\/almadinamisurata.ly\/fr\/product\/chamoah\/","title":{"rendered":"Chamoah"},"content":{"rendered":"<p>Peinture d\u00e9corative, int\u00e9rieur, de haute qualit\u00e9, donne aux murs \u00e9l\u00e9gance et beaut\u00e9 avec ses applications de divers d\u00e9coratifs<br \/>\nmat\u00e9riaux, caract\u00e9ris\u00e9s par une bonne stabilit\u00e9 des couleurs, un pouvoir collant et une durabilit\u00e9, fabriqu\u00e9s \u00e0 partir de l&rsquo;acrylique le plus fin d\u00fb<br \/>\nmonde, utilis\u00e9 pour les couches int\u00e9rieures finales sur b\u00e9ton et ciment et gypse.<\/p>\n","protected":false},"excerpt":{"rendered":"<p>Peinture d\u00e9corative, int\u00e9rieur, de haute qualit\u00e9, donne aux murs \u00e9l\u00e9gance et beaut\u00e9 avec ses applications de divers d\u00e9coratifs mat\u00e9riaux, caract\u00e9ris\u00e9s par une bonne stabilit\u00e9 des couleurs, un pouvoir collant et une durabilit\u00e9, fabriqu\u00e9s \u00e0 partir de l&rsquo;acrylique le plus fin d\u00fb monde, utilis\u00e9 pour les couches int\u00e9rieures finales sur b\u00e9ton et ciment et gypse.<\/p>\n","protected":false},"featured_media":20082,"template":"","meta":{"_acf_changed":false},"product_brand":[],"product_cat":[3457],"product_tag":[],"designs":[3444],"class_list":{"0":"post-19906","1":"product","2":"type-product","3":"status-publish","4":"has-post-thumbnail","6":"product_cat-peintures-decoratives","7":"designs-interieure","9":"first","10":"instock","11":"product-type-simple"},"acf":[],"_links":{"self":[{"href":"https:\/\/almadinamisurata.ly\/fr\/wp-json\/wp\/v2\/product\/19906","targetHints":{"allow":["GET"]}}],"collection":[{"href":"https:\/\/almadinamisurata.ly\/fr\/wp-json\/wp\/v2\/product"}],"about":[{"href":"https:\/\/almadinamisurata.ly\/fr\/wp-json\/wp\/v2\/types\/product"}],"wp:featuredmedia":[{"embeddable":true,"href":"https:\/\/almadinamisurata.ly\/fr\/wp-json\/wp\/v2\/media\/20082"}],"wp:attachment":[{"href":"https:\/\/almadinamisurata.ly\/fr\/wp-json\/wp\/v2\/media?parent=19906"}],"wp:term":[{"taxonomy":"product_brand","embeddable":true,"href":"https:\/\/almadinamisurata.ly\/fr\/wp-json\/wp\/v2\/product_brand?post=19906"},{"taxonomy":"product_cat","embeddable":true,"href":"https:\/\/almadinamisurata.ly\/fr\/wp-json\/wp\/v2\/product_cat?post=19906"},{"taxonomy":"product_tag","embeddable":true,"href":"https:\/\/almadinamisurata.ly\/fr\/wp-json\/wp\/v2\/product_tag?post=19906"},{"taxonomy":"designs","embeddable":true,"href":"https:\/\/almadinamisurata.ly\/fr\/wp-json\/wp\/v2\/designs?post=19906"}],"curies":[{"name":"wp","href":"https:\/\/api.w.org\/{rel}","templated":true}]}}