{"id":19909,"date":"2022-09-08T08:12:22","date_gmt":"2022-09-08T08:12:22","guid":{"rendered":"https:\/\/ampsite.demo.ly\/fr\/product\/pate-decorative\/"},"modified":"2022-10-13T08:38:01","modified_gmt":"2022-10-13T08:38:01","slug":"pate-decorative","status":"publish","type":"product","link":"https:\/\/almadinamisurata.ly\/fr\/product\/pate-decorative\/","title":{"rendered":"P\u00e2te d\u00e9corative"},"content":{"rendered":"<p>Mastic d\u00e9coratif, de haute qualit\u00e9, caract\u00e9ris\u00e9e par une colle \u00e0 haut pouvoir, une excellente r\u00e9sistance \u00e0 l&rsquo;eau, une viscosit\u00e9 trop \u00e9lev\u00e9e<br \/>\ndonne la plus grande \u00e9paisseur possible sans fissures ni gouttes, donne une plus grande \u00e9paisseur de gabarit en brique<br \/>\nl&rsquo;industrie pharaonique, fabriqu\u00e9e \u00e0 partir du meilleur mat\u00e9riau au monde, utilis\u00e9 pour les couches int\u00e9rieures finales sur b\u00e9ton et<br \/>\nciment et gypse.<\/p>\n","protected":false},"excerpt":{"rendered":"<p>Mastic d\u00e9coratif, de haute qualit\u00e9, caract\u00e9ris\u00e9e par une colle \u00e0 haut pouvoir, une excellente r\u00e9sistance \u00e0 l&rsquo;eau, une viscosit\u00e9 trop \u00e9lev\u00e9e donne la plus grande \u00e9paisseur possible sans fissures ni gouttes, donne une plus grande \u00e9paisseur de gabarit en brique l&rsquo;industrie pharaonique, fabriqu\u00e9e \u00e0 partir du meilleur mat\u00e9riau au monde, utilis\u00e9 pour les couches int\u00e9rieures [&hellip;]<\/p>\n","protected":false},"featured_media":20083,"template":"","meta":{"_acf_changed":false},"product_brand":[],"product_cat":[3457],"product_tag":[],"designs":[],"class_list":{"0":"post-19909","1":"product","2":"type-product","3":"status-publish","4":"has-post-thumbnail","6":"product_cat-peintures-decoratives","8":"first","9":"instock","10":"product-type-simple"},"acf":[],"_links":{"self":[{"href":"https:\/\/almadinamisurata.ly\/fr\/wp-json\/wp\/v2\/product\/19909","targetHints":{"allow":["GET"]}}],"collection":[{"href":"https:\/\/almadinamisurata.ly\/fr\/wp-json\/wp\/v2\/product"}],"about":[{"href":"https:\/\/almadinamisurata.ly\/fr\/wp-json\/wp\/v2\/types\/product"}],"wp:featuredmedia":[{"embeddable":true,"href":"https:\/\/almadinamisurata.ly\/fr\/wp-json\/wp\/v2\/media\/20083"}],"wp:attachment":[{"href":"https:\/\/almadinamisurata.ly\/fr\/wp-json\/wp\/v2\/media?parent=19909"}],"wp:term":[{"taxonomy":"product_brand","embeddable":true,"href":"https:\/\/almadinamisurata.ly\/fr\/wp-json\/wp\/v2\/product_brand?post=19909"},{"taxonomy":"product_cat","embeddable":true,"href":"https:\/\/almadinamisurata.ly\/fr\/wp-json\/wp\/v2\/product_cat?post=19909"},{"taxonomy":"product_tag","embeddable":true,"href":"https:\/\/almadinamisurata.ly\/fr\/wp-json\/wp\/v2\/product_tag?post=19909"},{"taxonomy":"designs","embeddable":true,"href":"https:\/\/almadinamisurata.ly\/fr\/wp-json\/wp\/v2\/designs?post=19909"}],"curies":[{"name":"wp","href":"https:\/\/api.w.org\/{rel}","templated":true}]}}