{"id":19912,"date":"2022-09-08T08:12:29","date_gmt":"2022-09-08T08:12:29","guid":{"rendered":"https:\/\/ampsite.demo.ly\/fr\/product\/epoxy-msf-207\/"},"modified":"2022-10-13T08:39:39","modified_gmt":"2022-10-13T08:39:39","slug":"epoxy-msf-207","status":"publish","type":"product","link":"https:\/\/almadinamisurata.ly\/fr\/product\/epoxy-msf-207\/","title":{"rendered":"Epoxy MSF 207"},"content":{"rendered":"<p>Peinture \u00e9poxy couleur brillante autonivelante, trois compos\u00e9s, sans solvant, \u00e0 base de r\u00e9sine \u00e9poxy liquide, Selected<br \/>\npigments, quartz, ajouts, durcisseur sp\u00e9cial amin\u00e9, utilis\u00e9 pour les sols expos\u00e9s \u00e0 l&rsquo;impact des produits chimiques et<br \/>\nconditions difficiles telles que les usines chimiques Sols, usines de filature et de tissage, ateliers et distillation<br \/>\nunit\u00e9s, chaudi\u00e8res, blanchisseries et laiteries et pour les massacres, garages, centrales nucl\u00e9aires, magasins, escaliers;<br \/>\nchambres d&rsquo;h\u00f4pitaux et, installations, routes, ponts et stations d&rsquo;\u00e9puration.<br \/>\n2 composants (A+B)<br \/>\n5,50 kg &#8211; 22 kg<\/p>\n","protected":false},"excerpt":{"rendered":"<p>Peinture \u00e9poxy couleur brillante autonivelante, trois compos\u00e9s, sans solvant, \u00e0 base de r\u00e9sine \u00e9poxy liquide, Selected pigments, quartz, ajouts, durcisseur sp\u00e9cial amin\u00e9, utilis\u00e9 pour les sols expos\u00e9s \u00e0 l&rsquo;impact des produits chimiques et conditions difficiles telles que les usines chimiques Sols, usines de filature et de tissage, ateliers et distillation unit\u00e9s, chaudi\u00e8res, blanchisseries et laiteries [&hellip;]<\/p>\n","protected":false},"featured_media":15192,"template":"","meta":{"_acf_changed":false},"product_brand":[],"product_cat":[3460],"product_tag":[],"designs":[3444],"class_list":{"0":"post-19912","1":"product","2":"type-product","3":"status-publish","4":"has-post-thumbnail","6":"product_cat-peintures-epoxy","7":"designs-interieure","9":"first","10":"instock","11":"product-type-simple"},"acf":[],"_links":{"self":[{"href":"https:\/\/almadinamisurata.ly\/fr\/wp-json\/wp\/v2\/product\/19912","targetHints":{"allow":["GET"]}}],"collection":[{"href":"https:\/\/almadinamisurata.ly\/fr\/wp-json\/wp\/v2\/product"}],"about":[{"href":"https:\/\/almadinamisurata.ly\/fr\/wp-json\/wp\/v2\/types\/product"}],"wp:featuredmedia":[{"embeddable":true,"href":"https:\/\/almadinamisurata.ly\/fr\/wp-json\/wp\/v2\/media\/15192"}],"wp:attachment":[{"href":"https:\/\/almadinamisurata.ly\/fr\/wp-json\/wp\/v2\/media?parent=19912"}],"wp:term":[{"taxonomy":"product_brand","embeddable":true,"href":"https:\/\/almadinamisurata.ly\/fr\/wp-json\/wp\/v2\/product_brand?post=19912"},{"taxonomy":"product_cat","embeddable":true,"href":"https:\/\/almadinamisurata.ly\/fr\/wp-json\/wp\/v2\/product_cat?post=19912"},{"taxonomy":"product_tag","embeddable":true,"href":"https:\/\/almadinamisurata.ly\/fr\/wp-json\/wp\/v2\/product_tag?post=19912"},{"taxonomy":"designs","embeddable":true,"href":"https:\/\/almadinamisurata.ly\/fr\/wp-json\/wp\/v2\/designs?post=19912"}],"curies":[{"name":"wp","href":"https:\/\/api.w.org\/{rel}","templated":true}]}}