{"id":19915,"date":"2022-09-08T08:12:29","date_gmt":"2022-09-08T08:12:29","guid":{"rendered":"https:\/\/ampsite.demo.ly\/fr\/product\/epoxy-206-sf\/"},"modified":"2022-10-13T08:42:02","modified_gmt":"2022-10-13T08:42:02","slug":"epoxy-206-sf","status":"publish","type":"product","link":"https:\/\/almadinamisurata.ly\/fr\/product\/epoxy-206-sf\/","title":{"rendered":"Epoxy 206 SF"},"content":{"rendered":"<p>Peinture \u00e9poxy compos\u00e9e de deux nacelles, sans solvant, \u00e0 base de r\u00e9sine \u00e9poxy liquide et des pigments s\u00e9lectionn\u00e9s, r\u00e9sistante \u00e0 l&rsquo;eau<br \/>\ninfluence, humidit\u00e9 et produits chimiques, Anti-Barre, frottement et contraintes m\u00e9caniques, fabriqu\u00e9 \u00e0 partir de la mati\u00e8re premi\u00e8re la plus fine de la<br \/>\nmonde, utilis\u00e9 pour le b\u00e9ton, le ciment, les surfaces de fer, qui Est expos\u00e9 \u00e0 des conditions difficiles telles que les usines chimiques, la filature et<br \/>\ntissage, ateliers, unit\u00e9s de distillations, chaudi\u00e8res, laiteries, blanchisseries garages, centrales nucl\u00e9aires, entrep\u00f4ts, escaliers, chambres<br \/>\net les salles d&rsquo;op\u00e9ration des h\u00f4pitaux, \u00e9galement pour peindre les routes, les ponts et les stations d&rsquo;\u00e9puration, les r\u00e9servoirs de peinture et les tuyaux et machines en fer.<br \/>\nEt les structures en acier expos\u00e9es \u00e0 l&rsquo;influence d&rsquo;agents chimiques ou de conditions difficiles.<br \/>\n2 composants (A+B)<br \/>\n3,50 kg &#8211; 14 kg<\/p>\n","protected":false},"excerpt":{"rendered":"<p>Peinture \u00e9poxy compos\u00e9e de deux nacelles, sans solvant, \u00e0 base de r\u00e9sine \u00e9poxy liquide et des pigments s\u00e9lectionn\u00e9s, r\u00e9sistante \u00e0 l&rsquo;eau influence, humidit\u00e9 et produits chimiques, Anti-Barre, frottement et contraintes m\u00e9caniques, fabriqu\u00e9 \u00e0 partir de la mati\u00e8re premi\u00e8re la plus fine de la monde, utilis\u00e9 pour le b\u00e9ton, le ciment, les surfaces de fer, qui [&hellip;]<\/p>\n","protected":false},"featured_media":15192,"template":"","meta":{"_acf_changed":false},"product_brand":[],"product_cat":[3460],"product_tag":[],"designs":[3444],"class_list":{"0":"post-19915","1":"product","2":"type-product","3":"status-publish","4":"has-post-thumbnail","6":"product_cat-peintures-epoxy","7":"designs-interieure","9":"first","10":"instock","11":"product-type-simple"},"acf":[],"_links":{"self":[{"href":"https:\/\/almadinamisurata.ly\/fr\/wp-json\/wp\/v2\/product\/19915","targetHints":{"allow":["GET"]}}],"collection":[{"href":"https:\/\/almadinamisurata.ly\/fr\/wp-json\/wp\/v2\/product"}],"about":[{"href":"https:\/\/almadinamisurata.ly\/fr\/wp-json\/wp\/v2\/types\/product"}],"wp:featuredmedia":[{"embeddable":true,"href":"https:\/\/almadinamisurata.ly\/fr\/wp-json\/wp\/v2\/media\/15192"}],"wp:attachment":[{"href":"https:\/\/almadinamisurata.ly\/fr\/wp-json\/wp\/v2\/media?parent=19915"}],"wp:term":[{"taxonomy":"product_brand","embeddable":true,"href":"https:\/\/almadinamisurata.ly\/fr\/wp-json\/wp\/v2\/product_brand?post=19915"},{"taxonomy":"product_cat","embeddable":true,"href":"https:\/\/almadinamisurata.ly\/fr\/wp-json\/wp\/v2\/product_cat?post=19915"},{"taxonomy":"product_tag","embeddable":true,"href":"https:\/\/almadinamisurata.ly\/fr\/wp-json\/wp\/v2\/product_tag?post=19915"},{"taxonomy":"designs","embeddable":true,"href":"https:\/\/almadinamisurata.ly\/fr\/wp-json\/wp\/v2\/designs?post=19915"}],"curies":[{"name":"wp","href":"https:\/\/api.w.org\/{rel}","templated":true}]}}