{"id":19918,"date":"2022-09-08T08:12:29","date_gmt":"2022-09-08T08:12:29","guid":{"rendered":"https:\/\/ampsite.demo.ly\/fr\/product\/epoxy-pu-205\/"},"modified":"2022-10-13T08:44:00","modified_gmt":"2022-10-13T08:44:00","slug":"epoxy-pu-205","status":"publish","type":"product","link":"https:\/\/almadinamisurata.ly\/fr\/product\/epoxy-pu-205\/","title":{"rendered":"Epoxy PU 205"},"content":{"rendered":"<p>Peinture \u00e9poxy \u00ab\u00a0polyur\u00e9thane\u00a0\u00bb, deux compos\u00e9s, brillant, de haute qualit\u00e9, int\u00e9rieur et ext\u00e9rieur, r\u00e9sistant \u00e0 l&rsquo;influence de l&rsquo;eau<br \/>\n, \u00e0 l&rsquo;humidit\u00e9, aux intemp\u00e9ries et aux produits chimiques, R\u00e9sistant \u00e0 la corrosion, au frottement et aux contraintes m\u00e9caniques;<br \/>\n, fabriqu\u00e9 \u00e0 partir de la meilleure mati\u00e8re premi\u00e8re au monde, utilis\u00e9 sur les surfaces en b\u00e9ton, en ciment et en fer, et en bois<br \/>\nsurfaces.<\/p>\n","protected":false},"excerpt":{"rendered":"<p>Peinture \u00e9poxy \u00ab\u00a0polyur\u00e9thane\u00a0\u00bb, deux compos\u00e9s, brillant, de haute qualit\u00e9, int\u00e9rieur et ext\u00e9rieur, r\u00e9sistant \u00e0 l&rsquo;influence de l&rsquo;eau , \u00e0 l&rsquo;humidit\u00e9, aux intemp\u00e9ries et aux produits chimiques, R\u00e9sistant \u00e0 la corrosion, au frottement et aux contraintes m\u00e9caniques; , fabriqu\u00e9 \u00e0 partir de la meilleure mati\u00e8re premi\u00e8re au monde, utilis\u00e9 sur les surfaces en b\u00e9ton, en ciment [&hellip;]<\/p>\n","protected":false},"featured_media":15192,"template":"","meta":{"_acf_changed":false},"product_brand":[],"product_cat":[3460],"product_tag":[],"designs":[3444,3450],"class_list":{"0":"post-19918","1":"product","2":"type-product","3":"status-publish","4":"has-post-thumbnail","6":"product_cat-peintures-epoxy","7":"designs-interieure","8":"designs-exterieure","10":"first","11":"instock","12":"product-type-variable"},"acf":[],"_links":{"self":[{"href":"https:\/\/almadinamisurata.ly\/fr\/wp-json\/wp\/v2\/product\/19918","targetHints":{"allow":["GET"]}}],"collection":[{"href":"https:\/\/almadinamisurata.ly\/fr\/wp-json\/wp\/v2\/product"}],"about":[{"href":"https:\/\/almadinamisurata.ly\/fr\/wp-json\/wp\/v2\/types\/product"}],"wp:featuredmedia":[{"embeddable":true,"href":"https:\/\/almadinamisurata.ly\/fr\/wp-json\/wp\/v2\/media\/15192"}],"wp:attachment":[{"href":"https:\/\/almadinamisurata.ly\/fr\/wp-json\/wp\/v2\/media?parent=19918"}],"wp:term":[{"taxonomy":"product_brand","embeddable":true,"href":"https:\/\/almadinamisurata.ly\/fr\/wp-json\/wp\/v2\/product_brand?post=19918"},{"taxonomy":"product_cat","embeddable":true,"href":"https:\/\/almadinamisurata.ly\/fr\/wp-json\/wp\/v2\/product_cat?post=19918"},{"taxonomy":"product_tag","embeddable":true,"href":"https:\/\/almadinamisurata.ly\/fr\/wp-json\/wp\/v2\/product_tag?post=19918"},{"taxonomy":"designs","embeddable":true,"href":"https:\/\/almadinamisurata.ly\/fr\/wp-json\/wp\/v2\/designs?post=19918"}],"curies":[{"name":"wp","href":"https:\/\/api.w.org\/{rel}","templated":true}]}}