{"id":19922,"date":"2022-09-08T08:12:29","date_gmt":"2022-09-08T08:12:29","guid":{"rendered":"https:\/\/ampsite.demo.ly\/fr\/product\/epoxy-glass-flake\/"},"modified":"2022-10-13T08:45:27","modified_gmt":"2022-10-13T08:45:27","slug":"epoxy-glass-flake","status":"publish","type":"product","link":"https:\/\/almadinamisurata.ly\/fr\/product\/epoxy-glass-flake\/","title":{"rendered":"Epoxy glass flake"},"content":{"rendered":"<p>Sols \u00e9poxy antid\u00e9rapants Haute duret\u00e9, r\u00e9sistant \u00e0 l&rsquo;usure et \u00e0 l&rsquo;abrasion, facile \u00e0 utiliser Utilis\u00e9 pour les sols d&rsquo;usines, de gymnases, d&rsquo;entrep\u00f4ts, d&rsquo;ateliers Il peut \u00e9galement \u00eatre utilis\u00e9 comme couche alternative pour le mastic \u00e9poxy<\/p>\n","protected":false},"excerpt":{"rendered":"<p>Sols \u00e9poxy antid\u00e9rapants Haute duret\u00e9, r\u00e9sistant \u00e0 l&rsquo;usure et \u00e0 l&rsquo;abrasion, facile \u00e0 utiliser Utilis\u00e9 pour les sols d&rsquo;usines, de gymnases, d&rsquo;entrep\u00f4ts, d&rsquo;ateliers Il peut \u00e9galement \u00eatre utilis\u00e9 comme couche alternative pour le mastic \u00e9poxy<\/p>\n","protected":false},"featured_media":15192,"template":"","meta":{"_acf_changed":false},"product_brand":[],"product_cat":[3460],"product_tag":[],"designs":[3444],"class_list":{"0":"post-19922","1":"product","2":"type-product","3":"status-publish","4":"has-post-thumbnail","6":"product_cat-peintures-epoxy","7":"designs-interieure","9":"first","10":"instock","11":"product-type-simple"},"acf":[],"_links":{"self":[{"href":"https:\/\/almadinamisurata.ly\/fr\/wp-json\/wp\/v2\/product\/19922","targetHints":{"allow":["GET"]}}],"collection":[{"href":"https:\/\/almadinamisurata.ly\/fr\/wp-json\/wp\/v2\/product"}],"about":[{"href":"https:\/\/almadinamisurata.ly\/fr\/wp-json\/wp\/v2\/types\/product"}],"wp:featuredmedia":[{"embeddable":true,"href":"https:\/\/almadinamisurata.ly\/fr\/wp-json\/wp\/v2\/media\/15192"}],"wp:attachment":[{"href":"https:\/\/almadinamisurata.ly\/fr\/wp-json\/wp\/v2\/media?parent=19922"}],"wp:term":[{"taxonomy":"product_brand","embeddable":true,"href":"https:\/\/almadinamisurata.ly\/fr\/wp-json\/wp\/v2\/product_brand?post=19922"},{"taxonomy":"product_cat","embeddable":true,"href":"https:\/\/almadinamisurata.ly\/fr\/wp-json\/wp\/v2\/product_cat?post=19922"},{"taxonomy":"product_tag","embeddable":true,"href":"https:\/\/almadinamisurata.ly\/fr\/wp-json\/wp\/v2\/product_tag?post=19922"},{"taxonomy":"designs","embeddable":true,"href":"https:\/\/almadinamisurata.ly\/fr\/wp-json\/wp\/v2\/designs?post=19922"}],"curies":[{"name":"wp","href":"https:\/\/api.w.org\/{rel}","templated":true}]}}