{"id":19924,"date":"2022-09-08T08:12:29","date_gmt":"2022-09-08T08:12:29","guid":{"rendered":"https:\/\/ampsite.demo.ly\/fr\/product\/sealer-epxoy-201\/"},"modified":"2023-12-23T09:21:18","modified_gmt":"2023-12-23T09:21:18","slug":"sealer-epxoy-201","status":"publish","type":"product","link":"https:\/\/almadinamisurata.ly\/fr\/product\/sealer-epxoy-201\/","title":{"rendered":"Sealer epxoy 201"},"content":{"rendered":"<p>Peinture \u00e9poxy, Pr\u00e9paratoire, de haute qualit\u00e9, \u00ab\u00a0consistante de deux compos\u00e9s\u00a0\u00bb, remplit les pores et renforce le b\u00e9ton<br \/>\nsurfaces, pr\u00e9parer les surfaces \u00e0 recevoir suit les couches \u00e9poxy, fabriqu\u00e9es \u00e0 partir de la meilleure mati\u00e8re premi\u00e8re au monde, utilis\u00e9e pour<br \/>\nsurfaces en b\u00e9ton et en ciment.<\/p>\n","protected":false},"excerpt":{"rendered":"<p>Peinture \u00e9poxy, Pr\u00e9paratoire, de haute qualit\u00e9, \u00ab\u00a0consistante de deux compos\u00e9s\u00a0\u00bb, remplit les pores et renforce le b\u00e9ton surfaces, pr\u00e9parer les surfaces \u00e0 recevoir suit les couches \u00e9poxy, fabriqu\u00e9es \u00e0 partir de la meilleure mati\u00e8re premi\u00e8re au monde, utilis\u00e9e pour surfaces en b\u00e9ton et en ciment.<\/p>\n","protected":false},"featured_media":15192,"template":"","meta":{"_acf_changed":false},"product_brand":[],"product_cat":[3460],"product_tag":[],"designs":[3444],"class_list":{"0":"post-19924","1":"product","2":"type-product","3":"status-publish","4":"has-post-thumbnail","6":"product_cat-peintures-epoxy","7":"designs-interieure","9":"first","10":"instock","11":"product-type-simple"},"acf":[],"_links":{"self":[{"href":"https:\/\/almadinamisurata.ly\/fr\/wp-json\/wp\/v2\/product\/19924","targetHints":{"allow":["GET"]}}],"collection":[{"href":"https:\/\/almadinamisurata.ly\/fr\/wp-json\/wp\/v2\/product"}],"about":[{"href":"https:\/\/almadinamisurata.ly\/fr\/wp-json\/wp\/v2\/types\/product"}],"wp:featuredmedia":[{"embeddable":true,"href":"https:\/\/almadinamisurata.ly\/fr\/wp-json\/wp\/v2\/media\/15192"}],"wp:attachment":[{"href":"https:\/\/almadinamisurata.ly\/fr\/wp-json\/wp\/v2\/media?parent=19924"}],"wp:term":[{"taxonomy":"product_brand","embeddable":true,"href":"https:\/\/almadinamisurata.ly\/fr\/wp-json\/wp\/v2\/product_brand?post=19924"},{"taxonomy":"product_cat","embeddable":true,"href":"https:\/\/almadinamisurata.ly\/fr\/wp-json\/wp\/v2\/product_cat?post=19924"},{"taxonomy":"product_tag","embeddable":true,"href":"https:\/\/almadinamisurata.ly\/fr\/wp-json\/wp\/v2\/product_tag?post=19924"},{"taxonomy":"designs","embeddable":true,"href":"https:\/\/almadinamisurata.ly\/fr\/wp-json\/wp\/v2\/designs?post=19924"}],"curies":[{"name":"wp","href":"https:\/\/api.w.org\/{rel}","templated":true}]}}