{"id":19928,"date":"2022-09-08T08:12:29","date_gmt":"2022-09-08T08:12:29","guid":{"rendered":"https:\/\/ampsite.demo.ly\/fr\/product\/epoxy-putty\/"},"modified":"2022-10-13T08:47:17","modified_gmt":"2022-10-13T08:47:17","slug":"epoxy-putty","status":"publish","type":"product","link":"https:\/\/almadinamisurata.ly\/fr\/product\/epoxy-putty\/","title":{"rendered":"Epoxy putty"},"content":{"rendered":"<p>mastic adh\u00e9sif \u00e9poxy non r\u00e9tractable mastic \u00e9poxy \u00e0 deux composants de bonne qualit\u00e9<\/p>\n","protected":false},"excerpt":{"rendered":"<p>mastic adh\u00e9sif \u00e9poxy non r\u00e9tractable mastic \u00e9poxy \u00e0 deux composants de bonne qualit\u00e9<\/p>\n","protected":false},"featured_media":15192,"template":"","meta":{"_acf_changed":false},"product_brand":[],"product_cat":[3460],"product_tag":[],"designs":[3444],"class_list":{"0":"post-19928","1":"product","2":"type-product","3":"status-publish","4":"has-post-thumbnail","6":"product_cat-peintures-epoxy","7":"designs-interieure","9":"first","10":"instock","11":"product-type-simple"},"acf":[],"_links":{"self":[{"href":"https:\/\/almadinamisurata.ly\/fr\/wp-json\/wp\/v2\/product\/19928","targetHints":{"allow":["GET"]}}],"collection":[{"href":"https:\/\/almadinamisurata.ly\/fr\/wp-json\/wp\/v2\/product"}],"about":[{"href":"https:\/\/almadinamisurata.ly\/fr\/wp-json\/wp\/v2\/types\/product"}],"wp:featuredmedia":[{"embeddable":true,"href":"https:\/\/almadinamisurata.ly\/fr\/wp-json\/wp\/v2\/media\/15192"}],"wp:attachment":[{"href":"https:\/\/almadinamisurata.ly\/fr\/wp-json\/wp\/v2\/media?parent=19928"}],"wp:term":[{"taxonomy":"product_brand","embeddable":true,"href":"https:\/\/almadinamisurata.ly\/fr\/wp-json\/wp\/v2\/product_brand?post=19928"},{"taxonomy":"product_cat","embeddable":true,"href":"https:\/\/almadinamisurata.ly\/fr\/wp-json\/wp\/v2\/product_cat?post=19928"},{"taxonomy":"product_tag","embeddable":true,"href":"https:\/\/almadinamisurata.ly\/fr\/wp-json\/wp\/v2\/product_tag?post=19928"},{"taxonomy":"designs","embeddable":true,"href":"https:\/\/almadinamisurata.ly\/fr\/wp-json\/wp\/v2\/designs?post=19928"}],"curies":[{"name":"wp","href":"https:\/\/api.w.org\/{rel}","templated":true}]}}