{"id":19931,"date":"2022-09-08T08:12:29","date_gmt":"2022-09-08T08:12:29","guid":{"rendered":"https:\/\/ampsite.demo.ly\/fr\/product\/epoxy-3d\/"},"modified":"2022-10-13T08:48:58","modified_gmt":"2022-10-13T08:48:58","slug":"epoxy-3d","status":"publish","type":"product","link":"https:\/\/almadinamisurata.ly\/fr\/product\/epoxy-3d\/","title":{"rendered":"Epoxy 3D"},"content":{"rendered":"<p>Le vernis \u00e9poxy a une haute transparence et une haute brillance et une r\u00e9sistance \u00e0 l&rsquo;eau.<br \/>\nSont deux composants vides de solvant apr\u00e8s son application, donnez une couche de verre brillante et transparente en utilisant<br \/>\nau-dessus de l&rsquo;image des \u00e9tages 3\u00a0d.<br \/>\nUniquement pour une utilisation interne et peut-\u00eatre utilis\u00e9e comme adh\u00e9sif pour l&rsquo;image des sols 3ds et \u00e9galement comme mastic \u00e9poxy apr\u00e8s l&rsquo;ajout<br \/>\ncarbonate de calcium utilis\u00e9 comme bris de carreaux de c\u00e9ramique.<\/p>\n","protected":false},"excerpt":{"rendered":"<p>Le vernis \u00e9poxy a une haute transparence et une haute brillance et une r\u00e9sistance \u00e0 l&rsquo;eau. Sont deux composants vides de solvant apr\u00e8s son application, donnez une couche de verre brillante et transparente en utilisant au-dessus de l&rsquo;image des \u00e9tages 3\u00a0d. Uniquement pour une utilisation interne et peut-\u00eatre utilis\u00e9e comme adh\u00e9sif pour l&rsquo;image des sols [&hellip;]<\/p>\n","protected":false},"featured_media":15192,"template":"","meta":{"_acf_changed":false},"product_brand":[],"product_cat":[3460],"product_tag":[],"designs":[3444],"class_list":{"0":"post-19931","1":"product","2":"type-product","3":"status-publish","4":"has-post-thumbnail","6":"product_cat-peintures-epoxy","7":"designs-interieure","9":"first","10":"instock","11":"product-type-simple"},"acf":[],"_links":{"self":[{"href":"https:\/\/almadinamisurata.ly\/fr\/wp-json\/wp\/v2\/product\/19931","targetHints":{"allow":["GET"]}}],"collection":[{"href":"https:\/\/almadinamisurata.ly\/fr\/wp-json\/wp\/v2\/product"}],"about":[{"href":"https:\/\/almadinamisurata.ly\/fr\/wp-json\/wp\/v2\/types\/product"}],"wp:featuredmedia":[{"embeddable":true,"href":"https:\/\/almadinamisurata.ly\/fr\/wp-json\/wp\/v2\/media\/15192"}],"wp:attachment":[{"href":"https:\/\/almadinamisurata.ly\/fr\/wp-json\/wp\/v2\/media?parent=19931"}],"wp:term":[{"taxonomy":"product_brand","embeddable":true,"href":"https:\/\/almadinamisurata.ly\/fr\/wp-json\/wp\/v2\/product_brand?post=19931"},{"taxonomy":"product_cat","embeddable":true,"href":"https:\/\/almadinamisurata.ly\/fr\/wp-json\/wp\/v2\/product_cat?post=19931"},{"taxonomy":"product_tag","embeddable":true,"href":"https:\/\/almadinamisurata.ly\/fr\/wp-json\/wp\/v2\/product_tag?post=19931"},{"taxonomy":"designs","embeddable":true,"href":"https:\/\/almadinamisurata.ly\/fr\/wp-json\/wp\/v2\/designs?post=19931"}],"curies":[{"name":"wp","href":"https:\/\/api.w.org\/{rel}","templated":true}]}}