{"id":19934,"date":"2022-09-08T08:12:29","date_gmt":"2022-09-08T08:12:29","guid":{"rendered":"https:\/\/ampsite.demo.ly\/fr\/product\/epoxy-morter-putty\/"},"modified":"2023-12-23T09:26:48","modified_gmt":"2023-12-23T09:26:48","slug":"epoxy-morter-putty","status":"publish","type":"product","link":"https:\/\/almadinamisurata.ly\/fr\/product\/epoxy-morter-putty\/","title":{"rendered":"Epoxy morter putty"},"content":{"rendered":"<p>Mastic adh\u00e9sif \u00e9poxy non r\u00e9tractable Mastic \u00e9poxy \u00e0 deux composants de bonne qualit\u00e9<br \/>\nPour lisser les enduits \u00e0 base de ciment et les murs en b\u00e9ton avant l&rsquo;application de peintures \u00e9poxy<br \/>\nR\u00e9parez les bords et les coins des escaliers, des poutres et des colonnes.<br \/>\nRemplir et r\u00e9parer les fissures et les vides dans les b\u00e9tons.<\/p>\n","protected":false},"excerpt":{"rendered":"<p>Mastic adh\u00e9sif \u00e9poxy non r\u00e9tractable Mastic \u00e9poxy \u00e0 deux composants de bonne qualit\u00e9 Pour lisser les enduits \u00e0 base de ciment et les murs en b\u00e9ton avant l&rsquo;application de peintures \u00e9poxy R\u00e9parez les bords et les coins des escaliers, des poutres et des colonnes. Remplir et r\u00e9parer les fissures et les vides dans les b\u00e9tons.<\/p>\n","protected":false},"featured_media":20084,"template":"","meta":{"_acf_changed":false},"product_brand":[],"product_cat":[3460],"product_tag":[],"designs":[3444,3450],"class_list":{"0":"post-19934","1":"product","2":"type-product","3":"status-publish","4":"has-post-thumbnail","6":"product_cat-peintures-epoxy","7":"designs-interieure","8":"designs-exterieure","10":"first","11":"instock","12":"product-type-simple"},"acf":[],"_links":{"self":[{"href":"https:\/\/almadinamisurata.ly\/fr\/wp-json\/wp\/v2\/product\/19934","targetHints":{"allow":["GET"]}}],"collection":[{"href":"https:\/\/almadinamisurata.ly\/fr\/wp-json\/wp\/v2\/product"}],"about":[{"href":"https:\/\/almadinamisurata.ly\/fr\/wp-json\/wp\/v2\/types\/product"}],"wp:featuredmedia":[{"embeddable":true,"href":"https:\/\/almadinamisurata.ly\/fr\/wp-json\/wp\/v2\/media\/20084"}],"wp:attachment":[{"href":"https:\/\/almadinamisurata.ly\/fr\/wp-json\/wp\/v2\/media?parent=19934"}],"wp:term":[{"taxonomy":"product_brand","embeddable":true,"href":"https:\/\/almadinamisurata.ly\/fr\/wp-json\/wp\/v2\/product_brand?post=19934"},{"taxonomy":"product_cat","embeddable":true,"href":"https:\/\/almadinamisurata.ly\/fr\/wp-json\/wp\/v2\/product_cat?post=19934"},{"taxonomy":"product_tag","embeddable":true,"href":"https:\/\/almadinamisurata.ly\/fr\/wp-json\/wp\/v2\/product_tag?post=19934"},{"taxonomy":"designs","embeddable":true,"href":"https:\/\/almadinamisurata.ly\/fr\/wp-json\/wp\/v2\/designs?post=19934"}],"curies":[{"name":"wp","href":"https:\/\/api.w.org\/{rel}","templated":true}]}}