{"id":19937,"date":"2022-09-08T08:12:29","date_gmt":"2022-09-08T08:12:29","guid":{"rendered":"https:\/\/ampsite.demo.ly\/fr\/product\/epoxy-antirouille-znp\/"},"modified":"2022-10-13T08:49:36","modified_gmt":"2022-10-13T08:49:36","slug":"epoxy-antirouille-znp","status":"publish","type":"product","link":"https:\/\/almadinamisurata.ly\/fr\/product\/epoxy-antirouille-znp\/","title":{"rendered":"\u00c9poxy Antirouille ZNP"},"content":{"rendered":"<p>La peinture \u00e9poxy est une finition structurale haut de gamme r\u00e9sistante \u00e0 la corrosion et \u00e0 la corrosion du fer et de l&rsquo;acier<br \/>\nUn solvant \u00e0 base de solvant \u00e0 deux composants \u00e0 base de r\u00e9sines \u00e9poxy et d&rsquo;un acide amin\u00e9 sp\u00e9cial<br \/>\nEt des granul\u00e9s de phosphate de zinc<\/p>\n","protected":false},"excerpt":{"rendered":"<p>La peinture \u00e9poxy est une finition structurale haut de gamme r\u00e9sistante \u00e0 la corrosion et \u00e0 la corrosion du fer et de l&rsquo;acier Un solvant \u00e0 base de solvant \u00e0 deux composants \u00e0 base de r\u00e9sines \u00e9poxy et d&rsquo;un acide amin\u00e9 sp\u00e9cial Et des granul\u00e9s de phosphate de zinc<\/p>\n","protected":false},"featured_media":15192,"template":"","meta":{"_acf_changed":false},"product_brand":[],"product_cat":[3460],"product_tag":[],"designs":[3444,3450],"class_list":{"0":"post-19937","1":"product","2":"type-product","3":"status-publish","4":"has-post-thumbnail","6":"product_cat-peintures-epoxy","7":"designs-interieure","8":"designs-exterieure","10":"first","11":"instock","12":"product-type-simple"},"acf":[],"_links":{"self":[{"href":"https:\/\/almadinamisurata.ly\/fr\/wp-json\/wp\/v2\/product\/19937","targetHints":{"allow":["GET"]}}],"collection":[{"href":"https:\/\/almadinamisurata.ly\/fr\/wp-json\/wp\/v2\/product"}],"about":[{"href":"https:\/\/almadinamisurata.ly\/fr\/wp-json\/wp\/v2\/types\/product"}],"wp:featuredmedia":[{"embeddable":true,"href":"https:\/\/almadinamisurata.ly\/fr\/wp-json\/wp\/v2\/media\/15192"}],"wp:attachment":[{"href":"https:\/\/almadinamisurata.ly\/fr\/wp-json\/wp\/v2\/media?parent=19937"}],"wp:term":[{"taxonomy":"product_brand","embeddable":true,"href":"https:\/\/almadinamisurata.ly\/fr\/wp-json\/wp\/v2\/product_brand?post=19937"},{"taxonomy":"product_cat","embeddable":true,"href":"https:\/\/almadinamisurata.ly\/fr\/wp-json\/wp\/v2\/product_cat?post=19937"},{"taxonomy":"product_tag","embeddable":true,"href":"https:\/\/almadinamisurata.ly\/fr\/wp-json\/wp\/v2\/product_tag?post=19937"},{"taxonomy":"designs","embeddable":true,"href":"https:\/\/almadinamisurata.ly\/fr\/wp-json\/wp\/v2\/designs?post=19937"}],"curies":[{"name":"wp","href":"https:\/\/api.w.org\/{rel}","templated":true}]}}