{"id":19940,"date":"2022-09-08T08:12:35","date_gmt":"2022-09-08T08:12:35","guid":{"rendered":"https:\/\/ampsite.demo.ly\/fr\/product\/epoxy-resin-210\/"},"modified":"2022-10-13T08:38:57","modified_gmt":"2022-10-13T08:38:57","slug":"epoxy-resin-210","status":"publish","type":"product","link":"https:\/\/almadinamisurata.ly\/fr\/product\/epoxy-resin-210\/","title":{"rendered":"Epoxy resin 210"},"content":{"rendered":"<p>R\u00e9sine \u00e9poxy pour coul\u00e9e de moules pour antiquit\u00e9s<br \/>\nTableaux et accessoires<br \/>\nIl donne une grande transparence comme le cristal<\/p>\n","protected":false},"excerpt":{"rendered":"<p>R\u00e9sine \u00e9poxy pour coul\u00e9e de moules pour antiquit\u00e9s Tableaux et accessoires Il donne une grande transparence comme le cristal<\/p>\n","protected":false},"featured_media":15193,"template":"","meta":{"_acf_changed":false},"product_brand":[],"product_cat":[3460],"product_tag":[],"designs":[],"class_list":{"0":"post-19940","1":"product","2":"type-product","3":"status-publish","4":"has-post-thumbnail","6":"product_cat-peintures-epoxy","8":"first","9":"instock","10":"product-type-variable"},"acf":[],"_links":{"self":[{"href":"https:\/\/almadinamisurata.ly\/fr\/wp-json\/wp\/v2\/product\/19940","targetHints":{"allow":["GET"]}}],"collection":[{"href":"https:\/\/almadinamisurata.ly\/fr\/wp-json\/wp\/v2\/product"}],"about":[{"href":"https:\/\/almadinamisurata.ly\/fr\/wp-json\/wp\/v2\/types\/product"}],"wp:featuredmedia":[{"embeddable":true,"href":"https:\/\/almadinamisurata.ly\/fr\/wp-json\/wp\/v2\/media\/15193"}],"wp:attachment":[{"href":"https:\/\/almadinamisurata.ly\/fr\/wp-json\/wp\/v2\/media?parent=19940"}],"wp:term":[{"taxonomy":"product_brand","embeddable":true,"href":"https:\/\/almadinamisurata.ly\/fr\/wp-json\/wp\/v2\/product_brand?post=19940"},{"taxonomy":"product_cat","embeddable":true,"href":"https:\/\/almadinamisurata.ly\/fr\/wp-json\/wp\/v2\/product_cat?post=19940"},{"taxonomy":"product_tag","embeddable":true,"href":"https:\/\/almadinamisurata.ly\/fr\/wp-json\/wp\/v2\/product_tag?post=19940"},{"taxonomy":"designs","embeddable":true,"href":"https:\/\/almadinamisurata.ly\/fr\/wp-json\/wp\/v2\/designs?post=19940"}],"curies":[{"name":"wp","href":"https:\/\/api.w.org\/{rel}","templated":true}]}}