{"id":19944,"date":"2022-09-08T08:12:35","date_gmt":"2022-09-08T08:12:35","guid":{"rendered":"https:\/\/ampsite.demo.ly\/fr\/product\/almadina-misurata-putty\/"},"modified":"2023-11-26T10:55:18","modified_gmt":"2023-11-26T10:55:18","slug":"almadina-misurata-putty","status":"publish","type":"product","link":"https:\/\/almadinamisurata.ly\/fr\/product\/almadina-misurata-putty\/","title":{"rendered":"Almadina misurata putty"},"content":{"rendered":"<p>Mastic acrylique d&rsquo;int\u00e9rieur de haute qualit\u00e9 facile \u00e0 appliquer et offrant d&rsquo;excellentes propri\u00e9t\u00e9s de remplissage et de duret\u00e9 apr\u00e8s s\u00e9chage, \u00e0 appliquer avant d&rsquo;utiliser tout type de peinture en \u00e9mulsion\u00a0\u00bb ou \u00ab\u00a0peintures alkydes\u00a0\u00bb pour aplanir le mur pour qu&rsquo;il devienne lisse et facile \u00e0 peindre<\/p>\n","protected":false},"excerpt":{"rendered":"<p>Mastic acrylique d&rsquo;int\u00e9rieur de haute qualit\u00e9 facile \u00e0 appliquer et offrant d&rsquo;excellentes propri\u00e9t\u00e9s de remplissage et de duret\u00e9 apr\u00e8s s\u00e9chage, \u00e0 appliquer avant d&rsquo;utiliser tout type de peinture en \u00e9mulsion\u00a0\u00bb ou \u00ab\u00a0peintures alkydes\u00a0\u00bb pour aplanir le mur pour qu&rsquo;il devienne lisse et facile \u00e0 peindre<\/p>\n","protected":false},"featured_media":20208,"template":"","meta":{"_acf_changed":false},"product_brand":[],"product_cat":[3462],"product_tag":[],"designs":[3444],"class_list":{"0":"post-19944","1":"product","2":"type-product","3":"status-publish","4":"has-post-thumbnail","6":"product_cat-pates","7":"designs-interieure","9":"first","10":"instock","11":"product-type-variable"},"acf":[],"_links":{"self":[{"href":"https:\/\/almadinamisurata.ly\/fr\/wp-json\/wp\/v2\/product\/19944","targetHints":{"allow":["GET"]}}],"collection":[{"href":"https:\/\/almadinamisurata.ly\/fr\/wp-json\/wp\/v2\/product"}],"about":[{"href":"https:\/\/almadinamisurata.ly\/fr\/wp-json\/wp\/v2\/types\/product"}],"wp:featuredmedia":[{"embeddable":true,"href":"https:\/\/almadinamisurata.ly\/fr\/wp-json\/wp\/v2\/media\/20208"}],"wp:attachment":[{"href":"https:\/\/almadinamisurata.ly\/fr\/wp-json\/wp\/v2\/media?parent=19944"}],"wp:term":[{"taxonomy":"product_brand","embeddable":true,"href":"https:\/\/almadinamisurata.ly\/fr\/wp-json\/wp\/v2\/product_brand?post=19944"},{"taxonomy":"product_cat","embeddable":true,"href":"https:\/\/almadinamisurata.ly\/fr\/wp-json\/wp\/v2\/product_cat?post=19944"},{"taxonomy":"product_tag","embeddable":true,"href":"https:\/\/almadinamisurata.ly\/fr\/wp-json\/wp\/v2\/product_tag?post=19944"},{"taxonomy":"designs","embeddable":true,"href":"https:\/\/almadinamisurata.ly\/fr\/wp-json\/wp\/v2\/designs?post=19944"}],"curies":[{"name":"wp","href":"https:\/\/api.w.org\/{rel}","templated":true}]}}