{"id":19953,"date":"2022-09-08T08:12:35","date_gmt":"2022-09-08T08:12:35","guid":{"rendered":"https:\/\/ampsite.demo.ly\/fr\/product\/almotamiz-120\/"},"modified":"2022-10-04T13:44:34","modified_gmt":"2022-10-04T13:44:34","slug":"almotamiz-120","status":"publish","type":"product","link":"https:\/\/almadinamisurata.ly\/fr\/product\/almotamiz-120\/","title":{"rendered":"Almotamiz 120"},"content":{"rendered":"<p>C&rsquo;est une p\u00e2te de gypse sous forme de poudre de haute qualit\u00e9 compos\u00e9e des meilleurs mat\u00e9riaux internationaux pour donner une surface lisse, une forte adh\u00e9rence, une facilit\u00e9 d&rsquo;\u00e9talement et le pouvoir de remplissage du poison de diverses surfaces, apr\u00e8s m\u00e9lange avec de l&rsquo;eau<\/p>\n","protected":false},"excerpt":{"rendered":"<p>C&rsquo;est une p\u00e2te de gypse sous forme de poudre de haute qualit\u00e9 compos\u00e9e des meilleurs mat\u00e9riaux internationaux pour donner une surface lisse, une forte adh\u00e9rence, une facilit\u00e9 d&rsquo;\u00e9talement et le pouvoir de remplissage du poison de diverses surfaces, apr\u00e8s m\u00e9lange avec de l&rsquo;eau<\/p>\n","protected":false},"featured_media":18265,"template":"","meta":{"_acf_changed":false},"product_brand":[],"product_cat":[3462],"product_tag":[],"designs":[3444,3450],"class_list":{"0":"post-19953","1":"product","2":"type-product","3":"status-publish","4":"has-post-thumbnail","6":"product_cat-pates","7":"designs-interieure","8":"designs-exterieure","10":"first","11":"instock","12":"product-type-simple"},"acf":[],"_links":{"self":[{"href":"https:\/\/almadinamisurata.ly\/fr\/wp-json\/wp\/v2\/product\/19953","targetHints":{"allow":["GET"]}}],"collection":[{"href":"https:\/\/almadinamisurata.ly\/fr\/wp-json\/wp\/v2\/product"}],"about":[{"href":"https:\/\/almadinamisurata.ly\/fr\/wp-json\/wp\/v2\/types\/product"}],"wp:featuredmedia":[{"embeddable":true,"href":"https:\/\/almadinamisurata.ly\/fr\/wp-json\/wp\/v2\/media\/18265"}],"wp:attachment":[{"href":"https:\/\/almadinamisurata.ly\/fr\/wp-json\/wp\/v2\/media?parent=19953"}],"wp:term":[{"taxonomy":"product_brand","embeddable":true,"href":"https:\/\/almadinamisurata.ly\/fr\/wp-json\/wp\/v2\/product_brand?post=19953"},{"taxonomy":"product_cat","embeddable":true,"href":"https:\/\/almadinamisurata.ly\/fr\/wp-json\/wp\/v2\/product_cat?post=19953"},{"taxonomy":"product_tag","embeddable":true,"href":"https:\/\/almadinamisurata.ly\/fr\/wp-json\/wp\/v2\/product_tag?post=19953"},{"taxonomy":"designs","embeddable":true,"href":"https:\/\/almadinamisurata.ly\/fr\/wp-json\/wp\/v2\/designs?post=19953"}],"curies":[{"name":"wp","href":"https:\/\/api.w.org\/{rel}","templated":true}]}}