{"id":19956,"date":"2022-09-08T08:12:35","date_gmt":"2022-09-08T08:12:35","guid":{"rendered":"https:\/\/ampsite.demo.ly\/fr\/product\/mastic-de-fissures\/"},"modified":"2022-10-13T09:09:50","modified_gmt":"2022-10-13T09:09:50","slug":"mastic-de-fissures","status":"publish","type":"product","link":"https:\/\/almadinamisurata.ly\/fr\/product\/mastic-de-fissures\/","title":{"rendered":"mastic de fissures"},"content":{"rendered":"<p>Mastic de rebouchage, caoutchouteux, \u00e0 base d&rsquo;acrylique, ne contient pas d&rsquo;amiante, de haute qualit\u00e9, facile \u00e0 utiliser, donne une surface lisse, r\u00e9sistant \u00e0 la lumi\u00e8re du soleil et aux facteurs externes, utilis\u00e9 pour r\u00e9parer les fissures et les entretoises entre les murs, utilis\u00e9 sur les surfaces b\u00e9ton, ciment et gypse.<\/p>\n","protected":false},"excerpt":{"rendered":"<p>Mastic de rebouchage, caoutchouteux, \u00e0 base d&rsquo;acrylique, ne contient pas d&rsquo;amiante, de haute qualit\u00e9, facile \u00e0 utiliser, donne une surface lisse, r\u00e9sistant \u00e0 la lumi\u00e8re du soleil et aux facteurs externes, utilis\u00e9 pour r\u00e9parer les fissures et les entretoises entre les murs, utilis\u00e9 sur les surfaces b\u00e9ton, ciment et gypse.<\/p>\n","protected":false},"featured_media":20086,"template":"","meta":{"_acf_changed":false},"product_brand":[],"product_cat":[3462],"product_tag":[],"designs":[3444,3450],"class_list":{"0":"post-19956","1":"product","2":"type-product","3":"status-publish","4":"has-post-thumbnail","6":"product_cat-pates","7":"designs-interieure","8":"designs-exterieure","10":"first","11":"instock","12":"product-type-simple"},"acf":[],"_links":{"self":[{"href":"https:\/\/almadinamisurata.ly\/fr\/wp-json\/wp\/v2\/product\/19956","targetHints":{"allow":["GET"]}}],"collection":[{"href":"https:\/\/almadinamisurata.ly\/fr\/wp-json\/wp\/v2\/product"}],"about":[{"href":"https:\/\/almadinamisurata.ly\/fr\/wp-json\/wp\/v2\/types\/product"}],"wp:featuredmedia":[{"embeddable":true,"href":"https:\/\/almadinamisurata.ly\/fr\/wp-json\/wp\/v2\/media\/20086"}],"wp:attachment":[{"href":"https:\/\/almadinamisurata.ly\/fr\/wp-json\/wp\/v2\/media?parent=19956"}],"wp:term":[{"taxonomy":"product_brand","embeddable":true,"href":"https:\/\/almadinamisurata.ly\/fr\/wp-json\/wp\/v2\/product_brand?post=19956"},{"taxonomy":"product_cat","embeddable":true,"href":"https:\/\/almadinamisurata.ly\/fr\/wp-json\/wp\/v2\/product_cat?post=19956"},{"taxonomy":"product_tag","embeddable":true,"href":"https:\/\/almadinamisurata.ly\/fr\/wp-json\/wp\/v2\/product_tag?post=19956"},{"taxonomy":"designs","embeddable":true,"href":"https:\/\/almadinamisurata.ly\/fr\/wp-json\/wp\/v2\/designs?post=19956"}],"curies":[{"name":"wp","href":"https:\/\/api.w.org\/{rel}","templated":true}]}}