{"id":19963,"date":"2022-09-08T08:12:35","date_gmt":"2022-09-08T08:12:35","guid":{"rendered":"https:\/\/ampsite.demo.ly\/fr\/product\/mastic-pour-plaques-de-platre\/"},"modified":"2022-09-08T09:37:34","modified_gmt":"2022-09-08T09:37:34","slug":"mastic-pour-plaques-de-platre","status":"publish","type":"product","link":"https:\/\/almadinamisurata.ly\/fr\/product\/mastic-pour-plaques-de-platre\/","title":{"rendered":"mastic pour plaques de pl\u00e2tre"},"content":{"rendered":"<p>Mastic acrylique de haute qualit\u00e9, con\u00e7u pour un usage interne, ce produit est con\u00e7u pour \u00eatre utilis\u00e9 sur des panneaux de gypse pour combler les espaces et les al\u00e9sages entre les panneaux et il a une forte capacit\u00e9 d&rsquo;adh\u00e9rence, un s\u00e9chage rapide, facile \u00e0 appliquer, apr\u00e8s application, vous pouvez peigner la surface avec des peintures \u00e0 base d&rsquo;\u00e9mulsion ou d&rsquo;alkyde, elles sont \u00e9galement utilis\u00e9es pour consolider et r\u00e9gler la surface des panneaux de gypse, et elles peuvent \u00eatre utilis\u00e9es sur des surfaces en ciment pour combler les lacunes<\/p>\n","protected":false},"excerpt":{"rendered":"<p>Mastic acrylique de haute qualit\u00e9, con\u00e7u pour un usage interne, ce produit est con\u00e7u pour \u00eatre utilis\u00e9 sur des panneaux de gypse pour combler les espaces et les al\u00e9sages entre les panneaux et il a une forte capacit\u00e9 d&rsquo;adh\u00e9rence, un s\u00e9chage rapide, facile \u00e0 appliquer, apr\u00e8s application, vous pouvez peigner la surface avec des peintures [&hellip;]<\/p>\n","protected":false},"featured_media":18278,"template":"","meta":{"_acf_changed":false},"product_brand":[],"product_cat":[3462],"product_tag":[],"designs":[3444],"class_list":{"0":"post-19963","1":"product","2":"type-product","3":"status-publish","4":"has-post-thumbnail","6":"product_cat-pates","7":"designs-interieure","9":"first","10":"instock","11":"product-type-simple"},"acf":[],"_links":{"self":[{"href":"https:\/\/almadinamisurata.ly\/fr\/wp-json\/wp\/v2\/product\/19963","targetHints":{"allow":["GET"]}}],"collection":[{"href":"https:\/\/almadinamisurata.ly\/fr\/wp-json\/wp\/v2\/product"}],"about":[{"href":"https:\/\/almadinamisurata.ly\/fr\/wp-json\/wp\/v2\/types\/product"}],"wp:featuredmedia":[{"embeddable":true,"href":"https:\/\/almadinamisurata.ly\/fr\/wp-json\/wp\/v2\/media\/18278"}],"wp:attachment":[{"href":"https:\/\/almadinamisurata.ly\/fr\/wp-json\/wp\/v2\/media?parent=19963"}],"wp:term":[{"taxonomy":"product_brand","embeddable":true,"href":"https:\/\/almadinamisurata.ly\/fr\/wp-json\/wp\/v2\/product_brand?post=19963"},{"taxonomy":"product_cat","embeddable":true,"href":"https:\/\/almadinamisurata.ly\/fr\/wp-json\/wp\/v2\/product_cat?post=19963"},{"taxonomy":"product_tag","embeddable":true,"href":"https:\/\/almadinamisurata.ly\/fr\/wp-json\/wp\/v2\/product_tag?post=19963"},{"taxonomy":"designs","embeddable":true,"href":"https:\/\/almadinamisurata.ly\/fr\/wp-json\/wp\/v2\/designs?post=19963"}],"curies":[{"name":"wp","href":"https:\/\/api.w.org\/{rel}","templated":true}]}}