{"id":19966,"date":"2022-09-08T08:12:41","date_gmt":"2022-09-08T08:12:41","guid":{"rendered":"https:\/\/ampsite.demo.ly\/fr\/product\/thinner-lacquer\/"},"modified":"2023-12-21T11:57:30","modified_gmt":"2023-12-21T11:57:30","slug":"thinner-lacquer","status":"publish","type":"product","link":"https:\/\/almadinamisurata.ly\/fr\/product\/thinner-lacquer\/","title":{"rendered":"Thinner Lacquer"},"content":{"rendered":"<p>Diluant acrylique fabriqu\u00e9 \u00e0 partir des meilleurs types de r\u00e9solveurs, utilis\u00e9s pour diluer tous les types de peintures,<br \/>\nAlkyde, Nitro-cellulose Acrylique et certains types d&rsquo;\u00e9poxy, ainsi que le nettoyage de tous les outils de peinture comme la peinture<br \/>\npinceau, rouleau et pistolet.<br \/>\nSa capacit\u00e9 de dilution est tr\u00e8s grande pour rendre les peintures faciles \u00e0 appliquer sans affecter la brillance et sans<br \/>\nprovoquant des d\u00e9fauts apr\u00e8s s\u00e9chage.<\/p>\n","protected":false},"excerpt":{"rendered":"<p>Diluant acrylique fabriqu\u00e9 \u00e0 partir des meilleurs types de r\u00e9solveurs, utilis\u00e9s pour diluer tous les types de peintures, Alkyde, Nitro-cellulose Acrylique et certains types d&rsquo;\u00e9poxy, ainsi que le nettoyage de tous les outils de peinture comme la peinture pinceau, rouleau et pistolet. Sa capacit\u00e9 de dilution est tr\u00e8s grande pour rendre les peintures faciles \u00e0 [&hellip;]<\/p>\n","protected":false},"featured_media":20245,"template":"","meta":{"_acf_changed":false},"product_brand":[],"product_cat":[3463],"product_tag":[],"designs":[],"class_list":{"0":"post-19966","1":"product","2":"type-product","3":"status-publish","4":"has-post-thumbnail","6":"product_cat-solvant","8":"first","9":"instock","10":"product-type-variable"},"acf":[],"_links":{"self":[{"href":"https:\/\/almadinamisurata.ly\/fr\/wp-json\/wp\/v2\/product\/19966","targetHints":{"allow":["GET"]}}],"collection":[{"href":"https:\/\/almadinamisurata.ly\/fr\/wp-json\/wp\/v2\/product"}],"about":[{"href":"https:\/\/almadinamisurata.ly\/fr\/wp-json\/wp\/v2\/types\/product"}],"wp:featuredmedia":[{"embeddable":true,"href":"https:\/\/almadinamisurata.ly\/fr\/wp-json\/wp\/v2\/media\/20245"}],"wp:attachment":[{"href":"https:\/\/almadinamisurata.ly\/fr\/wp-json\/wp\/v2\/media?parent=19966"}],"wp:term":[{"taxonomy":"product_brand","embeddable":true,"href":"https:\/\/almadinamisurata.ly\/fr\/wp-json\/wp\/v2\/product_brand?post=19966"},{"taxonomy":"product_cat","embeddable":true,"href":"https:\/\/almadinamisurata.ly\/fr\/wp-json\/wp\/v2\/product_cat?post=19966"},{"taxonomy":"product_tag","embeddable":true,"href":"https:\/\/almadinamisurata.ly\/fr\/wp-json\/wp\/v2\/product_tag?post=19966"},{"taxonomy":"designs","embeddable":true,"href":"https:\/\/almadinamisurata.ly\/fr\/wp-json\/wp\/v2\/designs?post=19966"}],"curies":[{"name":"wp","href":"https:\/\/api.w.org\/{rel}","templated":true}]}}